{"id":71,"date":"2025-04-29T00:11:47","date_gmt":"2025-04-29T04:11:47","guid":{"rendered":"https:\/\/vcs-inc.org\/?page_id=71"},"modified":"2025-06-12T09:25:35","modified_gmt":"2025-06-12T13:25:35","slug":"testimonials","status":"publish","type":"page","link":"https:\/\/vcs-inc.org\/ht\/testimonials\/","title":{"rendered":"Temwayaj"},"content":{"rendered":"<!-- Breadcrumb NavXT 7.4.1 -->\n<a property=\"item\" typeof=\"WebPage\" title=\"Ale nan S\u00e8vis Kons\u00e8y pou Volont\u00e8.\" href=\"https:\/\/vcs-inc.org\/ht\/\">S\u00e8vis Kons\u00e8y Volont\u00e8<\/a><meta property=\"position\" content=\"1\"\/> &gt; Temwayaj<meta property=\"url\" content=\"https:\/\/vcs-inc.org\/testimonials\/\"\/><meta property=\"position\" content=\"2\"\/>\n\t\t\t<p><em>\u201c&quot;Accumsan id imperdiet et, porttitor at sem et alo. Curabitur aliquet quam id dui posuere blandit curabitur quam id dui arcu erat, accumsan idit imperdiet, porttitor curabitur quam id dui aliquet. Accumsan id imperdiet et, porttitor at sem et alo. Curabitur id imperdiet quam id dui aliquet. erat, accumsan idit imperdiet, porttitor curabitur quam id dui aliquet.\u201d<\/em><strong>Jodi Smith<\/strong><\/p>\t\t\n\t\t\t<p><em>\u201c&quot;Accumsan id imperdiet et, porttitor at sem et alo. Curabitur aliquet quam id dui posuere blandit curabitur quam id dui arcu erat, accumsan idit imperdiet, porttitor curabitur quam id dui aliquet. Accumsan id imperdiet et, porttitor at sem et alo. Curabitur id imperdiet quam id dui aliquet. erat, accumsan idit imperdiet, porttitor curabitur quam id dui aliquet.\u201d<\/em><strong>Dan Dukes<\/strong><\/p>\t\t\n\t\t\t<p><em>\u201c&quot;Accumsan id imperdiet et, porttitor at sem et alo. Curabitur aliquet quam id dui posuere blandit curabitur quam id dui arcu erat, accumsan idit imperdiet, porttitor curabitur quam id dui aliquet. Accumsan id imperdiet et, porttitor at sem et alo. Curabitur id imperdiet quam id dui aliquet. erat, accumsan idit imperdiet, porttitor curabitur quam id dui aliquet.\u201d<\/em><strong>Lily Wilde<\/strong><\/p>","protected":false},"excerpt":{"rendered":"<p>S\u00e8vis Kons\u00e8y Volont\u00e8 &gt; Temwayaj &quot;Accumsan id imperdiet et, porttitor at sem et alo. Curabitur aliquet quam id dui posuere blandit curabitur quam id dui arcu erat, accumsan idit imperdiet,...<\/p>","protected":false},"author":2,"featured_media":0,"parent":0,"menu_order":0,"comment_status":"closed","ping_status":"closed","template":"","meta":{"_acf_changed":false,"_seopress_robots_primary_cat":"","_seopress_titles_title":"","_seopress_titles_desc":"","_seopress_robots_index":"","_price":"","_stock":"","_tribe_ticket_header":"","_tribe_default_ticket_provider":"","_tribe_ticket_capacity":"0","_ticket_start_date":"","_ticket_end_date":"","_tribe_ticket_show_description":"","_tribe_ticket_show_not_going":false,"_tribe_ticket_use_global_stock":"","_tribe_ticket_global_stock_level":"","_global_stock_mode":"","_global_stock_cap":"","_tribe_rsvp_for_event":"","_tribe_ticket_going_count":"","_tribe_ticket_not_going_count":"","_tribe_tickets_list":"[]","_tribe_ticket_has_attendee_info_fields":false,"footnotes":""},"class_list":["post-71","page","type-page","status-publish","hentry"],"acf":[],"_links":{"self":[{"href":"https:\/\/vcs-inc.org\/ht\/wp-json\/wp\/v2\/pages\/71","targetHints":{"allow":["GET"]}}],"collection":[{"href":"https:\/\/vcs-inc.org\/ht\/wp-json\/wp\/v2\/pages"}],"about":[{"href":"https:\/\/vcs-inc.org\/ht\/wp-json\/wp\/v2\/types\/page"}],"author":[{"embeddable":true,"href":"https:\/\/vcs-inc.org\/ht\/wp-json\/wp\/v2\/users\/2"}],"replies":[{"embeddable":true,"href":"https:\/\/vcs-inc.org\/ht\/wp-json\/wp\/v2\/comments?post=71"}],"version-history":[{"count":0,"href":"https:\/\/vcs-inc.org\/ht\/wp-json\/wp\/v2\/pages\/71\/revisions"}],"wp:attachment":[{"href":"https:\/\/vcs-inc.org\/ht\/wp-json\/wp\/v2\/media?parent=71"}],"curies":[{"name":"wp","href":"https:\/\/api.w.org\/{rel}","templated":true}]}}