{"id":48,"date":"2025-01-31T02:55:22","date_gmt":"2025-01-31T02:55:22","guid":{"rendered":"https:\/\/vcs-inc.org\/?page_id=48"},"modified":"2026-03-06T14:16:16","modified_gmt":"2026-03-06T19:16:16","slug":"board-of-directors","status":"publish","type":"page","link":"https:\/\/vcs-inc.org\/ht\/about\/board-of-directors\/","title":{"rendered":"Kons\u00e8y Administrasyon an"},"content":{"rendered":"<h1  data-animation-delay=\"0\" data-animation-duration=\"1\">\n\t\t\t\t<\/h1>\n\t<a property=\"item\" typeof=\"WebPage\" title=\"Ale nan S\u00e8vis Kons\u00e8y pou Volont\u00e8.\" href=\"https:\/\/vcs-inc.org\/ht\/\">S\u00e8vis Kons\u00e8y Volont\u00e8<\/a><meta property=\"position\" content=\"1\"\/> &gt; <a property=\"item\" typeof=\"WebPage\" title=\"Ale nan A pwopo.\" href=\"https:\/\/vcs-inc.org\/ht\/about\/\">A pwopo<\/a><meta property=\"position\" content=\"2\"\/> &gt; Kons\u00e8y Administrasyon an<meta property=\"url\" content=\"https:\/\/vcs-inc.org\/about\/board-of-directors\/\"\/><meta property=\"position\" content=\"3\"\/>\n\t<p>Anba la a se lis akty\u00e8l Manm Kons\u00e8y Administrasyon volont\u00e8 nou yo ki konsakre t\u00e8t yo pou bay kons\u00e8y ak s\u00e8vis klinik ki montre konpasyon ak sansiblite kiltir\u00e8l nan tout Konte Rockland.<\/p>\n<h2>\n\t\t\tKons\u00e8y Egzekitif\t<\/h2>\n\t\t                    <h4>Jon Cooper<\/h4>\n                \t\t        \tPrezidan\n\t\t        \t\t        \t<p>S\u00e8vis IT<\/p>\n\t\t                    <h4>Jan Sadowski<\/h4>\n                \t\t        \tVice President &#038; Secretary\n\t\t        \t\t        \t<p>Piblisite<\/p>\n\t\t                    <h4>Steven T. Breen<\/h4>\n                \t\t        \tTrezorye\n\t\t        \t\t        \t<p>Bankye<\/p>\n<h2>\n\t\t\tManm Kons\u00e8y Administrasyon yo\t<\/h2>\n\t\t                    <h4>Simona Chazen, LCSW<\/h4>\n                \t\t        \t\t        \t<p>Retrete<\/p>\n\t\t                    <h4>Beth Kipperman<\/h4>\n                \t\t        \t\t        \t<p>Retrete<\/p>\n\t\t                    <h4>Terry Knight<\/h4>\n                \t\t        \t\t        \t<p>Direkt\u00e8 Kreyatif<\/p>\n\t\t                    <h4>Eli Reichlin-Melnick<\/h4>\n                \t\t        \t\t        \t<p>Ansyen senat\u00e8 Eta Nouy\u00f2k<\/p>\n\t<a href=\"\/ht\/about\/management-and-staff\/\" target=\"_self\" role=\"button\" aria-label=\"Anplwaye kle VCS yo\">\n\t\t\t\t\t\tAnplwaye kle VCS yo\n\t\t\t\t\t<\/a>\n\t<a href=\"\/ht\/contact-us\/\" target=\"_self\" role=\"button\" aria-label=\"Kontakte nou\">\n\t\t\t\t\t\tKontakte nou\n\t\t\t\t\t<\/a>","protected":false},"excerpt":{"rendered":"<p>S\u00e8vis Kons\u00e8y Volont\u00e8 &gt; A pwopo &gt; Kons\u00e8y Administrasyon Anba la a se lis akty\u00e8l Manm Kons\u00e8y Administrasyon volont\u00e8 nou yo ki dedye t\u00e8t yo pou bay kons\u00e8y ak s\u00e8vis klinik ki gen konpasyon, ki sansib a kilti...<\/p>","protected":false},"author":2,"featured_media":0,"parent":17,"menu_order":0,"comment_status":"closed","ping_status":"closed","template":"","meta":{"_acf_changed":false,"_seopress_robots_primary_cat":"","_seopress_titles_title":"","_seopress_titles_desc":"","_seopress_robots_index":"","_price":"","_stock":"","_tribe_ticket_header":"","_tribe_default_ticket_provider":"","_tribe_ticket_capacity":"0","_ticket_start_date":"","_ticket_end_date":"","_tribe_ticket_show_description":"","_tribe_ticket_show_not_going":false,"_tribe_ticket_use_global_stock":"","_tribe_ticket_global_stock_level":"","_global_stock_mode":"","_global_stock_cap":"","_tribe_rsvp_for_event":"","_tribe_ticket_going_count":"","_tribe_ticket_not_going_count":"","_tribe_tickets_list":"[]","_tribe_ticket_has_attendee_info_fields":false,"footnotes":""},"class_list":["post-48","page","type-page","status-publish","hentry"],"acf":[],"_links":{"self":[{"href":"https:\/\/vcs-inc.org\/ht\/wp-json\/wp\/v2\/pages\/48","targetHints":{"allow":["GET"]}}],"collection":[{"href":"https:\/\/vcs-inc.org\/ht\/wp-json\/wp\/v2\/pages"}],"about":[{"href":"https:\/\/vcs-inc.org\/ht\/wp-json\/wp\/v2\/types\/page"}],"author":[{"embeddable":true,"href":"https:\/\/vcs-inc.org\/ht\/wp-json\/wp\/v2\/users\/2"}],"replies":[{"embeddable":true,"href":"https:\/\/vcs-inc.org\/ht\/wp-json\/wp\/v2\/comments?post=48"}],"version-history":[{"count":0,"href":"https:\/\/vcs-inc.org\/ht\/wp-json\/wp\/v2\/pages\/48\/revisions"}],"up":[{"embeddable":true,"href":"https:\/\/vcs-inc.org\/ht\/wp-json\/wp\/v2\/pages\/17"}],"wp:attachment":[{"href":"https:\/\/vcs-inc.org\/ht\/wp-json\/wp\/v2\/media?parent=48"}],"curies":[{"name":"wp","href":"https:\/\/api.w.org\/{rel}","templated":true}]}}