{"id":3,"date":"2024-12-27T15:57:21","date_gmt":"2024-12-27T15:57:21","guid":{"rendered":"https:\/\/vcs-inc.org\/?page_id=3"},"modified":"2025-05-28T14:37:08","modified_gmt":"2025-05-28T18:37:08","slug":"privacy-policy","status":"publish","type":"page","link":"https:\/\/vcs-inc.org\/ht\/privacy-policy\/","title":{"rendered":"R\u00e8gleman sou enf\u00f2masyon prive"},"content":{"rendered":"<p>Sa a se sit ent\u00e8n\u00e8t VCS, Inc.<\/p>\nAdr\u00e8s postal nou an se:<br \/>\n77 South Main Street<br \/>\nNouvo Vil, NY 10956\n<p>Ou ka kontakte nou pa im\u00e8l nan info@vcs-inc.org<\/p>\n<p>Ou kapab kontakte nou tou pa telef\u00f2n nan 845-634-5729.<\/p>\n<p>Nou espere ou pral renmen vizit ou sou vcs-inc.org. Pou nou ka pi byen s\u00e8vi enter\u00e8 ou nan travay nou an epi amelyore eksperyans ou sou vcs-inc.org, nou ka kolekte s\u00e8ten enf\u00f2masyon enp\u00f2tan sou vizit\u00e8 nou yo.<\/p>\n<p>L\u00e8 ou vizite sit ent\u00e8n\u00e8t nou an, s\u00e8v\u00e8 nou an otomatikman rekon\u00e8t adr\u00e8s Pwotok\u00f2l Ent\u00e8n\u00e8t ou (adr\u00e8s IP). Nou kolekte enf\u00f2masyon sou adr\u00e8s IP agr\u00e9je. Enf\u00f2masyon sa a s\u00e8lman itilize pou revizyon ak analiz ent\u00e8n. Anplis de sa, tankou anpil l\u00f2t sit ent\u00e8n\u00e8t, sit nou an ka itilize &quot;bonbon,&quot; oswa anprent elektwonik inik nou an ki mete tanpor\u00e8man nan navigat\u00e8 ent\u00e8n\u00e8t ou a, pou swiv sejou ou sou sit ent\u00e8n\u00e8t nou an. Bonbon an p\u00e8m\u00e8t s\u00e8v\u00e8 nou an sonje ou menm ak enf\u00f2masyon ou te mande oswa ou te ban nou pandan w ap vizite sit nou an. Sa ede nou amelyore eksperyans jeneral ou sou vcs-inc.org. Bonbon an pa danjere epi li pa kolekte enf\u00f2masyon nan \u00f2dinat\u00e8 w la oswa pwofil sist\u00e8m ou an. Li tou senpleman p\u00e8m\u00e8t nou distenge chak moun pami anpil moun ki navige sou sit nou an epi bonbon an ekspire yon pery\u00f2d tan espesifik apre vizit ou a.<\/p>\n<p>Si ou ban nou adr\u00e8s imel ou, adr\u00e8s postal ou oswa nimewo telef\u00f2n ou sou ent\u00e8n\u00e8t, ou ka resevwa lap\u00f2s, im\u00e8l oswa ap\u00e8l telefonik detanzantan nan men nou ak enf\u00f2masyon ki ka enterese w kons\u00e8nan nouvo pwodwi, s\u00e8vis oswa atik kap vini ki enterese w espesyalman. Si ou pa vle resevwa im\u00e8l nan men nou, tanpri f\u00e8 nou konnen nan yon im\u00e8l nan info@vcs-inc.org. Si ou pa vle resevwa lap\u00f2s oswa ap\u00e8l telefonik nan men nou, tanpri f\u00e8 nou konnen l\u00e8 w voye yon l\u00e8t ki gen non ak adr\u00e8s egzak ou a nan VCS, Inc., 77 S Main Street, New City, NY 10956. Nou pral retire adr\u00e8s ak nimewo telef\u00f2n ou yo san p\u00e8di tan nan lis nou yo.<\/p>\n<p>&nbsp;<\/p>\n\t<a href=\"\/ht\/contact-us\/\" target=\"_self\" role=\"button\" aria-label=\"Kontakte nou\">\n\t\t\t\t\t\tKontakte nou\n\t\t\t\t\t<\/a>","protected":false},"excerpt":{"rendered":"<p>Sa a se sit ent\u00e8n\u00e8t VCS, Inc. Adr\u00e8s postal nou an se: 77 South Main Street New City, NY 10956 Ou ka kontakte nou pa im\u00e8l nan info@vcs-inc.org Ou kapab tou\u2026<\/p>","protected":false},"author":1,"featured_media":0,"parent":0,"menu_order":0,"comment_status":"closed","ping_status":"open","template":"","meta":{"_acf_changed":false,"_seopress_robots_primary_cat":"","_seopress_titles_title":"","_seopress_titles_desc":"","_seopress_robots_index":"","_price":"","_stock":"","_tribe_ticket_header":"","_tribe_default_ticket_provider":"","_tribe_ticket_capacity":"0","_ticket_start_date":"","_ticket_end_date":"","_tribe_ticket_show_description":"","_tribe_ticket_show_not_going":false,"_tribe_ticket_use_global_stock":"","_tribe_ticket_global_stock_level":"","_global_stock_mode":"","_global_stock_cap":"","_tribe_rsvp_for_event":"","_tribe_ticket_going_count":"","_tribe_ticket_not_going_count":"","_tribe_tickets_list":"[]","_tribe_ticket_has_attendee_info_fields":false,"footnotes":""},"class_list":["post-3","page","type-page","status-publish","hentry"],"acf":[],"_links":{"self":[{"href":"https:\/\/vcs-inc.org\/ht\/wp-json\/wp\/v2\/pages\/3","targetHints":{"allow":["GET"]}}],"collection":[{"href":"https:\/\/vcs-inc.org\/ht\/wp-json\/wp\/v2\/pages"}],"about":[{"href":"https:\/\/vcs-inc.org\/ht\/wp-json\/wp\/v2\/types\/page"}],"author":[{"embeddable":true,"href":"https:\/\/vcs-inc.org\/ht\/wp-json\/wp\/v2\/users\/1"}],"replies":[{"embeddable":true,"href":"https:\/\/vcs-inc.org\/ht\/wp-json\/wp\/v2\/comments?post=3"}],"version-history":[{"count":0,"href":"https:\/\/vcs-inc.org\/ht\/wp-json\/wp\/v2\/pages\/3\/revisions"}],"wp:attachment":[{"href":"https:\/\/vcs-inc.org\/ht\/wp-json\/wp\/v2\/media?parent=3"}],"curies":[{"name":"wp","href":"https:\/\/api.w.org\/{rel}","templated":true}]}}