{"id":19,"date":"2024-12-30T15:50:23","date_gmt":"2024-12-30T15:50:23","guid":{"rendered":"https:\/\/vcs-inc.org\/?page_id=19"},"modified":"2025-10-01T13:59:24","modified_gmt":"2025-10-01T17:59:24","slug":"services","status":"publish","type":"page","link":"https:\/\/vcs-inc.org\/ht\/services\/","title":{"rendered":"S\u00e8vis yo"},"content":{"rendered":"<h1  data-animation-delay=\"0\" data-animation-duration=\"1\">\n\t\t\t\t<\/h1>\n\t<!-- Breadcrumb NavXT 7.4.1 -->\n<a property=\"item\" typeof=\"WebPage\" title=\"Ale nan S\u00e8vis Kons\u00e8y pou Volont\u00e8.\" href=\"https:\/\/vcs-inc.org\/ht\/\">S\u00e8vis Kons\u00e8y Volont\u00e8<\/a><meta property=\"position\" content=\"1\"\/> &gt; S\u00e8vis yo<meta property=\"url\" content=\"https:\/\/vcs-inc.org\/services\/\"\/><meta property=\"position\" content=\"2\"\/>\n\t<p>Byenveni nan VCS, kote nou dedye a ankouraje sante mantal, kwasans p\u00e8son\u00e8l, ak rezistans kominot\u00e8 atrav\u00e8 Konte Rockland. Gade tout \u00f2f nou yo, soti nan swen klinik pou pasyan ekst\u00e8n ak estaj pou gradye rive nan antren\u00e8 byenn\u00e8t, gwoup sip\u00f2, ak defans el\u00e8v yo. Kit w ap ch\u00e8che tretman endividy\u00e8l, antren\u00e8 ki pa klinik, s\u00e8vis pou pitit ou yo, oswa sip\u00f2 ant kanmarad, VCS la pou gide w epi ba w pouvwa nan chak etap.<\/p>\n\t\t\t<a href=\"\/ht\/how-can-we-help\/\" target=\"_self\">\n\t\t\t\t\t\t\tOu pa konnen ki kote pou k\u00f2manse?\n\t\t\t\t\t<\/a>\n\t\tS\u00e8vis yo\n\t\t\t\t\t\n\t\t<h2><a href=\"\/ht\/services\/mental-health-clinic\/\" target=\"_self\">S\u00e8vis Klinik yo<\/a><\/h2><p><em>Divizyon S\u00e8vis Klinik ak Devlopman Mend\u00e8v<\/em><\/p>\n<p>Nan k\u00e8 divizyon S\u00e8vis Klinik ak Devlopman Mend\u00e8v nou an, nou jwenn Klinik pou Pasyan Ekst\u00e8n Atik 31 ki gen lisans Biwo Sante Mantal Eta New York la, k ap s\u00e8vi kliyan ki gen 10 an oswa plis. La a, w ap jwenn sikoterapi ki baze sou pr\u00e8v, jesyon medikaman, sip\u00f2 ant kanmarad, ak gwoup ki santre sou konpetans - tout sa adapte a bezwen inik ou yo.<\/p>\n\t\t\t<a href=\"\/ht\/services\/mental-health-clinic\/\" target=\"_self\">\n\t\t\t\t\t\t\tAprann plis\n\t\t\t\t\t<\/a>\n\t\t\t\t<img decoding=\"async\" src=\"https:\/\/vcs-inc.org\/wp-content\/uploads\/bb-plugin\/cache\/clinic-talking-to-a-therapist-circle-4b557512fa124c2d4609fcf1028af8da-.png\" alt=\"clinic - talking to a therapist\" itemprop=\"image\" height=\"1080\" width=\"1080\" title=\"klinik - pale ak yon terapis\" onerror=\"this.style.display='none'\" loading=\"lazy\" \/>\n<h3>Klinik Sante Mantal<\/h3>Klinik nou an se yon klinik pou pasyan ekst\u00e8n ki gen lisans nan Biwo Sante Mantal Eta New York, dapre Atik 31.<br \/>\nPwogram tretman pou moun ki gen 10 an oswa plis.\n<p>S\u00e8vis yo ofri:<\/p>\n<ol>\n<li>Sikoterapi<\/li>\n<li>Jesyon Medikaman<\/li>\n<li>Sip\u00f2 ant kanmarad<\/li>\n<li>Gwoup Konpetans P\u00e8sonalize<\/li>\n<\/ol>\n<p>Klinik sante mantal nou an faktire sitou atrav\u00e8 asirans lan. Si ou pa w\u00e8 asirans ou an, pa enkyete w \u2014 nou ofri pri fleksib ki baze sou revni ou.<\/p>\n\t<h3>Asirans nou aksepte<\/h3><p>Gade lis ki anba a pou w\u00e8 konpayi asirans nou an kontak av\u00e8k yo kounye a.<\/p>\n<ol>\n<li aria-level=\"1\">Fr\u00e8 Medicaid pou S\u00e8vis (ke yo rele tou &quot;Medicaid dir\u00e8k&quot;)<\/li>\n<li aria-level=\"1\">Plan Swen Jesyon Medicaid yo:\n<ul>\n<li aria-level=\"2\">Afinite pa Molina<\/li>\n<li aria-level=\"2\">Anpi BCBS Sante Plis<\/li>\n<li aria-level=\"2\">Fidelis<\/li>\n<li aria-level=\"2\">Sante An Premye<\/li>\n<li aria-level=\"2\">MVP<\/li>\n<li aria-level=\"2\">United Behavioral Healthcare of NY\/Optum<\/li>\n<li aria-level=\"2\">WellCare Medicaid<\/li>\n<\/ul>\n<\/li>\n<li aria-level=\"1\">Doub Elijibilite (Medicare-Medicaid)<\/li>\n<li aria-level=\"1\">Plan Kom\u00e8syal (Prive)):\n<ul>\n<li aria-level=\"2\">\u00a0Fidelis<\/li>\n<li aria-level=\"2\">MVP<\/li>\n<li aria-level=\"2\">United Health Care\/Optum<\/li>\n<\/ul>\n<\/li>\n<\/ol>\n\t\t<h2><a href=\"\/ht\/services\/work-with-us\/\"  target=\"_self\">\t\n\tDevlopman Mend\u00e8v<\/a><\/h2><p><em>Pwogram Estaj pou Etidyan Gradye<\/em><\/p>\n<p>Nou f\u00f2me pwochen jenerasyon pwofesyon\u00e8l sante mantal yo tou atrav\u00e8 Pwogram Estaj pou Etidyan Gradye nou an, ki ofri eksperyans pratik nan klinik ak nan lek\u00f2l anba sip\u00e8vizyon sere klinisyen ki gen eksperyans.<\/p>\n\t\t\t<a href=\"\/ht\/services\/work-with-us\/\" target=\"_self\">\n\t\t\t\t\t\t\tAprann plis\n\t\t\t\t\t<\/a>\n\t\t\t\t<a href=\"\/ht\/services\/work-with-us\/graduate-student-internship-program\/\"  target=\"_self\" itemprop=\"url\">\n\t\t\t\t<img decoding=\"async\" src=\"https:\/\/vcs-inc.org\/wp-content\/uploads\/bb-plugin\/cache\/ChatGPT-Image-Jul-9-2025-12_30_20-PM-circle-159d0e17332201f57afd66ead6507cc7-.png\" alt=\"figure holding a degree and wearing a grad cap\" itemprop=\"image\" height=\"1024\" width=\"1024\" title=\"Imaj ChatGPT 9 Jiy\u00e8 2025, 12_30_20 PM\" onerror=\"this.style.display='none'\" loading=\"lazy\" \/>\n\t\t\t\t<\/a>\n<h3><a href=\"\/ht\/services\/work-with-us\/graduate-student-internship-program\/\" target=\"_self\">Pwogram Estaj pou Etidyan Gradye<\/a><\/h3><p>Nou ofri etidyan ki gradye nan travay sosyal, sante mantal ak terapi maryaj ak familyal op\u00f2tinite pou yo genyen yon eksperyans ki gen anpil val\u00e8 nan klinik sante mantal Atik 31 nou an. Antanke estajy\u00e8 nan klinik nou an, ou jwenn op\u00f2tinite pou aplike konesans w ap aprann nan lek\u00f2l la bay kliyan rey\u00e8l anba sip\u00e8vizyon sere yon sip\u00e8viz\u00e8 ki gen eksperyans. Nou genyen tou pwogram nan lek\u00f2l kote estajy\u00e8 yo ka aplike konpetans yo nan travay ak el\u00e8v lek\u00f2l prim\u00e8, segond\u00e8 oswa segond\u00e8. Sa a se yon eksperyans edikatif enteresan ak anrichisan kote aprantisaj nan liv pran lavi ak kliyan ou yo.<\/p>\n\t\t\t<a href=\"\/ht\/services\/work-with-us\/graduate-student-internship-program\/\" target=\"_self\">\n\t\t\t\t\t\t\tAprann plis\n\t\t\t\t\t<\/a>\n\t\t\t\t<a href=\"\/ht\/services\/work-with-us\/employment-opportunities\/\"  target=\"_self\" itemprop=\"url\">\n\t\t\t\t<img decoding=\"async\" src=\"https:\/\/vcs-inc.org\/wp-content\/uploads\/bb-plugin\/cache\/Teamwork-Image-circle-21c534d4c9fd5414bd471c130be9141c-.png\" alt=\"employment opportunities\" itemprop=\"image\" height=\"1080\" width=\"1080\" title=\"Imaj Travay ann ekip\" onerror=\"this.style.display='none'\" loading=\"lazy\" \/>\n\t\t\t\t<\/a>\n<h3><a href=\"\/ht\/services\/work-with-us\/employment-opportunities\/\" target=\"_self\">Op\u00f2tinite Travay<\/a><\/h3><p>Nou ofri etidyan ki gradye nan travay sosyal, sante mantal ak terapi maryaj ak familyal op\u00f2tinite pou yo genyen yon eksperyans ki gen anpil val\u00e8 nan klinik sante mantal Atik 31 nou an. Antanke estajy\u00e8 nan klinik nou an, ou jwenn op\u00f2tinite pou aplike konesans w ap aprann nan lek\u00f2l la bay kliyan rey\u00e8l anba sip\u00e8vizyon sere yon sip\u00e8viz\u00e8 ki gen eksperyans. Nou genyen tou pwogram nan lek\u00f2l kote estajy\u00e8 yo ka aplike konpetans yo nan travay ak el\u00e8v lek\u00f2l prim\u00e8, segond\u00e8 oswa segond\u00e8. Sa a se yon eksperyans edikatif enteresan ak anrichisan kote aprantisaj nan liv pran lavi ak kliyan ou yo.<\/p>\n\t\t\t<a href=\"\/ht\/services\/work-with-us\/employment-opportunities\/\" target=\"_self\">\n\t\t\t\t\t\t\tAprann plis\n\t\t\t\t\t<\/a>\n\t\t<h2><a href=\"\/ht\/services\/community-services\/\"  target=\"_self\">\t\n\tDivizyon S\u00e8vis Kominot\u00e8 yo<\/a><\/h2><p>Divizyon S\u00e8vis Kominot\u00e8 nou an pote sip\u00f2 ki pa klinik nan kominote a, pou ede moun ak fanmi yo reyisi. Soti nan antren\u00e8 byenn\u00e8t endividy\u00e8l (disponib an Angl\u00e8 ak an Pany\u00f2l) rive nan pwogram paran espesifik, gwoup sip\u00f2 pou moun k ap bay swen ak granparan, ak s\u00e8vis espesyalize pou granmoun aje, chak \u00f2f f\u00e8t pou devlope konpetans, konpreyansyon ak koneksyon. Nou ofri tou responsablite tribinal la egzije pou gason nan Pwogram Vyolans Domestik nou an ak defans edikasyon atrav\u00e8 Pwogram Defans El\u00e8v Beth Kipperman an - pou tout moun nan kominote nou an ka jwenn aks\u00e8 a resous yo bezwen pou reyisi.<\/p>\n\t\t\t<a href=\"\/ht\/services\/community-services\/\" target=\"_self\">\n\t\t\t\t\t\t\tAprann plis\n\t\t\t\t\t<\/a>\n\t\t\t\t<a href=\"\/ht\/services\/community-services\/wellness-coaching\/\"  target=\"_self\" itemprop=\"url\">\n\t\t\t\t<img decoding=\"async\" src=\"https:\/\/vcs-inc.org\/wp-content\/uploads\/bb-plugin\/cache\/wellness-coaching-stairs-to-success-circle-e08e4e3cbc75c13df0a9d7d4d89940e1-.webp\" alt=\"wellness coaching - stairs to success\" itemprop=\"image\" height=\"1080\" width=\"1080\" title=\"antren\u00e8 byenn\u00e8t - eskalye pou reyisi\" onerror=\"this.style.display='none'\" loading=\"lazy\" \/>\n\t\t\t\t<\/a>\n<h3><a href=\"\/ht\/services\/community-services\/wellness-coaching\/\" target=\"_self\">Antren\u00e8 Byenn\u00e8t Mantal pou Moun<\/a><\/h3>Coaching se yon f\u00f2m sip\u00f2 ki pa klinik ki ka itilize pou kwasans p\u00e8son\u00e8l oswa pwofesyon\u00e8l. Pwosesis coaching lan bay kons\u00e8y ak f\u00f2masyon pou ede kliyan yo devlope konpetans, ap\u00e8si ak konp\u00f2tman ki gen gwo p\u00e8f\u00f2mans pou yo ka atenn objektif yo pi efikasman. Coach VCS yo ede kliyan yo vin okouran de abitid yo epi amelyore yo, konprann epi aprann nan emosyon yo, epi pran etap aktif ak anpouvwa ki mennen nan chanjman.<br \/>\nKliyan ki ap f\u00e8 coaching yo deside direksyon yo vle pran nan vwayaj kwasans p\u00e8son\u00e8l yo. Coach nou yo sip\u00f2te kliyan yo nan tout nivo pou yo vin moun yo vle ye a.\n<p>Coaching Byenn\u00e8t Mantal pou granmoun disponib pou nenp\u00f2t moun ki gen 19 an oswa plis. Coaching Byenn\u00e8t pou adolesan disponib pou nenp\u00f2t moun ki gen ant 12 ak 18 an av\u00e8k konsantman moun kap bay swen an. Sesyon yo dire 50 minit epi yo f\u00e8t yon fwa pa sem\u00e8n av\u00e8k yon coach volont\u00e8 VCS. Tout sesyon coaching yo konfidansy\u00e8l. Sesyon lajounen ak asw\u00e8 disponib. Fr\u00e8 chak sem\u00e8n yo chaje sou yon ech\u00e8l glisman ki baze sou revni.<\/p>\n\t\t\t<a href=\"\/ht\/services\/community-services\/wellness-coaching\/\" target=\"_self\">\n\t\t\t\t\t\t\tLi plis\n\t\t\t\t\t<\/a>\n\t\t\t\t<a href=\"\/ht\/services\/community-services\/the-beth-kipperman-student-advocacy-program\/\"  target=\"_self\" itemprop=\"url\">\n\t\t\t\t<img decoding=\"async\" src=\"https:\/\/vcs-inc.org\/wp-content\/uploads\/bb-plugin\/cache\/student-advocacy-circle-81533276d7b4f1927bd16fcdb0d488bc-.webp\" alt=\"student advocacy\" itemprop=\"image\" height=\"1080\" width=\"1080\" title=\"defans el\u00e8v yo\" onerror=\"this.style.display='none'\" loading=\"lazy\" \/>\n\t\t\t\t<\/a>\n<h3><a href=\"\/ht\/services\/community-services\/the-beth-kipperman-student-advocacy-program\/\" target=\"_self\">Pwogram Defans El\u00e8v Beth Kipperman an<\/a><\/h3>Pwogram nou an ede el\u00e8v yo atenn tout potansy\u00e8l akademik yo grasa defans edikasyon\u00e8l pou el\u00e8v ki gen difikilte pou jwenn s\u00e8vis edikasyon espesyal.<br \/>\nNan VCS, defans\u00e8 nou yo ede fanmi yo santi yo mwens izole epi yo gen plis pouvwa pou travay av\u00e8k distri lek\u00f2l yo a pou jwenn s\u00e8vis edikasyon\u00e8l oswa konp\u00f2tmantal ki neses\u00e8 yo ki ka amelyore kapasite yon el\u00e8v pou reyisi lek\u00f2l. Nou konnen pwosesis la ka konfizyon ak redoutable pou fanmi yo, se pout\u00e8t sa nou pran tan pou nou aprann epi konprann n\u00e8t sa ki ka afekte kapasite el\u00e8v la pou jwenn aks\u00e8 fasil nan kourikoul\u00f2m edikasyon\u00e8l la.<br \/>\nS\u00e8vis nou yo gen ladan sip\u00f2 pou:\n<ol>\n<li>Konsiltasyon inisyal yo<\/li>\n<li>Revize evalyasyon yo<\/li>\n<li>Kontak paran ak lek\u00f2l<\/li>\n<li>Nenp\u00f2t reyinyon kons\u00e8nan dispozisyon s\u00e8vis edikasyon espesyal ak odyans ki gen rap\u00f2 ak sa<\/li>\n<\/ol>\n\t\t\t<a href=\"\/ht\/services\/community-services\/the-beth-kipperman-student-advocacy-program\/\" target=\"_self\">\n\t\t\t\t\t\t\tLi plis\n\t\t\t\t\t<\/a>\n\t\t<h3><a href=\"\/ht\/services\/community-services\/parenting-programs\/\"  target=\"_self\">\t\n\tPwogram Paran yo<\/a><\/h3><p>Gwoup Edikasyon ak Kons\u00e8y pou Paran ak Fanmi k ap Elve Timoun<\/p>\n\t\t\t<a href=\"\/ht\/services\/community-services\/parenting-programs\/\" target=\"_self\">\n\t\t\t\t\t\t\tAprann plis\n\t\t\t\t\t<\/a>\n\t\t\t\t<a href=\"\/ht\/services\/community-services\/parenting-programs\/\"  target=\"_self\" itemprop=\"url\">\n\t\t\t\t<img decoding=\"async\" src=\"https:\/\/vcs-inc.org\/wp-content\/uploads\/bb-plugin\/cache\/parenting-apart-swingset-circle-117ab93659e48116dbe0ed866bb461ea-.webp\" alt=\"parenting apart - swingset\" itemprop=\"image\" height=\"1080\" width=\"1080\" title=\"paran apa - balanse\" onerror=\"this.style.display='none'\" loading=\"lazy\" \/>\n\t\t\t\t<\/a>\n<h4><a href=\"\/ht\/services\/community-services\/parenting-programs\/\" target=\"_self\">Edikasyon Paran pou Fanm<\/a><\/h4><p>VCS ofri edikasyon paran pou fanm an Angl\u00e8 ak an Pany\u00f2l. Sesyon yo f\u00e8t pou nenp\u00f2t fanm k ap leve timoun. VCS swiv yon kourikoul\u00f2m 12 sesyon ki kouvri sij\u00e8 paran debaz tankou devlopman timoun ak disiplin efikas.<\/p>\n\t\t\t<a href=\"\/ht\/services\/community-services\/parenting-programs\/\" target=\"_self\">\n\t\t\t\t\t\t\tLi plis\n\t\t\t\t\t<\/a>\n\t\t\t\t<a href=\"\/ht\/services\/community-services\/parenting-programs\/\"  target=\"_self\" itemprop=\"url\">\n\t\t\t\t<img decoding=\"async\" src=\"https:\/\/vcs-inc.org\/wp-content\/uploads\/bb-plugin\/cache\/parenting-apart-swingset-circle-117ab93659e48116dbe0ed866bb461ea-.webp\" alt=\"parenting apart - swingset\" itemprop=\"image\" height=\"1080\" width=\"1080\" title=\"paran apa - balanse\" onerror=\"this.style.display='none'\" loading=\"lazy\" \/>\n\t\t\t\t<\/a>\n<h4><a href=\"\/ht\/services\/community-services\/parenting-programs\/\" target=\"_self\">Edikasyon Paran pou Gason<\/a><\/h4><p>VCS ofri sesyon edikasyon paran pou gason an Angle ak an Pany\u00f2l. Sesyon yo f\u00e8t pou nenp\u00f2t gason k ap leve timoun. VCS swiv yon kourikoul\u00f2m 12 sesyon ki kouvri sij\u00e8 paran debaz tankou devlopman timoun ak disiplin efikas.<\/p>\n\t\t\t<a href=\"\/ht\/services\/community-services\/parenting-programs\/\" target=\"_self\">\n\t\t\t\t\t\t\tLi plis\n\t\t\t\t\t<\/a>\n\t\t\t\t<a href=\"\/ht\/services\/community-services\/parenting-programs\/\"  target=\"_self\" itemprop=\"url\">\n\t\t\t\t<img decoding=\"async\" src=\"https:\/\/vcs-inc.org\/wp-content\/uploads\/bb-plugin\/cache\/parent-education-parent-and-child-circle-ae711c3f2720e93dfea6c18bebab9b0f-.webp\" alt=\"parent education - parent and child\" itemprop=\"image\" height=\"1080\" width=\"1080\" title=\"edikasyon paran - paran ak pitit\" onerror=\"this.style.display='none'\" loading=\"lazy\" \/>\n\t\t\t\t<\/a>\n<h4><a href=\"\/ht\/services\/community-services\/parenting-programs\/\" target=\"_self\">Pwogram Paran Apa<\/a><\/h4><p>Pwogram sa a itil pou tout paran k ap separe, kit yo te marye oswa non. Separasyon ak div\u00f2s se eksperyans ki bay str\u00e8s pou tout moun ki enplike, sitou pou timoun yo. Pwogram edikatif 14 \u00e8dtan sa a konsantre sou bezwen timoun yo pandan moman sa yo.<\/p>\n<p>Pwogram VCS Parenting Apart la gen de pati:<\/p>\n<ul>\n<li>Yon semin\u00e8 entwodiksyon de z\u00e8 s\u00e8tifye pa Eta Nouy\u00f2k, ki te swiv pa:<\/li>\n<li>12 sesyon endividy\u00e8l.<\/li>\n<\/ul>\n<p>Sij\u00e8 yo enkli:<\/p>\n<ul>\n<li>Pwosesis separasyon\/div\u00f2s la<\/li>\n<li>Sa paran yo ka f\u00e8 pou ede pitit yo adapte yo<\/li>\n<li>Kijan timoun yo reyaji<\/li>\n<li>Zouti pou paran apa<\/li>\n<li>Kons\u00e8y sou py\u00e8j komen paran yo<\/li>\n<li>&quot;Konpetans pou koute timoun yo&quot;<\/li>\n<\/ul>\n\t\t\t<a href=\"\/ht\/services\/community-services\/parenting-programs\/\" target=\"_self\">\n\t\t\t\t\t\t\tLi plis\n\t\t\t\t\t<\/a>\n\t\t\t\t<img decoding=\"async\" src=\"https:\/\/vcs-inc.org\/wp-content\/uploads\/bb-plugin\/cache\/justice-scales-DVPM-circle-d601fbe8be978d5e49522f8bed215e04-.png\" alt=\"justice scales - DVPM\" itemprop=\"image\" height=\"1024\" width=\"1024\" title=\"balans jistis - DVPM\" onerror=\"this.style.display='none'\" loading=\"lazy\" \/>\n<h4>Pwogram Vyolans Domestik pou Gason<\/h4><p>DVPM a disponib pou tribinal krimin\u00e8l ak sivil, pwobasyon, lib\u00e8te sou kondisyon ak s\u00e8vis pwoteksyon timoun ak s\u00e8vis sosyal k\u00f2m yon mekanis responsablite ak siveyans an relasyon ak zak vyolans domestik gason yo kont patn\u00e8 entim fi yo.<\/p>\n\t\t<h3><a href=\"\/ht\/services\/community-services\/support-groups\/\"  target=\"_self\">\t\n\tGwoup Sip\u00f2<\/a><\/h3><p>Nan VCS, nou konprann enp\u00f2tans pou pale dir\u00e8kteman ak moun ki ka gen eksperyans ak emosyon menm jan av\u00e8 w. Gwoup Sip\u00f2 yo ba w yon espas pou w santi w an sekirite epi vilnerab. Ou ka jwenn f\u00f2s nan pataje istwa w, oswa nan tande istwa l\u00f2t moun. Nan Gwoup Sip\u00f2 nou yo, yo pataje enf\u00f2masyon serye ak fyab ki ede tout manm gwoup nou yo nan sitiyasyon akty\u00e8l yo a.<\/p>\n\t\t\t<a href=\"\/ht\/services\/community-services\/support-groups\/\" target=\"_self\">\n\t\t\t\t\t\t\tAprann plis\n\t\t\t\t\t<\/a>\n\t\t\t\t<a href=\"\/ht\/services\/community-services\/support-groups\/\"  target=\"_self\" itemprop=\"url\">\n\t\t\t\t<img decoding=\"async\" src=\"https:\/\/vcs-inc.org\/wp-content\/uploads\/bb-plugin\/cache\/support-group-circle-7063a64dd6b4f57cc2e1011659a581f6-.webp\" alt=\"support group\" itemprop=\"image\" height=\"1080\" width=\"1080\" title=\"gwoup sip\u00f2\" onerror=\"this.style.display='none'\" loading=\"lazy\" \/>\n\t\t\t\t<\/a>\n<h4><a href=\"\/ht\/services\/community-services\/support-groups\/\" target=\"_self\">Pwogram Fanmi k\u00f2m Paran (RAPP)<\/a><\/h4><p>Pwogram Fanmi k\u00f2m Paran an se yon gwoup sip\u00f2 ouv\u00e8 pou granparan k ap leve pitit pitit yo oubyen nenp\u00f2t l\u00f2t moun k ap leve pitit yon fanmi. Gwoup la se yon kote pou pataje defi ak eksperyans ak l\u00f2t timoun par\u00e8y ou yo. Gwoup yo gratis pou patisipe, midi \u2013 1\u00e8 apr\u00e8midi AN P\u00c8S\u00d2N nan VCS nan 77 South Main St., New City, NY.<\/p>\n<p>Gwoup sip\u00f2 a ap f\u00e8t premye jedi nan mwa a epi gwoup edikasyon\u00e8l la ap f\u00e8t twazy\u00e8m jedi nan chak mwa.<\/p>\n\t\t\t<a href=\"\/ht\/services\/community-services\/support-groups\/\" target=\"_self\">\n\t\t\t\t\t\t\tLi plis\n\t\t\t\t\t<\/a>\n\t\t\t\t<a href=\"\/ht\/services\/community-services\/support-groups\/\"  target=\"_self\" itemprop=\"url\">\n\t\t\t\t<img decoding=\"async\" src=\"https:\/\/vcs-inc.org\/wp-content\/uploads\/bb-plugin\/cache\/support-group-circle-7063a64dd6b4f57cc2e1011659a581f6-.webp\" alt=\"support group\" itemprop=\"image\" height=\"1080\" width=\"1080\" title=\"gwoup sip\u00f2\" onerror=\"this.style.display='none'\" loading=\"lazy\" \/>\n\t\t\t\t<\/a>\n<h4><a href=\"\/ht\/services\/community-services\/support-groups\/\" target=\"_self\">Entre Mujeres \u2014 Gwoup Sip\u00f2 Fanm yo<\/a><\/h4><p>Entre Mujeres, (ki vle di &quot;ant fanm&quot;) se yon pwogram s\u00e8vis kominot\u00e8 pou ofri fanm pany\u00f2l yo yon espas kote yo ka pataje epi aprann an kominote av\u00e8k l\u00f2t fanm. Kounye a, nou gen yon gwoup, ki reyini yon fwa pa sem\u00e8n, nan Bibliyot\u00e8k Piblik Spring Valley la, kote nou diskite sij\u00e8 enter\u00e8 ki gen rap\u00f2 ak sante mantal ak paran, epi nou konn resevwa l\u00f2t ajans ki vle pataje enf\u00f2masyon enp\u00f2tan pou kominote a sou s\u00e8vis yo.<\/p>\n\t\t\t<a href=\"\/ht\/services\/community-services\/support-groups\/\" target=\"_self\">\n\t\t\t\t\t\t\tLi plis\n\t\t\t\t\t<\/a>\n\t\t\t\t<a href=\"\/ht\/services\/community-services\/support-groups\/\"  target=\"_self\" itemprop=\"url\">\n\t\t\t\t<img decoding=\"async\" src=\"https:\/\/vcs-inc.org\/wp-content\/uploads\/bb-plugin\/cache\/zh6hXDKbUrc-circle-51f4afb6c49cd7b18b620784045d0e2b-.jpg\" alt=\"zh6hXDKbUrc\" itemprop=\"image\" height=\"2400\" width=\"1920\" title=\"zh6hXDKbUrc\" onerror=\"this.style.display='none'\" loading=\"lazy\" \/>\n\t\t\t\t<\/a>\n<h4><a href=\"\/ht\/services\/community-services\/support-groups\/\" target=\"_self\">S\u00e8vis pou granmoun aje ak fanmi yo<\/a><\/h4><p>Pwogram sa a s\u00e8vi rezidan granmoun aje nan Konte Rockland ki ta benefisye de diskite sou pwobl\u00e8m ki gen rap\u00f2 ak laj ak yon konseye ki resevwa f\u00f2masyon. Sesyon kons\u00e8y endividy\u00e8l chak sem\u00e8n yo ka f\u00e8t nan biwo, sou ent\u00e8n\u00e8t, oswa nan espas piblik tankou yon pak, yon bibliyot\u00e8k, elatriye. Gwoup Sip\u00f2 pou Moun k ap Bay Swen ak Granmoun Aje yo disponib tou sou plas oswa nan div\u00e8s etablisman asistans pou granmoun aje yo. Pou granmoun ki gen 60 an oswa plis. Gratis pandan finansman an disponib.<\/p>\n\t\t\t<a href=\"\/ht\/services\/community-services\/support-groups\/\" target=\"_self\">\n\t\t\t\t\t\t\tLi plis\n\t\t\t\t\t<\/a>\n\t\t\t\t<a href=\"\/ht\/services\/community-services\/support-groups\/\"  target=\"_self\" itemprop=\"url\">\n\t\t\t\t<img decoding=\"async\" src=\"https:\/\/vcs-inc.org\/wp-content\/uploads\/bb-plugin\/cache\/pexels-olly-3791664-circle-25a81782be8d6f27691cbb557b08afab-.webp\" alt=\"pexels-olly-3791664\" itemprop=\"image\" height=\"1266\" width=\"1900\" title=\"pexels-olly-3791664\" onerror=\"this.style.display='none'\" loading=\"lazy\" \/>\n\t\t\t\t<\/a>\n<h4><a href=\"\/ht\/services\/community-services\/support-groups\/\" target=\"_self\">Gwoup Sip\u00f2 pou Moun k ap Bay Swen*<\/a><\/h4><p>Gwoup gratis ki bay resous pou moun k ap pran swen yon l\u00f2t granmoun. Gwoup la se yon espas an sekirite pou pataje kons\u00e8y, resous ak estrateji ak l\u00f2t moun ki nan menm w\u00f2l la.<\/p>\n\t\t\t<a href=\"\/ht\/services\/community-services\/support-groups\/\" target=\"_self\">\n\t\t\t\t\t\t\tLi plis\n\t\t\t\t\t<\/a>","protected":false},"excerpt":{"rendered":"<p>S\u00e8vis Kons\u00e8y Volont\u00e8 &gt; S\u00e8vis Byenveni nan VCS, kote nou dedye a ankouraje sante mantal, kwasans p\u00e8son\u00e8l, ak rezistans kominot\u00e8 atrav\u00e8 Konte Rockland. Gade tout \u00f2f nou yo, soti nan...<\/p>","protected":false},"author":1,"featured_media":0,"parent":0,"menu_order":0,"comment_status":"closed","ping_status":"closed","template":"","meta":{"_acf_changed":false,"_seopress_robots_primary_cat":"","_seopress_titles_title":"","_seopress_titles_desc":"","_seopress_robots_index":"","_price":"","_stock":"","_tribe_ticket_header":"","_tribe_default_ticket_provider":"","_tribe_ticket_capacity":"0","_ticket_start_date":"","_ticket_end_date":"","_tribe_ticket_show_description":"","_tribe_ticket_show_not_going":false,"_tribe_ticket_use_global_stock":"","_tribe_ticket_global_stock_level":"","_global_stock_mode":"","_global_stock_cap":"","_tribe_rsvp_for_event":"","_tribe_ticket_going_count":"","_tribe_ticket_not_going_count":"","_tribe_tickets_list":"[]","_tribe_ticket_has_attendee_info_fields":false,"footnotes":""},"class_list":["post-19","page","type-page","status-publish","hentry"],"acf":[],"_links":{"self":[{"href":"https:\/\/vcs-inc.org\/ht\/wp-json\/wp\/v2\/pages\/19","targetHints":{"allow":["GET"]}}],"collection":[{"href":"https:\/\/vcs-inc.org\/ht\/wp-json\/wp\/v2\/pages"}],"about":[{"href":"https:\/\/vcs-inc.org\/ht\/wp-json\/wp\/v2\/types\/page"}],"author":[{"embeddable":true,"href":"https:\/\/vcs-inc.org\/ht\/wp-json\/wp\/v2\/users\/1"}],"replies":[{"embeddable":true,"href":"https:\/\/vcs-inc.org\/ht\/wp-json\/wp\/v2\/comments?post=19"}],"version-history":[{"count":0,"href":"https:\/\/vcs-inc.org\/ht\/wp-json\/wp\/v2\/pages\/19\/revisions"}],"wp:attachment":[{"href":"https:\/\/vcs-inc.org\/ht\/wp-json\/wp\/v2\/media?parent=19"}],"curies":[{"name":"wp","href":"https:\/\/api.w.org\/{rel}","templated":true}]}}