{"id":17,"date":"2024-12-30T15:52:07","date_gmt":"2024-12-30T15:52:07","guid":{"rendered":"https:\/\/vcs-inc.org\/?page_id=17"},"modified":"2025-07-23T16:06:04","modified_gmt":"2025-07-23T20:06:04","slug":"about","status":"publish","type":"page","link":"https:\/\/vcs-inc.org\/ht\/about\/","title":{"rendered":"A pwopo"},"content":{"rendered":"<h1>\n\t\t\tKons\u00e8nan VCS\t<\/h1>\n\t<h2>VCS bay moun pouvwa atrav\u00e8 kons\u00e8y ak s\u00e8vis klinik ki gen konpasyon, sansib a kilti, ki aksesib e ab\u00f2dab; ankouraje espwa, ak yon kominote ki pi an sante e ki pi rezistan.<\/h2>\n\t<p>Depi 1970, VCS Inc., yon \u00f2ganizasyon san bi likratif ki sitiye nan Konte Rockland, Nouy\u00f2k, te bay s\u00e8vis ak pwogram kontiny\u00e8l nan tout Konte Rockland ak nan l\u00f2t z\u00f2n jan bezwen kominote a det\u00e8mine.<\/p>\n<p>VCS Inc. te konnen anvan k\u00f2m S\u00e8vis Kons\u00e8y Volont\u00e8 nan Konte Rockland Inc. Yo te chanje non an apre ajans lan te w\u00e8 plizy\u00e8 ane kwasans ak devlopman yon pak\u00e8t s\u00e8vis ki te depase limit mod\u00e8l orijinal la.<\/p>\n\t<a href=\"\/ht\/privacy-compliance-and-reports\/#annual-reports\" target=\"_self\" role=\"button\" aria-label=\"Gade Rap\u00f2 Any\u00e8l VCS yo\">\n\t\t\t\t\t\tGade Rap\u00f2 Any\u00e8l VCS yo\n\t\t\t\t\t<\/a>","protected":false},"excerpt":{"rendered":"<p>Kons\u00e8nan VCS VCS bay moun pouvwa atrav\u00e8 kons\u00e8y ak s\u00e8vis klinik ki gen konpasyon, sansib a kilti, ki aksesib e ab\u00f2dab; ankouraje espwa, ak yon kominote ki pi an sante e ki pi rezistan. Depi 1970, VCS Inc.,...<\/p>","protected":false},"author":1,"featured_media":0,"parent":0,"menu_order":0,"comment_status":"closed","ping_status":"closed","template":"","meta":{"_acf_changed":false,"_seopress_robots_primary_cat":"","_seopress_titles_title":"","_seopress_titles_desc":"","_seopress_robots_index":"","_price":"","_stock":"","_tribe_ticket_header":"","_tribe_default_ticket_provider":"","_tribe_ticket_capacity":"0","_ticket_start_date":"","_ticket_end_date":"","_tribe_ticket_show_description":"","_tribe_ticket_show_not_going":false,"_tribe_ticket_use_global_stock":"","_tribe_ticket_global_stock_level":"","_global_stock_mode":"","_global_stock_cap":"","_tribe_rsvp_for_event":"","_tribe_ticket_going_count":"","_tribe_ticket_not_going_count":"","_tribe_tickets_list":"[]","_tribe_ticket_has_attendee_info_fields":false,"footnotes":""},"class_list":["post-17","page","type-page","status-publish","hentry"],"acf":[],"_links":{"self":[{"href":"https:\/\/vcs-inc.org\/ht\/wp-json\/wp\/v2\/pages\/17","targetHints":{"allow":["GET"]}}],"collection":[{"href":"https:\/\/vcs-inc.org\/ht\/wp-json\/wp\/v2\/pages"}],"about":[{"href":"https:\/\/vcs-inc.org\/ht\/wp-json\/wp\/v2\/types\/page"}],"author":[{"embeddable":true,"href":"https:\/\/vcs-inc.org\/ht\/wp-json\/wp\/v2\/users\/1"}],"replies":[{"embeddable":true,"href":"https:\/\/vcs-inc.org\/ht\/wp-json\/wp\/v2\/comments?post=17"}],"version-history":[{"count":0,"href":"https:\/\/vcs-inc.org\/ht\/wp-json\/wp\/v2\/pages\/17\/revisions"}],"wp:attachment":[{"href":"https:\/\/vcs-inc.org\/ht\/wp-json\/wp\/v2\/media?parent=17"}],"curies":[{"name":"wp","href":"https:\/\/api.w.org\/{rel}","templated":true}]}}