{"id":16537,"date":"2025-07-07T09:17:24","date_gmt":"2025-07-07T13:17:24","guid":{"rendered":"https:\/\/vcs-inc.org\/?page_id=16537"},"modified":"2025-07-16T05:43:40","modified_gmt":"2025-07-16T09:43:40","slug":"volunteer-opportunities","status":"publish","type":"page","link":"https:\/\/vcs-inc.org\/ht\/volunteer\/volunteer-opportunities\/","title":{"rendered":"Op\u00f2tinite pou volontarya"},"content":{"rendered":"<h1  data-animation-delay=\"0\" data-animation-duration=\"1\">\n\t\t\t\t<\/h1>\n\t<!-- Breadcrumb NavXT 7.4.1 -->\n<a property=\"item\" typeof=\"WebPage\" title=\"Ale nan S\u00e8vis Kons\u00e8y pou Volont\u00e8.\" href=\"https:\/\/vcs-inc.org\/ht\/\">S\u00e8vis Kons\u00e8y Volont\u00e8<\/a><meta property=\"position\" content=\"1\"\/> &gt; <a property=\"item\" typeof=\"WebPage\" title=\"Ale nan Volont\u00e8.\" href=\"https:\/\/vcs-inc.org\/ht\/volunteer\/\">Volont\u00e8<\/a><meta property=\"position\" content=\"2\"\/> &gt; Op\u00f2tinite pou volontarya<meta property=\"url\" content=\"https:\/\/vcs-inc.org\/volunteer\/volunteer-opportunities\/\"\/><meta property=\"position\" content=\"3\"\/>\n\t<ul>\n\t\t<li  data-children-wrapper=\"true\"><\/li>\t<\/ul>\n\n\t\n\t\t\t<a href=\"\" target=\"_self\">\n\t\t\t\t\t\t\tAprann plis\n\t\t\t<\/a>","protected":false},"excerpt":{"rendered":"<p>S\u00e8vis Kons\u00e8y pou Volont\u00e8 &gt; Volont\u00e8 &gt; Op\u00f2tinite pou Volont\u00e8 Aprann plis<\/p>","protected":false},"author":1,"featured_media":0,"parent":15988,"menu_order":0,"comment_status":"closed","ping_status":"closed","template":"","meta":{"_acf_changed":false,"_seopress_robots_primary_cat":"","_seopress_titles_title":"","_seopress_titles_desc":"","_seopress_robots_index":"","_price":"","_stock":"","_tribe_ticket_header":"","_tribe_default_ticket_provider":"","_tribe_ticket_capacity":"0","_ticket_start_date":"","_ticket_end_date":"","_tribe_ticket_show_description":"","_tribe_ticket_show_not_going":false,"_tribe_ticket_use_global_stock":"","_tribe_ticket_global_stock_level":"","_global_stock_mode":"","_global_stock_cap":"","_tribe_rsvp_for_event":"","_tribe_ticket_going_count":"","_tribe_ticket_not_going_count":"","_tribe_tickets_list":"[]","_tribe_ticket_has_attendee_info_fields":false,"footnotes":""},"class_list":["post-16537","page","type-page","status-publish","hentry"],"acf":[],"_links":{"self":[{"href":"https:\/\/vcs-inc.org\/ht\/wp-json\/wp\/v2\/pages\/16537","targetHints":{"allow":["GET"]}}],"collection":[{"href":"https:\/\/vcs-inc.org\/ht\/wp-json\/wp\/v2\/pages"}],"about":[{"href":"https:\/\/vcs-inc.org\/ht\/wp-json\/wp\/v2\/types\/page"}],"author":[{"embeddable":true,"href":"https:\/\/vcs-inc.org\/ht\/wp-json\/wp\/v2\/users\/1"}],"replies":[{"embeddable":true,"href":"https:\/\/vcs-inc.org\/ht\/wp-json\/wp\/v2\/comments?post=16537"}],"version-history":[{"count":0,"href":"https:\/\/vcs-inc.org\/ht\/wp-json\/wp\/v2\/pages\/16537\/revisions"}],"up":[{"embeddable":true,"href":"https:\/\/vcs-inc.org\/ht\/wp-json\/wp\/v2\/pages\/15988"}],"wp:attachment":[{"href":"https:\/\/vcs-inc.org\/ht\/wp-json\/wp\/v2\/media?parent=16537"}],"curies":[{"name":"wp","href":"https:\/\/api.w.org\/{rel}","templated":true}]}}