{"id":16295,"date":"2025-06-18T09:58:20","date_gmt":"2025-06-18T13:58:20","guid":{"rendered":"https:\/\/vcs-inc.org\/?page_id=16295"},"modified":"2025-06-18T09:58:20","modified_gmt":"2025-06-18T13:58:20","slug":"make-a-payment","status":"publish","type":"page","link":"https:\/\/vcs-inc.org\/ht\/make-a-payment\/","title":{"rendered":"F\u00e8 yon peman"},"content":{"rendered":"<!-- Breadcrumb NavXT 7.4.1 -->\n<a property=\"item\" typeof=\"WebPage\" title=\"Ale nan S\u00e8vis Kons\u00e8y pou Volont\u00e8.\" href=\"https:\/\/vcs-inc.org\/ht\/\">S\u00e8vis Kons\u00e8y Volont\u00e8<\/a><meta property=\"position\" content=\"1\"\/> &gt; F\u00e8 yon peman<meta property=\"url\" content=\"https:\/\/vcs-inc.org\/?page_id=16295\"\/><meta property=\"position\" content=\"2\"\/>\n\t\t<form method='post' enctype='multipart\/form-data' target='gform_ajax_frame_13' id='gform_13'  action='https:\/\/vcs-inc.org\/ht\/?page_id=16295&#038;fl_builder&#038;fl_builder_ui_iframe' data-formid='13' novalidate data-trp-original-action=\"https:\/\/vcs-inc.org\/?page_id=16295&#038;fl_builder&#038;fl_builder_ui_iframe\">\n                        <fieldset id=\"field_13_1\"><legend class='gfield_label gform-field-label gfield_label_before_complex'>Non<\/legend>\n                                                    <input type='text' name='input_1.3' id='input_13_1_3' value=''   aria-required='false'     \/>\n                                                    <label for='input_13_1_3' class='gform-field-label gform-field-label--type-sub'>Premye<\/label>\n                                                    <input type='text' name='input_1.6' id='input_13_1_6' value=''   aria-required='false'     \/>\n                                                    <label for='input_13_1_6' class='gform-field-label gform-field-label--type-sub'>D\u00e8nye<\/label>\n                        <\/fieldset><label class='gfield_label gform-field-label' for='input_13_3'>Telef\u00f2n<\/label><input name='input_3' id='input_13_3' type='tel' value='' class='large'    aria-invalid=\"false\"   \/><label class='gfield_label gform-field-label' for='input_13_4'>Im\u00e8l<\/label>\n                            <input name='input_4' id='input_13_4' type='email' value='' class='large'     aria-invalid=\"false\"  \/>\n                        <fieldset id=\"field_13_5\"><legend class='gfield_label gform-field-label gfield_label_before_complex'>Adr\u00e8s<\/legend>    \n                                        <input type='text' name='input_5.1' id='input_13_5_1' value=''    aria-required='false'    \/>\n                                        <label for='input_13_5_1' id='input_13_5_1_label' class='gform-field-label gform-field-label--type-sub'>Adr\u00e8s lari<\/label>\n                                        <input type='text' name='input_5.2' id='input_13_5_2' value=''     aria-required='false'   \/>\n                                        <label for='input_13_5_2' id='input_13_5_2_label' class='gform-field-label gform-field-label--type-sub'>Liy Adr\u00e8s 2<\/label>\n                                    <input type='text' name='input_5.3' id='input_13_5_3' value=''    aria-required='false'    \/>\n                                    <label for='input_13_5_3' id='input_13_5_3_label' class='gform-field-label gform-field-label--type-sub'>Vil<\/label>\n                                        <input type='text' name='input_5.4' id='input_13_5_4' value=''      aria-required='false'    \/>\n                                        <label for='input_13_5_4' id='input_13_5_4_label' class='gform-field-label gform-field-label--type-sub'>Eta \/ Pwovens \/ Rejyon<\/label>\n                                    <input type='text' name='input_5.5' id='input_13_5_5' value=''    aria-required='false'    \/>\n                                    <label for='input_13_5_5' id='input_13_5_5_label' class='gform-field-label gform-field-label--type-sub'>K\u00f2d Postal<\/label>\n                                        <select name='input_5.6' id='input_13_5_6'   aria-required='false'><option value='' selected='selected'><\/option><option value='Afghanistan'>Afganistan<\/option><option value='Albania'>Albani<\/option><option value='Algeria'>Aljeri<\/option><option value='American Samoa'>Samoa Ameriken<\/option><option value='Andorra'>Andora<\/option><option value='Angola'>Angola<\/option><option value='Anguilla'>Anguilla<\/option><option value='Antarctica'>Antatik<\/option><option value='Antigua and Barbuda'>Antigwa ak Barbuda<\/option><option value='Argentina'>Ajantin<\/option><option value='Armenia'>Ameni<\/option><option value='Aruba'>Aruba<\/option><option value='Australia'>Ostrali<\/option><option value='Austria'>Otrich<\/option><option value='Azerbaijan'>Azerbaydjan<\/option><option value='Bahamas'>Bahamas<\/option><option value='Bahrain'>Bahreyn<\/option><option value='Bangladesh'>Banglad\u00e8ch<\/option><option value='Barbados'>Barbad<\/option><option value='Belarus'>Byelorisi<\/option><option value='Belgium'>B\u00e8ljik<\/option><option value='Belize'>Beliz<\/option><option value='Benin'>Benen<\/option><option value='Bermuda'>Bermuda<\/option><option value='Bhutan'>Boutan<\/option><option value='Bolivia'>Bolivi<\/option><option value='Bonaire, Sint Eustatius and Saba'>Bonaire, Sint Eustatius ak Saba<\/option><option value='Bosnia and Herzegovina'>Bosni ak Erzegovin<\/option><option value='Botswana'>Botswana<\/option><option value='Bouvet Island'>Zile Bouvet<\/option><option value='Brazil'>Brezil<\/option><option value='British Indian Ocean Territory'>Teritwa Britanik Oseyan Endyen an<\/option><option value='Brunei Darussalam'>Brunei Darussalam<\/option><option value='Bulgaria'>Bilgari<\/option><option value='Burkina Faso'>Burkina Faso<\/option><option value='Burundi'>Burundi<\/option><option value='Cabo Verde'>Kap V\u00e8<\/option><option value='Cambodia'>Kanb\u00f2dj<\/option><option value='Cameroon'>Kamewoun<\/option><option value='Canada'>Kanada<\/option><option value='Cayman Islands'>Zile Kayiman yo<\/option><option value='Central African Republic'>Repiblik Afrik Santral<\/option><option value='Chad'>Tchad<\/option><option value='Chile'>Chili<\/option><option value='China'>Lachin<\/option><option value='Christmas Island'>Zile Nw\u00e8l<\/option><option value='Cocos Islands'>Zile Kokos yo<\/option><option value='Colombia'>Kolonbi<\/option><option value='Comoros'>Kom\u00f2<\/option><option value='Congo'>Kongo<\/option><option value='Congo, Democratic Republic of the'>Kongo, Repiblik Demokratik la<\/option><option value='Cook Islands'>Zile Cook yo<\/option><option value='Costa Rica'>Kosta Rika<\/option><option value='Croatia'>Kwoasi<\/option><option value='Cuba'>Kiba<\/option><option value='Cura\u00e7ao'>Kiraso<\/option><option value='Cyprus'>Chip<\/option><option value='Czechia'>Tch\u00e8ki<\/option><option value='C\u00f4te d&#039;Ivoire'>K\u00f2t Divwa<\/option><option value='Denmark'>Danmak<\/option><option value='Djibouti'>Djibouti<\/option><option value='Dominica'>Dominik<\/option><option value='Dominican Republic'>Repiblik Dominik\u00e8n<\/option><option value='Ecuador'>Ekwat\u00e8<\/option><option value='Egypt'>Ejip<\/option><option value='El Salvador'>El Salvador<\/option><option value='Equatorial Guinea'>Gine Ekwatoryal<\/option><option value='Eritrea'>Eritre<\/option><option value='Estonia'>Estoni<\/option><option value='Eswatini'>Eswatini<\/option><option value='Ethiopia'>Etyopi<\/option><option value='Falkland Islands'>Zile Falkland yo<\/option><option value='Faroe Islands'>Zile Faroe yo<\/option><option value='Fiji'>Fidji<\/option><option value='Finland'>Fenlann<\/option><option value='France'>Lafrans<\/option><option value='French Guiana'>Giyana franse<\/option><option value='French Polynesia'>Polinezi franse<\/option><option value='French Southern Territories'>Teritwa Sid Frans\u00e8 yo<\/option><option value='Gabon'>Gabon<\/option><option value='Gambia'>Gambia<\/option><option value='Georgia'>J\u00f2ji<\/option><option value='Germany'>Almay<\/option><option value='Ghana'>Gana<\/option><option value='Gibraltar'>Jibraltar<\/option><option value='Greece'>Gr\u00e8s<\/option><option value='Greenland'>Groenland<\/option><option value='Grenada'>Grenada<\/option><option value='Guadeloupe'>Gwadloup<\/option><option value='Guam'>Gwam<\/option><option value='Guatemala'>Gwatemala<\/option><option value='Guernsey'>Guernsey<\/option><option value='Guinea'>Gine<\/option><option value='Guinea-Bissau'>Gine-Bisao<\/option><option value='Guyana'>Giyana<\/option><option value='Haiti'>Ayiti<\/option><option value='Heard Island and McDonald Islands'>Zile Heard ak Zile McDonald<\/option><option value='Holy See'>Sen Sy\u00e8j<\/option><option value='Honduras'>Ondiras<\/option><option value='Hong Kong'>Hong Kong<\/option><option value='Hungary'>Ongri<\/option><option value='Iceland'>Islann<\/option><option value='India'>peyi Zend<\/option><option value='Indonesia'>Endonezi<\/option><option value='Iran'>Iran<\/option><option value='Iraq'>Irak<\/option><option value='Ireland'>Ilann<\/option><option value='Isle of Man'>Ile de Man<\/option><option value='Israel'>Izray\u00e8l<\/option><option value='Italy'>Itali<\/option><option value='Jamaica'>Jamayik<\/option><option value='Japan'>Japon<\/option><option value='Jersey'>J\u00e8si<\/option><option value='Jordan'>J\u00f2dani<\/option><option value='Kazakhstan'>Kazakhstan<\/option><option value='Kenya'>Kenya<\/option><option value='Kiribati'>Kiribati<\/option><option value='Korea, Democratic People&#039;s Republic of'>Kore di Sid, Repiblik Demokratik P\u00e8p la<\/option><option value='Korea, Republic of'>Kore di Sid, Repiblik<\/option><option value='Kuwait'>Kowet<\/option><option value='Kyrgyzstan'>Kirghizistan<\/option><option value='Lao People&#039;s Democratic Republic'>Repiblik Demokratik P\u00e8p Lao a<\/option><option value='Latvia'>Letoni<\/option><option value='Lebanon'>Liban<\/option><option value='Lesotho'>Lesoto<\/option><option value='Liberia'>Liberya<\/option><option value='Libya'>Libi<\/option><option value='Liechtenstein'>Liechtenstein<\/option><option value='Lithuania'>Lityani<\/option><option value='Luxembourg'>Liksanbou<\/option><option value='Macao'>Macao<\/option><option value='Madagascar'>Madagaska<\/option><option value='Malawi'>Malawi<\/option><option value='Malaysia'>Malezi<\/option><option value='Maldives'>Maldiv yo<\/option><option value='Mali'>Mali<\/option><option value='Malta'>Malt<\/option><option value='Marshall Islands'>Zile Marshall yo<\/option><option value='Martinique'>Matinik<\/option><option value='Mauritania'>Moritani<\/option><option value='Mauritius'>Moris<\/option><option value='Mayotte'>Mayotte<\/option><option value='Mexico'>Meksik<\/option><option value='Micronesia'>Mikwonezi<\/option><option value='Moldova'>Moldavi<\/option><option value='Monaco'>Monako<\/option><option value='Mongolia'>Mongoli<\/option><option value='Montenegro'>Montenegwo<\/option><option value='Montserrat'>Montserrat<\/option><option value='Morocco'>Maw\u00f2k<\/option><option value='Mozambique'>Mozanbik<\/option><option value='Myanmar'>Myanma<\/option><option value='Namibia'>Namibi<\/option><option value='Nauru'>Nawou<\/option><option value='Nepal'>Nepal<\/option><option value='Netherlands'>Peyi Ba yo<\/option><option value='New Caledonia'>Nouv\u00e8l Kaledoni<\/option><option value='New Zealand'>Nouv\u00e8l Zelann<\/option><option value='Nicaragua'>Nikaragwa<\/option><option value='Niger'>Nij\u00e8<\/option><option value='Nigeria'>Nijerya<\/option><option value='Niue'>Nioue<\/option><option value='Norfolk Island'>Zile N\u00f2f\u00f2l<\/option><option value='North Macedonia'>Masedw\u00e0n di N\u00f2<\/option><option value='Northern Mariana Islands'>Zile Mariana Din\u00f2<\/option><option value='Norway'>N\u00f2v\u00e8j<\/option><option value='Oman'>Om\u00e0n<\/option><option value='Pakistan'>Pakistan<\/option><option value='Palau'>Palau<\/option><option value='Palestine, State of'>Palestin, Eta de<\/option><option value='Panama'>Panama<\/option><option value='Papua New Guinea'>Papouazi Nouv\u00e8l Gine<\/option><option value='Paraguay'>Paragwe<\/option><option value='Peru'>Perou<\/option><option value='Philippines'>Filipin<\/option><option value='Pitcairn'>Pitkayrn<\/option><option value='Poland'>Pol\u00f2y<\/option><option value='Portugal'>P\u00f2tigal<\/option><option value='Puerto Rico'>P\u00f2toriko<\/option><option value='Qatar'>Katar<\/option><option value='Romania'>Woumani<\/option><option value='Russian Federation'>Federasyon Larisi<\/option><option value='Rwanda'>Rwanda<\/option><option value='R\u00e9union'>La R\u00e9inyon<\/option><option value='Saint Barth\u00e9lemy'>Sen Bart\u00e8lemi<\/option><option value='Saint Helena, Ascension and Tristan da Cunha'>Sen Helena, Asansyon ak Tristan da Cunha<\/option><option value='Saint Kitts and Nevis'>Saint Kitts ak Nevis<\/option><option value='Saint Lucia'>Sent Lisi<\/option><option value='Saint Martin'>Sen Maten<\/option><option value='Saint Pierre and Miquelon'>Sen Py\u00e8 ak Mikelon<\/option><option value='Saint Vincent and the Grenadines'>Sen Vensan ak Grenadin yo<\/option><option value='Samoa'>Samoa<\/option><option value='San Marino'>Sen Marino<\/option><option value='Sao Tome and Principe'>Sao Tome ak Prensip<\/option><option value='Saudi Arabia'>Arabi Saoudit<\/option><option value='Senegal'>Senegal<\/option><option value='Serbia'>S\u00e8bi<\/option><option value='Seychelles'>Sesel<\/option><option value='Sierra Leone'>Syera Ley\u00f2n<\/option><option value='Singapore'>Singapore<\/option><option value='Sint Maarten'>Sen Maarten<\/option><option value='Slovakia'>Slovaki<\/option><option value='Slovenia'>Sloveni<\/option><option value='Solomon Islands'>Zile Salomon yo<\/option><option value='Somalia'>Somali<\/option><option value='South Africa'>Lafrik di Sid<\/option><option value='South Georgia and the South Sandwich Islands'>Sid Georgia ak Zile Sandwich Sid yo<\/option><option value='South Sudan'>Sid Soudan<\/option><option value='Spain'>Espay<\/option><option value='Sri Lanka'>Sri Lanka<\/option><option value='Sudan'>Soudan<\/option><option value='Suriname'>Sirinam<\/option><option value='Svalbard and Jan Mayen'>Svalbard ak Jan Mayen<\/option><option value='Sweden'>Sy\u00e8d<\/option><option value='Switzerland'>Swis<\/option><option value='Syria Arab Republic'>Repiblik Arab Siri<\/option><option value='Taiwan'>Taywann<\/option><option value='Tajikistan'>Tadjikistan<\/option><option value='Tanzania, the United Republic of'>Tanzani, Repiblik Ini a<\/option><option value='Thailand'>Tayilann<\/option><option value='Timor-Leste'>Tim\u00f2 oryantal<\/option><option value='Togo'>Togo<\/option><option value='Tokelau'>Tokelaou<\/option><option value='Tonga'>Tonga<\/option><option value='Trinidad and Tobago'>Trinidad ak Tobago<\/option><option value='Tunisia'>Tinizi<\/option><option value='Turkmenistan'>Tirkmenistan<\/option><option value='Turks and Caicos Islands'>Zile Turks ak Caicos<\/option><option value='Tuvalu'>Touvalou<\/option><option value='T\u00fcrkiye'>Tiki<\/option><option value='US Minor Outlying Islands'>Zile Min\u00e8 Elwaye Etazini yo<\/option><option value='Uganda'>Ouganda<\/option><option value='Ukraine'>Ikr\u00e8n<\/option><option value='United Arab Emirates'>Emira Arab Ini yo<\/option><option value='United Kingdom'>Way\u00f2m Ini<\/option><option value='United States'>Etazini<\/option><option value='Uruguay'>Irigwe<\/option><option value='Uzbekistan'>Ouzbekistan<\/option><option value='Vanuatu'>Vanoutou<\/option><option value='Venezuela'>Venezyela<\/option><option value='Viet Nam'>Vyetnam<\/option><option value='Virgin Islands, British'>Zile Vy\u00e8j Britanik yo<\/option><option value='Virgin Islands, U.S.'>Zile Vy\u00e8j, Etazini<\/option><option value='Wallis and Futuna'>Wallis ak Futuna<\/option><option value='Western Sahara'>Sahara oksidantal<\/option><option value='Yemen'>Yem\u00e8n<\/option><option value='Zambia'>Zanbi<\/option><option value='Zimbabwe'>Zimbabwe<\/option><option value='\u00c5land Islands'>Zile \u00c5land yo<\/option><\/select>\n                                        <label for='input_13_5_6' id='input_13_5_6_label' class='gform-field-label gform-field-label--type-sub'>Peyi<\/label>\n                <\/fieldset><label class='gfield_label gform-field-label' for='input_13_6'>Peman ou<\/label>\n\t\t\t\t\t<input name='input_6' id='input_13_6' type='text' value='' class='large ginput_amount'    aria-invalid=\"false\"  \/>\n\t\t\t\t<label class='gfield_label gform-field-label' for='input_13_7'>Dekri peman ou an<\/label><textarea name='input_7' id='input_13_7' class='textarea medium'      aria-invalid=\"false\"   rows='10' cols='50'><\/textarea><label class='gfield_label gfield_label_before_complex gform-field-label' for='input_13_8_1'>Kat kredi<\/label><!-- .ginput_full --><!-- .ginput_container -->Konfigirasyon obligatwa: Pou itilize chan Stripe la, tanpri konfigire <a href=\"\" target=\"_blank\">Anviw\u00f2nman bann<\/a>.\n\t\t\t<style type=\"text\/css\">\n\t\t\t\t:root {\n  \t\t\t\t\t--link-login-string: \"Link login\"\n\t\t\t\t}\n\t\t\t<\/style>\n         <input type='submit' id='gform_submit_button_13' class='gform_button button' onclick='gform.submission.handleButtonClick(this);' data-submission-type='submit' value='Soum\u00e8t'  \/> <input type='hidden' name='gform_ajax' value='form_id=13&amp;title=&amp;description=&amp;tabindex=0&amp;theme=gravity-theme&amp;styles=[]&amp;hash=20b25f5b483321884ac24eebcc99d908' \/>\n            <input type='hidden' class='gform_hidden' name='gform_submission_method' data-js='gform_submission_method_13' value='iframe' \/>\n            <input type='hidden' class='gform_hidden' name='gform_theme' data-js='gform_theme_13' id='gform_theme_13' value='gravity-theme' \/>\n            <input type='hidden' class='gform_hidden' name='gform_style_settings' data-js='gform_style_settings_13' id='gform_style_settings_13' value='[]' \/>\n            <input type='hidden' class='gform_hidden' name='is_submit_13' value='1' \/>\n            <input type='hidden' class='gform_hidden' name='gform_submit' value='13' \/>\n            <input type='hidden' class='gform_hidden' name='gform_unique_id' value='' \/>\n            <input type='hidden' class='gform_hidden' name='state_13' value='WyJbXSIsIjE3YTYzNDZhNzA5YzUzMTkxYzI2NTk2ZTA0M2EzNTU5Il0=' \/>\n            <input type='hidden' autocomplete='off' class='gform_hidden' name='gform_target_page_number_13' id='gform_target_page_number_13' value='0' \/>\n            <input type='hidden' autocomplete='off' class='gform_hidden' name='gform_source_page_number_13' id='gform_source_page_number_13' value='1' \/>\n            <input type='hidden' name='gform_field_values' value='' \/>\n                        <input type=\"hidden\" name=\"trp-form-language\" value=\"ht\"\/><\/form>\n\t\t                <iframe style='display:none;width:0px;height:0px;' src='about:blank' name='gform_ajax_frame_13' id='gform_ajax_frame_13' title='Iframe sa a gen lojik ki neses\u00e8 pou jere Gravity Forms ki mache ak Ajax.'><\/iframe>","protected":false},"excerpt":{"rendered":"<p>S\u00e8vis Kons\u00e8y Volont\u00e8 &gt; F\u00e8 yon Peman Non Prenon Siyati Telef\u00f2n Adr\u00e8s Im\u00e8l Adr\u00e8s Adr\u00e8s Liy 2 Vil Eta \/ Pwovens \/ Rejyon K\u00f2d Postal Afganistan Albani Aljeri Samoa Ameriken Andora Angola Anguilla Antatik Antigua ak...<\/p>","protected":false},"author":2,"featured_media":0,"parent":0,"menu_order":0,"comment_status":"closed","ping_status":"closed","template":"","meta":{"_acf_changed":false,"_seopress_robots_primary_cat":"","_seopress_titles_title":"","_seopress_titles_desc":"","_seopress_robots_index":"","_price":"","_stock":"","_tribe_ticket_header":"","_tribe_default_ticket_provider":"","_tribe_ticket_capacity":"0","_ticket_start_date":"","_ticket_end_date":"","_tribe_ticket_show_description":"","_tribe_ticket_show_not_going":false,"_tribe_ticket_use_global_stock":"","_tribe_ticket_global_stock_level":"","_global_stock_mode":"","_global_stock_cap":"","_tribe_rsvp_for_event":"","_tribe_ticket_going_count":"","_tribe_ticket_not_going_count":"","_tribe_tickets_list":"[]","_tribe_ticket_has_attendee_info_fields":false,"footnotes":""},"class_list":["post-16295","page","type-page","status-publish","hentry"],"acf":[],"_links":{"self":[{"href":"https:\/\/vcs-inc.org\/ht\/wp-json\/wp\/v2\/pages\/16295","targetHints":{"allow":["GET"]}}],"collection":[{"href":"https:\/\/vcs-inc.org\/ht\/wp-json\/wp\/v2\/pages"}],"about":[{"href":"https:\/\/vcs-inc.org\/ht\/wp-json\/wp\/v2\/types\/page"}],"author":[{"embeddable":true,"href":"https:\/\/vcs-inc.org\/ht\/wp-json\/wp\/v2\/users\/2"}],"replies":[{"embeddable":true,"href":"https:\/\/vcs-inc.org\/ht\/wp-json\/wp\/v2\/comments?post=16295"}],"version-history":[{"count":0,"href":"https:\/\/vcs-inc.org\/ht\/wp-json\/wp\/v2\/pages\/16295\/revisions"}],"wp:attachment":[{"href":"https:\/\/vcs-inc.org\/ht\/wp-json\/wp\/v2\/media?parent=16295"}],"curies":[{"name":"wp","href":"https:\/\/api.w.org\/{rel}","templated":true}]}}