{"id":16165,"date":"2025-06-17T14:06:54","date_gmt":"2025-06-17T18:06:54","guid":{"rendered":"https:\/\/vcs-inc.org\/?page_id=16165"},"modified":"2025-07-29T16:52:43","modified_gmt":"2025-07-29T20:52:43","slug":"services-for-older-adults-and-their-families","status":"publish","type":"page","link":"https:\/\/vcs-inc.org\/ht\/services\/community-services\/services-for-older-adults-and-their-families\/","title":{"rendered":"S\u00e8vis pou Granmoun Aje ak Fanmi yo"},"content":{"rendered":"<h1  data-animation-delay=\"0\" data-animation-duration=\"1\">\n\t\t\t\t<\/h1>\n\t<!-- Breadcrumb NavXT 7.4.1 -->\n<a property=\"item\" typeof=\"WebPage\" title=\"Ale nan S\u00e8vis Kons\u00e8y pou Volont\u00e8.\" href=\"https:\/\/vcs-inc.org\/ht\/\">S\u00e8vis Kons\u00e8y Volont\u00e8<\/a><meta property=\"position\" content=\"1\"\/> &gt; <a property=\"item\" typeof=\"WebPage\" title=\"Ale nan S\u00e8vis yo.\" href=\"https:\/\/vcs-inc.org\/ht\/services\/\">S\u00e8vis yo<\/a><meta property=\"position\" content=\"2\"\/> &gt; <a property=\"item\" typeof=\"WebPage\" title=\"Ale nan S\u00e8vis Kominot\u00e8 yo.\" href=\"https:\/\/vcs-inc.org\/ht\/services\/community-services\/\">S\u00e8vis Kominot\u00e8 yo<\/a><meta property=\"position\" content=\"3\"\/> &gt; S\u00e8vis pou granmoun aje ak fanmi yo<meta property=\"url\" content=\"https:\/\/vcs-inc.org\/services\/community-services\/services-for-older-adults-and-their-families\/\"\/><meta property=\"position\" content=\"4\"\/>\n\t<p>Pwogram pou Granmoun Aje nan VCS s\u00e8vi moun nan Konte Rockland ki gen plis pase 60 an, ansanm ak manm fanmi yo. Gras a finansman jenere nan men Konte a, s\u00e8vis yo konpl\u00e8tman gratis pou tout patisipan yo! De s\u00e8vis prensipal yo se kons\u00e8y endividy\u00e8l (separe de pwogram Klinik ak Byenn\u00e8t Coaching nou yo) ak gwoup sip\u00f2. Kounye a, nou pa f\u00e8 vizit lakay nan pwogram sa a.<\/p>\n\t\t<h2><a href=\"\/ht\/talk-to-a-professional-1-on-1\/\"  target=\"_self\">\t\n\tKons\u00e8y endividy\u00e8l<\/a><\/h2><p>Nan VCS, nou konprann ke av\u00e8k vyeyisman vini chanjman nan k\u00f2 nou, nan lespri nou, nan sikonstans nou, ak nan moun ki b\u00f2 kote nou. Chanjman sa yo ka difisil pou nou jere oswa pou nou konprann, se pout\u00e8t sa pwogram sa a egziste.<\/p>\n<p>Pwogram sa a s\u00e8vi rezidan granmoun aje nan Konte Rockland ki ta benefisye de diskite sou pwobl\u00e8m ki gen rap\u00f2 ak laj ak yon konseye ki resevwa f\u00f2masyon. Sesyon kons\u00e8y endividy\u00e8l yo ka f\u00e8t nan biwo, sou ent\u00e8n\u00e8t, oswa nan espas piblik tankou yon pak, yon bibliyot\u00e8k, elatriye.<\/p>\n\t\t\t<a href=\"\/ht\/talk-to-a-professional-1-on-1\/\" target=\"_self\">\n\t\t\t\t\t\t\tAprann plis\n\t\t\t\t\t<\/a>\n<h2>\n\t\t\tGwoup Sip\u00f2\t<\/h2>\n\t\t\t\t<a href=\"\/ht\/contact-us\/?service=Caregiver%20Support%20Groups#contact-us\"  target=\"_self\" itemprop=\"url\">\n\t\t\t\t<img decoding=\"async\" src=\"https:\/\/vcs-inc.org\/wp-content\/uploads\/2025\/07\/kimia-kazemi-4jpue-X7cFU-unsplash-scaled.jpg\" alt=\"decorative image: caregiver with a woman\" itemprop=\"image\" height=\"2560\" width=\"1707\" title=\"moun kap bay swen\" onerror=\"this.style.display='none'\" loading=\"lazy\" \/>\n\t\t\t\t<\/a>\n\t\t<h2><a href=\"\/ht\/contact-us\/?service=Caregiver%20Support%20Groups#contact-us\" target=\"_self\">Gwoup Sip\u00f2 pou Moun k ap Bay Swen<\/a><\/h2><p>Gwoup Sip\u00f2 pou Moun Kap Bay Swen VCS yo bay resous pou moun k ap bay swen yon l\u00f2t granmoun. Gwoup la se yon espas an sekirite pou pataje kons\u00e8y, resous ak estrateji ak l\u00f2t moun ki nan menm w\u00f2l la, epi tou pou pale ouv\u00e8tman sou eksperyans ou yo.<\/p>\n<p>Kounye a, gwoup la ap fonksyone yon s\u00e8l fwa pa sem\u00e8n, men tcheke regily\u00e8man paske yo ajoute nouvo gwoup regily\u00e8man. Gwoup la ap f\u00e8t chak m\u00e8kredi soti 11:00 AM pou rive 12:00 PM nan biwo VCS la nan New City, epi li gratis pou patisipe!<\/p>\n\t\t\t<a href=\"\/ht\/contact-us\/?service=Caregiver%20Support%20Groups#contact-us\" target=\"_self\">\n\t\t\t\t\t\t\tKontakte nou\n\t\t\t\t\t<\/a>\n\t\t\t\t<a href=\"\/ht\/contact-us\/?service=Older%20Adults%20Counseling%20and%20Programming#contact-us\"  target=\"_self\" itemprop=\"url\">\n\t\t\t\t<img decoding=\"async\" src=\"https:\/\/vcs-inc.org\/wp-content\/uploads\/2025\/07\/Untitled-1350-x-1080-px-512-x-512-px-1.png\" alt=\"Untitled (1350 x 1080 px) (512 x 512 px) (1)\" itemprop=\"image\" height=\"512\" width=\"512\" title=\"San tit (1350 x 1080 px) (512 x 512 px) (1)\" onerror=\"this.style.display='none'\" loading=\"lazy\" \/>\n\t\t\t\t<\/a>\n<h2><a href=\"\/ht\/contact-us\/?service=Older%20Adults%20Counseling%20and%20Programming#contact-us\" target=\"_self\">Enf\u00f2masyon pou kontakte \/ Kijan pou vin yon kliyan<\/a><\/h2><p>Pou aprann plis oswa pou enskri nan pwogram pou granmoun aje, tanpri kontakte Marie Wood-Smith nan <a href=\"mailto:mwoodsmith@vcs-inc.org\">mwoodsmith@vcs-inc.org<\/a> oubyen 845-634-5729 x3013<\/p>\n\t\t\t<a href=\"\/ht\/contact-us\/?service=Older%20Adults%20Counseling%20and%20Programming#contact-us\" target=\"_self\">\n\t\t\t\t\t\tKontakte nou\n\t\t\t\t\t<\/a>","protected":false},"excerpt":{"rendered":"<p>S\u00e8vis Kons\u00e8y Volont\u00e8 &gt; S\u00e8vis &gt; S\u00e8vis Kominot\u00e8 &gt; S\u00e8vis pou Granmoun Aje ak Fanmi yo Pwogram Granmoun Aje nan VCS s\u00e8vi moun nan Konte Rockland ki gen plis pase...<\/p>","protected":false},"author":1,"featured_media":0,"parent":16150,"menu_order":0,"comment_status":"closed","ping_status":"closed","template":"","meta":{"_acf_changed":false,"_seopress_robots_primary_cat":"","_seopress_titles_title":"","_seopress_titles_desc":"","_seopress_robots_index":"","_price":"","_stock":"","_tribe_ticket_header":"","_tribe_default_ticket_provider":"","_tribe_ticket_capacity":"0","_ticket_start_date":"","_ticket_end_date":"","_tribe_ticket_show_description":"","_tribe_ticket_show_not_going":false,"_tribe_ticket_use_global_stock":"","_tribe_ticket_global_stock_level":"","_global_stock_mode":"","_global_stock_cap":"","_tribe_rsvp_for_event":"","_tribe_ticket_going_count":"","_tribe_ticket_not_going_count":"","_tribe_tickets_list":"[]","_tribe_ticket_has_attendee_info_fields":false,"footnotes":""},"class_list":["post-16165","page","type-page","status-publish","hentry"],"acf":[],"_links":{"self":[{"href":"https:\/\/vcs-inc.org\/ht\/wp-json\/wp\/v2\/pages\/16165","targetHints":{"allow":["GET"]}}],"collection":[{"href":"https:\/\/vcs-inc.org\/ht\/wp-json\/wp\/v2\/pages"}],"about":[{"href":"https:\/\/vcs-inc.org\/ht\/wp-json\/wp\/v2\/types\/page"}],"author":[{"embeddable":true,"href":"https:\/\/vcs-inc.org\/ht\/wp-json\/wp\/v2\/users\/1"}],"replies":[{"embeddable":true,"href":"https:\/\/vcs-inc.org\/ht\/wp-json\/wp\/v2\/comments?post=16165"}],"version-history":[{"count":0,"href":"https:\/\/vcs-inc.org\/ht\/wp-json\/wp\/v2\/pages\/16165\/revisions"}],"up":[{"embeddable":true,"href":"https:\/\/vcs-inc.org\/ht\/wp-json\/wp\/v2\/pages\/16150"}],"wp:attachment":[{"href":"https:\/\/vcs-inc.org\/ht\/wp-json\/wp\/v2\/media?parent=16165"}],"curies":[{"name":"wp","href":"https:\/\/api.w.org\/{rel}","templated":true}]}}