{"id":16158,"date":"2025-06-17T13:59:27","date_gmt":"2025-06-17T17:59:27","guid":{"rendered":"https:\/\/vcs-inc.org\/?page_id=16158"},"modified":"2025-10-22T23:06:57","modified_gmt":"2025-10-23T03:06:57","slug":"parenting-programs","status":"publish","type":"page","link":"https:\/\/vcs-inc.org\/ht\/services\/community-services\/parenting-programs\/","title":{"rendered":"Pwogram Paran yo"},"content":{"rendered":"<h1  data-animation-delay=\"0\" data-animation-duration=\"1\">\n\t\t\t\t<\/h1>\n\t<!-- Breadcrumb NavXT 7.4.1 -->\n<a property=\"item\" typeof=\"WebPage\" title=\"Ale nan S\u00e8vis Kons\u00e8y pou Volont\u00e8.\" href=\"https:\/\/vcs-inc.org\/ht\/\">S\u00e8vis Kons\u00e8y Volont\u00e8<\/a><meta property=\"position\" content=\"1\"\/> &gt; <a property=\"item\" typeof=\"WebPage\" title=\"Ale nan S\u00e8vis yo.\" href=\"https:\/\/vcs-inc.org\/ht\/services\/\">S\u00e8vis yo<\/a><meta property=\"position\" content=\"2\"\/> &gt; <a property=\"item\" typeof=\"WebPage\" title=\"Ale nan S\u00e8vis Kominot\u00e8 yo.\" href=\"https:\/\/vcs-inc.org\/ht\/services\/community-services\/\">S\u00e8vis Kominot\u00e8 yo<\/a><meta property=\"position\" content=\"3\"\/> &gt; Pwogram Paran yo<meta property=\"url\" content=\"https:\/\/vcs-inc.org\/services\/community-services\/parenting-programs\/\"\/><meta property=\"position\" content=\"4\"\/>\n\tEdikasyon Paran pou Gason ak Edikasyon Paran pou Fanm<br \/>\nSa yo se 2 pwogram separe pou paran yo \u2013 youn ki f\u00e8t pou moun ki idantifye t\u00e8t yo k\u00f2m gason, ak youn pou moun ki idantifye t\u00e8t yo k\u00f2m fanm. Toulede pwogram yo swiv menm kourikoul\u00f2m 12 sesyon an ki kouvri sij\u00e8 debaz paran tankou devlopman timoun ak disiplin efikas.\n\t\t\t\t<img decoding=\"async\" src=\"https:\/\/vcs-inc.org\/wp-content\/uploads\/2025\/07\/brooke-balentine-zCJ3H_6tPKY-unsplash-scaled.jpg\" alt=\"decorative image: parents holding babies\" itemprop=\"image\" height=\"2560\" width=\"1707\" title=\"brooke-balentine-zCJ3H_6tPKY-unsplash\" onerror=\"this.style.display='none'\" loading=\"lazy\" \/>\n\t\t<h2><a href=\"\/ht\/contact-us\/?service=Parent%20Education%20and%20Programming#contact-us\" target=\"_self\">Edikasyon Paran pou Gason ak Edikasyon Paran pou Fanm<\/a><\/h2><p>Sa yo se 2 pwogram separe pou paran yo \u2013 youn ki f\u00e8t pou moun ki idantifye t\u00e8t yo k\u00f2m gason, ak youn pou moun ki idantifye t\u00e8t yo k\u00f2m fanm. Toulede pwogram yo swiv menm kourikoul\u00f2m 12 sesyon an ki kouvri sij\u00e8 debaz paran tankou devlopman timoun ak disiplin efikas.<\/p>\n\t\t\t<a href=\"\/ht\/contact-us\/?service=Parent%20Education%20and%20Programming#contact-us\" target=\"_self\">\n\t\t\t\t\t\t\tKontakte nou\n\t\t\t\t\t<\/a>\n\t\t<h2><a href=\"\/ht\/contact-us\/?service=Parent%20Education%20and%20Programming#contact-us\" target=\"_self\">Pwogram Paran Apa<\/a><\/h2><p>Pwogram sa a itil pou tout paran k ap separe, kit yo te marye oswa non. Separasyon ak div\u00f2s se eksperyans ki bay str\u00e8s pou tout moun ki enplike, sitou pou timoun yo. Pwogram edikatif 14 \u00e8dtan sa a konsantre sou bezwen timoun yo pandan moman sa yo.<\/p>\n<p>Pwogram VCS Parenting Apart la gen de pati:<\/p>\n<ul>\n<li>Yon semin\u00e8 entwodiksyon de z\u00e8 s\u00e8tifye pa Eta Nouy\u00f2k, ki te swiv pa:<\/li>\n<li>12 sesyon endividy\u00e8l<\/li>\n<\/ul>\n\t\t\t<a href=\"\/ht\/contact-us\/?service=Parent%20Education%20and%20Programming#contact-us\" target=\"_self\">\n\t\t\t\t\t\t\tKontakte nou\n\t\t\t\t\t<\/a>\n\t\t\t\t<img decoding=\"async\" src=\"https:\/\/vcs-inc.org\/wp-content\/uploads\/2025\/06\/pexels-shvetsa-3845456-scaled.webp\" alt=\"decorative image: baby hand in an adult hand\" itemprop=\"image\" height=\"2560\" width=\"1707\" title=\"pexels-shvetsa-3845456\" onerror=\"this.style.display='none'\" loading=\"lazy\" \/>\n\t\t<h2>\t\n\tSij\u00e8 ki kouvri nan Pwogram Parenting Apart la<\/h2><ul>\n<li>Pwosesis separasyon\/div\u00f2s la<\/li>\n<li>Sa paran yo ka f\u00e8 pou ede pitit yo adapte yo<\/li>\n<li>Kijan timoun yo reyaji<\/li>\n<li>Zouti pou paran apa<\/li>\n<li>Kons\u00e8y sou py\u00e8j komen paran yo<\/li>\n<li>Konpetans pou koute timoun yo<\/li>\n<\/ul>\n\t\t\t\t<a href=\"\/ht\/contact-us\/?service=Parent%20Education%20and%20Programming#contact-us\"  target=\"_self\" itemprop=\"url\">\n\t\t\t\t<img decoding=\"async\" src=\"https:\/\/vcs-inc.org\/wp-content\/uploads\/2025\/10\/VCS_LOGO_2025_Symbol.png\" alt=\"VCS_LOGO_2025_Symbol\" itemprop=\"image\" height=\"450\" width=\"555\" title=\"VCS_LOGO_2025_Senb\u00f2l\" onerror=\"this.style.display='none'\" loading=\"lazy\" \/>\n\t\t\t\t<\/a>\n<h2><a href=\"\/ht\/contact-us\/?service=Parent%20Education%20and%20Programming#contact-us\" target=\"_self\">Enf\u00f2masyon pou kontakte \/ Kijan pou vin yon kliyan<\/a><\/h2>Pou vin yon kliyan, kontakte Darla Salmon, MFT<br \/>\n845-634-5729 x3007<br \/>\n<a href=\"mailto:dsalmon@vcs-inc.org\">dsalmon@vcs-inc.org<\/a>\n\t\t\t<a href=\"\/ht\/contact-us\/?service=Parent%20Education%20and%20Programming#contact-us\" target=\"_self\">\n\t\t\t\t\t\tKontakte nou\n\t\t\t\t\t<\/a>","protected":false},"excerpt":{"rendered":"<p>S\u00e8vis Kons\u00e8y Volont\u00e8 &gt; S\u00e8vis &gt; S\u00e8vis Kominot\u00e8 &gt; Pwogram Paran Edikasyon Paran pou Gason ak Edikasyon Paran pou Fanm Sa yo se 2 pwogram separe pou paran yo - youn ki f\u00e8t...<\/p>","protected":false},"author":1,"featured_media":0,"parent":16150,"menu_order":0,"comment_status":"closed","ping_status":"closed","template":"","meta":{"_acf_changed":false,"_seopress_robots_primary_cat":"","_seopress_titles_title":"","_seopress_titles_desc":"","_seopress_robots_index":"","_price":"","_stock":"","_tribe_ticket_header":"","_tribe_default_ticket_provider":"","_tribe_ticket_capacity":"0","_ticket_start_date":"","_ticket_end_date":"","_tribe_ticket_show_description":"","_tribe_ticket_show_not_going":false,"_tribe_ticket_use_global_stock":"","_tribe_ticket_global_stock_level":"","_global_stock_mode":"","_global_stock_cap":"","_tribe_rsvp_for_event":"","_tribe_ticket_going_count":"","_tribe_ticket_not_going_count":"","_tribe_tickets_list":"[]","_tribe_ticket_has_attendee_info_fields":false,"footnotes":""},"class_list":["post-16158","page","type-page","status-publish","hentry"],"acf":[],"_links":{"self":[{"href":"https:\/\/vcs-inc.org\/ht\/wp-json\/wp\/v2\/pages\/16158","targetHints":{"allow":["GET"]}}],"collection":[{"href":"https:\/\/vcs-inc.org\/ht\/wp-json\/wp\/v2\/pages"}],"about":[{"href":"https:\/\/vcs-inc.org\/ht\/wp-json\/wp\/v2\/types\/page"}],"author":[{"embeddable":true,"href":"https:\/\/vcs-inc.org\/ht\/wp-json\/wp\/v2\/users\/1"}],"replies":[{"embeddable":true,"href":"https:\/\/vcs-inc.org\/ht\/wp-json\/wp\/v2\/comments?post=16158"}],"version-history":[{"count":0,"href":"https:\/\/vcs-inc.org\/ht\/wp-json\/wp\/v2\/pages\/16158\/revisions"}],"up":[{"embeddable":true,"href":"https:\/\/vcs-inc.org\/ht\/wp-json\/wp\/v2\/pages\/16150"}],"wp:attachment":[{"href":"https:\/\/vcs-inc.org\/ht\/wp-json\/wp\/v2\/media?parent=16158"}],"curies":[{"name":"wp","href":"https:\/\/api.w.org\/{rel}","templated":true}]}}