{"id":16150,"date":"2025-06-17T13:41:18","date_gmt":"2025-06-17T17:41:18","guid":{"rendered":"https:\/\/vcs-inc.org\/?page_id=16150"},"modified":"2025-07-16T07:52:07","modified_gmt":"2025-07-16T11:52:07","slug":"community-services","status":"publish","type":"page","link":"https:\/\/vcs-inc.org\/ht\/services\/community-services\/","title":{"rendered":"S\u00e8vis Kominot\u00e8 yo"},"content":{"rendered":"<h1  data-animation-delay=\"0\" data-animation-duration=\"1\">\n\t\t\t\t<\/h1>\n\t<!-- Breadcrumb NavXT 7.4.1 -->\n<a property=\"item\" typeof=\"WebPage\" title=\"Ale nan S\u00e8vis Kons\u00e8y pou Volont\u00e8.\" href=\"https:\/\/vcs-inc.org\/ht\/\">S\u00e8vis Kons\u00e8y Volont\u00e8<\/a><meta property=\"position\" content=\"1\"\/> &gt; <a property=\"item\" typeof=\"WebPage\" title=\"Ale nan S\u00e8vis yo.\" href=\"https:\/\/vcs-inc.org\/ht\/services\/\">S\u00e8vis yo<\/a><meta property=\"position\" content=\"2\"\/> &gt; S\u00e8vis Kominot\u00e8 yo<meta property=\"url\" content=\"https:\/\/vcs-inc.org\/services\/community-services\/\"\/><meta property=\"position\" content=\"3\"\/>\n\t\t\t\t<img decoding=\"async\" src=\"https:\/\/vcs-inc.org\/wp-content\/uploads\/2025\/06\/wellness-coaching-stairs-to-success-300x300.webp\" alt=\"wellness coaching - stairs to success\" itemprop=\"image\" title=\"antren\u00e8 byenn\u00e8t - eskalye pou reyisi\" onerror=\"this.style.display='none'\" loading='lazy' \/>\n\t\t<h2><a href=\"\/ht\/services\/community-services\/wellness-coaching\/\" target=\"_self\">Antren\u00e8 Byenn\u00e8t<\/a><\/h2><p>Coaching se yon f\u00f2m sip\u00f2 ki pa klinik ki ka itilize pou kwasans p\u00e8son\u00e8l oswa pwofesyon\u00e8l. Pwosesis coaching lan bay kons\u00e8y ak f\u00f2masyon pou ede kliyan yo devlope konpetans, ap\u00e8si ak konp\u00f2tman ki gen gwo p\u00e8f\u00f2mans pou yo ka atenn objektif yo pi efikasman. Coach VCS yo ede kliyan yo vin okouran de abitid yo epi amelyore yo, konprann epi aprann nan emosyon yo, epi pran etap aktif ak anpouvwa ki mennen nan chanjman.<\/p>\n\t\t\t<a href=\"\/ht\/services\/community-services\/wellness-coaching\/\" target=\"_self\">\n\t\t\t\t\t\t\tAprann plis\n\t\t\t\t\t<\/a>\n\t\t<h2><a href=\"\/ht\/services\/community-services\/the-beth-kipperman-student-advocacy-program\/\" target=\"_self\">Pwogram Defans El\u00e8v Beth Kipperman an<\/a><\/h2><p>Nan VCS, defans\u00e8 nou yo ede fanmi yo santi yo mwens izole epi yo gen plis pouvwa pou travay av\u00e8k distri lek\u00f2l yo a pou jwenn s\u00e8vis edikasyon\u00e8l oswa konp\u00f2tmantal ki neses\u00e8 yo ki ka amelyore kapasite yon el\u00e8v pou reyisi lek\u00f2l. Nou konnen pwosesis la ka konfizyon ak redoutable pou fanmi yo, se pout\u00e8t sa nou pran tan pou nou aprann epi konprann n\u00e8t sa ki ka afekte kapasite el\u00e8v la pou jwenn aks\u00e8 fasil nan kourikoul\u00f2m edikasyon\u00e8l la.<\/p>\n<p>Pwogram sa a, ki te k\u00f2manse pa Beth Kippperman nan lane 2000, kontinye ede el\u00e8v yo rive nan tout potansy\u00e8l akademik yo epi li bay paran yo lap\u00e8 lespri kons\u00e8nan edikasyon pitit yo.<\/p>\n\t\t\t<a href=\"\/ht\/services\/community-services\/the-beth-kipperman-student-advocacy-program\/\" target=\"_self\">\n\t\t\t\t\t\t\tAprann plis\n\t\t\t\t\t<\/a>\n\t\t\t\t<img decoding=\"async\" src=\"https:\/\/vcs-inc.org\/wp-content\/uploads\/2025\/06\/student-advocacy.webp\" alt=\"student advocacy\" itemprop=\"image\" title=\"defans el\u00e8v yo\" onerror=\"this.style.display='none'\" loading='lazy' \/>\n\t\t\t\t<img decoding=\"async\" src=\"https:\/\/vcs-inc.org\/wp-content\/uploads\/2025\/06\/support-group.webp\" alt=\"support group\" itemprop=\"image\" title=\"gwoup sip\u00f2\" onerror=\"this.style.display='none'\" loading='lazy' \/>\n\t\t<h2><a href=\"\/ht\/services\/community-services\/support-groups\/\" target=\"_self\">Gwoup Sip\u00f2<\/a><\/h2><p>Nan VCS, nou konprann enp\u00f2tans pou pale dir\u00e8kteman ak moun ki ka gen eksperyans ak emosyon menm jan av\u00e8 w. Gwoup Sip\u00f2 yo ba w yon espas pou w santi w an sekirite epi vilnerab. Ou ka jwenn f\u00f2s nan pataje istwa w, oswa nan tande istwa l\u00f2t moun. Nan Gwoup Sip\u00f2 nou yo, yo pataje enf\u00f2masyon serye ak fyab ki ede tout manm gwoup nou yo nan sitiyasyon akty\u00e8l yo a.<\/p>\n\t\t\t<a href=\"\/ht\/services\/community-services\/support-groups\/\" target=\"_self\">\n\t\t\t\t\t\t\tAprann plis\n\t\t\t\t\t<\/a>\n\t\t<h2><a href=\"\/ht\/services\/community-services\/parenting-programs\/\" target=\"_self\">Pwogram Paran yo<\/a><\/h2><p>Nan VCS, nou konprann enp\u00f2tans pou pale dir\u00e8kteman ak moun ki ka gen eksperyans ak emosyon menm jan av\u00e8 w. Gwoup Sip\u00f2 yo ba w yon espas pou w santi w an sekirite epi vilnerab. Ou ka jwenn f\u00f2s nan pataje istwa w, oswa nan tande istwa l\u00f2t moun. Nan Gwoup Sip\u00f2 nou yo, yo pataje enf\u00f2masyon serye ak fyab ki ede tout manm gwoup nou yo nan sitiyasyon akty\u00e8l yo a.<\/p>\n\t\t\t<a href=\"\/ht\/services\/community-services\/parenting-programs\/\" target=\"_self\">\n\t\t\t\t\t\t\tAprann plis\n\t\t\t\t\t<\/a>\n\t\t\t\t<img decoding=\"async\" src=\"https:\/\/vcs-inc.org\/wp-content\/uploads\/2025\/06\/parenting-apart-swingset.webp\" alt=\"parenting apart - swingset\" itemprop=\"image\" title=\"paran apa - balanse\" onerror=\"this.style.display='none'\" loading='lazy' \/>\n\t\t\t\t<img decoding=\"async\" src=\"https:\/\/vcs-inc.org\/wp-content\/uploads\/2025\/06\/older-adult-services.webp\" alt=\"older adult services\" itemprop=\"image\" title=\"s\u00e8vis pou granmoun aje\" onerror=\"this.style.display='none'\" loading='lazy' \/>\n\t\t<h2><a href=\"\/ht\/services\/community-services\/services-for-older-adults-and-their-families\/\" target=\"_self\">S\u00e8vis pou granmoun aje ak fanmi yo<\/a><\/h2><p>Nan VCS, nou konprann enp\u00f2tans pou pale dir\u00e8kteman ak moun ki ka gen eksperyans ak emosyon menm jan av\u00e8 w. Gwoup Sip\u00f2 yo ba w yon espas pou w santi w an sekirite epi vilnerab. Ou ka jwenn f\u00f2s nan pataje istwa w, oswa nan tande istwa l\u00f2t moun. Nan Gwoup Sip\u00f2 nou yo, yo pataje enf\u00f2masyon serye ak fyab ki ede tout manm gwoup nou yo nan sitiyasyon akty\u00e8l yo a.<\/p>\n\t\t\t<a href=\"\/ht\/services\/community-services\/services-for-older-adults-and-their-families\/\" target=\"_self\">\n\t\t\t\t\t\t\tAprann plis\n\t\t\t\t\t<\/a>\n\t\t<h2><a href=\"\/ht\/contact-us\/?service=Domestic%20Violence%20Program%20for%20Men#contact-us\" target=\"_self\">Pwogram Vyolans Domestik pou Gason<\/a><\/h2><p>DVPM a disponib pou tribinal krimin\u00e8l ak sivil, pwobasyon, lib\u00e8te sou kondisyon ak s\u00e8vis pwoteksyon timoun ak s\u00e8vis sosyal k\u00f2m yon mekanis responsablite ak siveyans an relasyon ak zak vyolans domestik gason yo kont patn\u00e8 entim fi yo.<\/p>\n\t\t\t<a href=\"\/ht\/contact-us\/?service=Domestic%20Violence%20Program%20for%20Men#contact-us\" target=\"_self\">\n\t\t\t\t\t\t\tKontakte nou\n\t\t\t\t\t<\/a>\n\t\t\t\t<img decoding=\"async\" src=\"https:\/\/vcs-inc.org\/wp-content\/uploads\/2025\/07\/justice-scales-DVPM.png\" alt=\"justice scales - DVPM\" itemprop=\"image\" title=\"balans jistis - DVPM\" onerror=\"this.style.display='none'\" loading='lazy' \/>","protected":false},"excerpt":{"rendered":"<p>S\u00e8vis Kons\u00e8y Volont\u00e8 &gt; S\u00e8vis &gt; S\u00e8vis Kominot\u00e8 Antren\u00e8 Byenn\u00e8t Antren\u00e8 se yon f\u00f2m sip\u00f2 ki pa klinik ki ka itilize pou kwasans p\u00e8son\u00e8l oswa pwofesyon\u00e8l. Pwosesis antren\u00e8 a bay kons\u00e8y...<\/p>","protected":false},"author":1,"featured_media":0,"parent":19,"menu_order":0,"comment_status":"closed","ping_status":"closed","template":"","meta":{"_acf_changed":false,"_seopress_robots_primary_cat":"","_seopress_titles_title":"","_seopress_titles_desc":"","_seopress_robots_index":"","_price":"","_stock":"","_tribe_ticket_header":"","_tribe_default_ticket_provider":"","_tribe_ticket_capacity":"0","_ticket_start_date":"","_ticket_end_date":"","_tribe_ticket_show_description":"","_tribe_ticket_show_not_going":false,"_tribe_ticket_use_global_stock":"","_tribe_ticket_global_stock_level":"","_global_stock_mode":"","_global_stock_cap":"","_tribe_rsvp_for_event":"","_tribe_ticket_going_count":"","_tribe_ticket_not_going_count":"","_tribe_tickets_list":"[]","_tribe_ticket_has_attendee_info_fields":false,"footnotes":""},"class_list":["post-16150","page","type-page","status-publish","hentry"],"acf":[],"_links":{"self":[{"href":"https:\/\/vcs-inc.org\/ht\/wp-json\/wp\/v2\/pages\/16150","targetHints":{"allow":["GET"]}}],"collection":[{"href":"https:\/\/vcs-inc.org\/ht\/wp-json\/wp\/v2\/pages"}],"about":[{"href":"https:\/\/vcs-inc.org\/ht\/wp-json\/wp\/v2\/types\/page"}],"author":[{"embeddable":true,"href":"https:\/\/vcs-inc.org\/ht\/wp-json\/wp\/v2\/users\/1"}],"replies":[{"embeddable":true,"href":"https:\/\/vcs-inc.org\/ht\/wp-json\/wp\/v2\/comments?post=16150"}],"version-history":[{"count":0,"href":"https:\/\/vcs-inc.org\/ht\/wp-json\/wp\/v2\/pages\/16150\/revisions"}],"up":[{"embeddable":true,"href":"https:\/\/vcs-inc.org\/ht\/wp-json\/wp\/v2\/pages\/19"}],"wp:attachment":[{"href":"https:\/\/vcs-inc.org\/ht\/wp-json\/wp\/v2\/media?parent=16150"}],"curies":[{"name":"wp","href":"https:\/\/api.w.org\/{rel}","templated":true}]}}