{"id":16107,"date":"2025-06-17T10:04:00","date_gmt":"2025-06-17T14:04:00","guid":{"rendered":"https:\/\/vcs-inc.org\/?page_id=16107"},"modified":"2025-07-16T09:31:45","modified_gmt":"2025-07-16T13:31:45","slug":"help-me-help-my-student","status":"publish","type":"page","link":"https:\/\/vcs-inc.org\/ht\/help-me-help-my-student\/","title":{"rendered":"Ede m ede el\u00e8v mwen an"},"content":{"rendered":"<h1  data-animation-delay=\"0\" data-animation-duration=\"1\">\n\t\t\t\t<\/h1>\n\t<!-- Breadcrumb NavXT 7.4.1 -->\n<a property=\"item\" typeof=\"WebPage\" title=\"Ale nan S\u00e8vis Kons\u00e8y pou Volont\u00e8.\" href=\"https:\/\/vcs-inc.org\/ht\/\">S\u00e8vis Kons\u00e8y Volont\u00e8<\/a><meta property=\"position\" content=\"1\"\/> &gt; Ede m ede el\u00e8v mwen an<meta property=\"url\" content=\"https:\/\/vcs-inc.org\/help-me-help-my-student\/\"\/><meta property=\"position\" content=\"2\"\/>\n\t<p>Elve timoun se yon bagay ki difisil \u2013 tou senpleman. Objektif nou se f\u00e8 lavi w pi fasil. Kit se ede pitit ou reyisi lek\u00f2l, ankouraje devlopman ak matirite li atrav\u00e8 kons\u00e8y, oswa edikasyon pou ou aprann nouvo teknik paran, nou gen yon kantite pwogram ki p\u00e8m\u00e8t paran yo reyisi ak lap\u00e8 lespri ke pitit yo ap resevwa tout sip\u00f2 li bezwen.<\/p>\n\t\t\t\t<img decoding=\"async\" src=\"https:\/\/vcs-inc.org\/wp-content\/uploads\/2025\/06\/student-advocacy.webp\" alt=\"student advocacy\" itemprop=\"image\" title=\"defans el\u00e8v yo\" onerror=\"this.style.display='none'\" loading='lazy' \/>\n\t\t<h2><a href=\"\/ht\/services\/community-services\/the-beth-kipperman-student-advocacy-program\/\" target=\"_self\">Defans El\u00e8v<\/a><\/h2><p>Nan VCS, defans\u00e8 nou yo ede fanmi yo santi yo mwens izole epi yo gen plis pouvwa pou travay av\u00e8k distri lek\u00f2l yo a pou jwenn s\u00e8vis edikasyon\u00e8l oswa konp\u00f2tmantal ki neses\u00e8 yo ki ka amelyore kapasite yon el\u00e8v pou reyisi lek\u00f2l. Nou konnen pwosesis la ka konfizyon ak redoutable pou fanmi yo, se pout\u00e8t sa nou pran tan pou nou aprann epi konprann n\u00e8t sa ki ka afekte kapasite el\u00e8v la pou jwenn aks\u00e8 fasil nan kourikoul\u00f2m edikasyon\u00e8l la.<\/p>\n\t\t\t<a href=\"\/ht\/services\/community-services\/the-beth-kipperman-student-advocacy-program\/\" target=\"_self\">\n\t\t\t\t\t\t\tAprann plis bagay sou pwogram sa a ak l\u00f2t sip\u00f2 nou ka ofri\n\t\t\t\t\t<\/a>\n\t\t<h2><a href=\"\/ht\/services\/mental-health-clinic\/\" target=\"_self\">Klinik ki baze nan lek\u00f2l yo<\/a><\/h2><p>Pet\u00e8t sa vle di jwenn bon s\u00e8vis yo pou pitit ou a paske yo bezwen sip\u00f2 pwofesyon\u00e8l. Nou ofri kons\u00e8y dir\u00e8k endividy\u00e8l pou el\u00e8v ki gen 10 an oswa plis nan lek\u00f2l Rockland sa yo:<\/p>\n<ul>\n<li>Lek\u00f2l Elemant\u00e8 Haverstraw<\/li>\n<li>Akademi Vap\u00e8 Kakiat<\/li>\n<li>Lek\u00f2l Mwayen Pomona<\/li>\n<li>Lek\u00f2l Segond\u00e8 Ramapo<\/li>\n<li>Lek\u00f2l Segond\u00e8 Spring Valley<\/li>\n<\/ul>\n\t\t\t<a href=\"\/ht\/services\/mental-health-clinic\/\" target=\"_self\">\n\t\t\t\t\t\t\tAprann plis bagay sou klinik sante mantal nou an ak s\u00e8vis ki enkli ladan l.\n\t\t\t\t\t<\/a>\n\t\t\t\t<img decoding=\"async\" src=\"https:\/\/vcs-inc.org\/wp-content\/uploads\/2025\/07\/clinic-talking-to-a-therapist.png\" alt=\"clinic - talking to a therapist\" itemprop=\"image\" title=\"klinik - pale ak yon terapis\" onerror=\"this.style.display='none'\" loading='lazy' \/>\n\t\t\t\t<img decoding=\"async\" src=\"https:\/\/vcs-inc.org\/wp-content\/uploads\/2025\/06\/parenting-apart-swingset.webp\" alt=\"parenting apart - swingset\" itemprop=\"image\" title=\"paran apa - balanse\" onerror=\"this.style.display='none'\" loading='lazy' \/>\n\t\t<h2><a href=\"\/ht\/services\/community-services\/parenting-programs\/\" target=\"_self\">Pwogramasyon Paran<\/a><\/h2><p>Yon bagay nou tout poze t\u00e8t nou antanke paran, nan yon moman oswa yon l\u00f2t, se &quot;\u00e8ske m ap f\u00e8 sa byen?&quot; Pa gen yon gid paf\u00e8 pou paran, epi li ka difisil pou konnen si nou sou bon chemen an. Nou ofri de diferan kalite pwogram paran pou ede w santi w gen plis konfyans nan fason w ap elve timoun.<\/p>\n<p>Kou Edikasyon Paran nou yo kouvri sij\u00e8 debaz paran tankou devlopman timoun ak disiplin efikas atrav\u00e8 yon kourikoul\u00f2m 12 sem\u00e8n.<\/p>\n<p>Pwogram Parenting Apart nou an itil pou tout paran k ap separe, kit yo marye oswa non, epi li konsantre sou bezwen timoun yo pandan moman sa yo.<\/p>\n\t\t\t<a href=\"\/ht\/services\/community-services\/parenting-programs\/\" target=\"_self\">\n\t\t\t\t\t\t\tAprann plis bagay sou pwogram paran nou yo\n\t\t\t\t\t<\/a>","protected":false},"excerpt":{"rendered":"<p>S\u00e8vis Kons\u00e8y Volont\u00e8 &gt; Ede m Ede El\u00e8v Mwen an Elve pitit se yon bagay difisil \u2013 senp e kl\u00e8. Objektif nou se f\u00e8 lavi w pi fasil. Kit se ede pitit ou a\u2026<\/p>","protected":false},"author":1,"featured_media":0,"parent":0,"menu_order":0,"comment_status":"closed","ping_status":"closed","template":"","meta":{"_acf_changed":false,"_seopress_robots_primary_cat":"","_seopress_titles_title":"","_seopress_titles_desc":"","_seopress_robots_index":"","_price":"","_stock":"","_tribe_ticket_header":"","_tribe_default_ticket_provider":"","_tribe_ticket_capacity":"0","_ticket_start_date":"","_ticket_end_date":"","_tribe_ticket_show_description":"","_tribe_ticket_show_not_going":false,"_tribe_ticket_use_global_stock":"","_tribe_ticket_global_stock_level":"","_global_stock_mode":"","_global_stock_cap":"","_tribe_rsvp_for_event":"","_tribe_ticket_going_count":"","_tribe_ticket_not_going_count":"","_tribe_tickets_list":"[]","_tribe_ticket_has_attendee_info_fields":false,"footnotes":""},"class_list":["post-16107","page","type-page","status-publish","hentry"],"acf":[],"_links":{"self":[{"href":"https:\/\/vcs-inc.org\/ht\/wp-json\/wp\/v2\/pages\/16107","targetHints":{"allow":["GET"]}}],"collection":[{"href":"https:\/\/vcs-inc.org\/ht\/wp-json\/wp\/v2\/pages"}],"about":[{"href":"https:\/\/vcs-inc.org\/ht\/wp-json\/wp\/v2\/types\/page"}],"author":[{"embeddable":true,"href":"https:\/\/vcs-inc.org\/ht\/wp-json\/wp\/v2\/users\/1"}],"replies":[{"embeddable":true,"href":"https:\/\/vcs-inc.org\/ht\/wp-json\/wp\/v2\/comments?post=16107"}],"version-history":[{"count":0,"href":"https:\/\/vcs-inc.org\/ht\/wp-json\/wp\/v2\/pages\/16107\/revisions"}],"wp:attachment":[{"href":"https:\/\/vcs-inc.org\/ht\/wp-json\/wp\/v2\/media?parent=16107"}],"curies":[{"name":"wp","href":"https:\/\/api.w.org\/{rel}","templated":true}]}}