{"id":16015,"date":"2025-06-12T05:23:23","date_gmt":"2025-06-12T09:23:23","guid":{"rendered":"https:\/\/vcs-inc.org\/?page_id=16015"},"modified":"2025-06-12T06:14:38","modified_gmt":"2025-06-12T10:14:38","slug":"history-of-vcs","status":"publish","type":"page","link":"https:\/\/vcs-inc.org\/ht\/about\/history-of-vcs\/","title":{"rendered":"Istwa VCS la"},"content":{"rendered":"<h1>\n\t\t\tIstwa VCS an bref 1970-2025\t<\/h1>\n\t<!-- Breadcrumb NavXT 7.4.1 -->\n<a property=\"item\" typeof=\"WebPage\" title=\"Ale nan S\u00e8vis Kons\u00e8y pou Volont\u00e8.\" href=\"https:\/\/vcs-inc.org\/ht\/\">S\u00e8vis Kons\u00e8y Volont\u00e8<\/a><meta property=\"position\" content=\"1\"\/> &gt; <a property=\"item\" typeof=\"WebPage\" title=\"Ale nan A pwopo.\" href=\"https:\/\/vcs-inc.org\/ht\/about\/\">A pwopo<\/a><meta property=\"position\" content=\"2\"\/> &gt; Istwa VCS la<meta property=\"url\" content=\"https:\/\/vcs-inc.org\/about\/history-of-vcs\/\"\/><meta property=\"position\" content=\"3\"\/>\n\t\t\t\t\t\t\t<h2>Okt\u00f2b 1970<\/h2>\n\t\t\t\t\t\t\t<p>&quot;Pwoj\u00e8 Kons\u00e8y Fanmi Volont\u00e8&quot; asosyasyon s\u00e8vis fanmi Konte Rockland lan te inisye pa fondasyon Ford la pou teste si yon resous konte a ki pa itilize - moun ki entelijan e ki gen bon volonte - te kapab resevwa f\u00f2masyon pou konseye yon popilasyon ki pa jwenn ase s\u00e8vis - kliyan tribinal fanmi an. Yo nonmen Dr Stephen A. Shapiro k\u00f2m direkt\u00e8 pwoj\u00e8 a pou travay ansanm ak Martin Eastman, direkt\u00e8 Asosyasyon S\u00e8vis Fanmi an. Pwoj\u00e8 a finanse pa yon sibvansyon desandan katran e li resevwa $25,000 premye ane a. Prensip la se ke si, apre katran, pwoj\u00e8 a pwouve li gen val\u00e8 pou kominote a, al\u00f2 kominote a ap finanse li. Yo prepare many\u00e8l f\u00f2masyon pwoj\u00e8 a; yo te f\u00e8 yon seleksyon rigoureux sou 60 kandida - yo chwazi dis\u00e8t pou f\u00e8 pati premye gwoup konseye volont\u00e8 yo ki pral sibi yon f\u00f2masyon rigoureux twa fwa pa sem\u00e8n pandan twa mwa. Nan fen pery\u00f2d f\u00f2masyon an, yo asiyen premye gwoup konseye yo trant-kat ka.<\/p>\t\t\t\t\t\t\t\t\t\t\t\t\t\n\t\t\t\t\t\t\t<h2>1971<\/h2>\n\t\t\t\t\t\t\t<p>Yo mete an plas yon sist\u00e8m referans regilye ki soti nan depatman pwobasyon an ak tribinal fanmi an av\u00e8k \u00e8d John Mulholland, direkt\u00e8 Pwobasyon an, ak Jennie Tulevech ak Mike Frenchak, Ofisye Pwobasyon yo. Aktivite pou ranmase lajan yo k\u00f2manse pou satisf\u00e8 espesifikasyon fon kontribisyon Fondasyon Ford la pou 2y\u00e8m ane Demonstrasyon an. Yo f\u00e8 yon rek\u00f2mandasyon pou re\u00f2ganize Pwoj\u00e8 a an yon ajans apa.<\/p>\t\t\t\t\t\t\t\t\t\t\t\t\t\n\t\t\t\t\t\t\t<h2>1972<\/h2>\n\t\t\t\t\t\t\t<p>Komite Pwoj\u00e8 Asosyasyon S\u00e8vis Fanmi an fini travay li te f\u00e8 pandan plizy\u00e8 mwa pou transf\u00f2me Pwoj\u00e8 a an yon ajans enk\u00f2pore apa ki rele S\u00e8vis Kons\u00e8y Volont\u00e8 Konte Rockland, Inc. Av\u00e8k yon aktivite pou ranmase lajan ki te reyisi lakay Jerry ak Simona Chazen epi finansman ki soti nan Konte Rockland, s\u00e8vis yo te elaji grasa 60 konseye volont\u00e8 ki resevwa f\u00f2masyon ak 21 sip\u00e8viz\u00e8 volont\u00e8 ak 2 anplwaye ki te anboche pou ede Direkt\u00e8 Egzekitif, Stephen Shapiro.<\/p>\t\t\t\t\t\t\t\t\t\t\t\t\t\n\t\t\t\t\t\t\t<h2>1973<\/h2>\n\t\t\t\t\t\t\t<p>Kantite konseye volont\u00e8 yo ogmante a 82 epi vennsis sip\u00e8viz\u00e8 pwofesyon\u00e8l pote t\u00e8t yo volont\u00e8 pou sip\u00e8vize ka yo. Kons\u00e8y Administrasyon VCS la f\u00e8 yon evalyasyon konpl\u00e8 kliyan yo ak rezilta tr\u00e8 favorab.<\/p>\t\t\t\t\t\t\t\t\t\t\t\t\t\n\t\t\t\t\t\t\t<h2>1974<\/h2>\n\t\t\t\t\t\t\t<p>Ajans lan ap deplase soti nan 22 New Hempstead Road pou ale nan 151 South Main Street nan New City pou akomode yon pwogram estaj pou etidyan gradye ki f\u00e8k aplike ak anpil demand ki genyen sou anplwaye yo ak Kons\u00e8y Administrasyon an.<\/p>\t\t\t\t\t\t\t\t\t\t\t\t\t\n\t\t\t\t\t\t\t<h2>1975<\/h2>\n\t\t\t\t\t\t\t<p>Ak\u00f2z kwasans VCS la ak ogmantasyon demand sou Ajans lan, yo anplwaye nouvo anplwaye epi yo kreye gwoup pou paran, adolesan, fanm ki an kriz, ak premye delenkan yo. Yo anplwaye Simona Chazen k\u00f2m premye Direkt\u00e8 Asistan a plen tan. Nan fen ane a, 426 fanmi te resevwa s\u00e8vis.<\/p>\t\t\t\t\t\t\t\t\t\t\t\t\t\n\t\t\t\t\t\t\t<h2>1976 \u2013 1980<\/h2>\n\t\t\t\t\t\t\t<p>Sa a se yon pery\u00f2d kwasans ak ekspansyon pwogramatik siyifikatif ki te w\u00e8 anfaz \u00e9mergentes sou asistans viktim vyolans domestik, yon w\u00f2l VCS ki pi solid ak Tribinal Fanmi an, yon nouvo patenarya ak Biwo Konte pou Granmoun Aje ki konsantre sou granmoun aje ki izole yo. Simona Chazen, k ap travay av\u00e8k Jij Tribinal Fanmi Howard Miller ak Alfred J. Weiner, kreye Pwogram VCS pou Paran Apre Div\u00f2s. Anplis de sa, yo te k\u00f2manse yon Pwogram Sensibilizasyon Antrepriz epi Simona Chazen, an kolaborasyon av\u00e8k Avoka Distri a Kenneth Gribitz, te lanse Pwogram Medyasyon Volont\u00e8 VCS la. Pandan 10y\u00e8m ane operasyon li (1980), yo te s\u00e8vi yon total 4,348 moun.<\/p>\t\t\t\t\t\t\t\t\t\t\t\t\t\n\t\t\t\t\t\t\t<h2>1981<\/h2>\n\t\t\t\t\t\t\t<p>Pandan pery\u00f2d ens\u00e8titid fiskal sa a, yo chwazi VCS k\u00f2m yon ajans manm United Way, yon ajans kontra pou Konte Rockland epi w\u00f2l ajans lan k\u00f2m yon eksp\u00e8 nan dom\u00e8n vyolans domestik vin solid.<\/p>\t\t\t\t\t\t\t\t\t\t\t\t\t\n\t\t\t\t\t\t\t<h2>1982<\/h2>\n\t\t\t\t\t\t\t<p>Rediksyon bidj\u00e8 federal ak leta yo f\u00f2se VCS antre nan yon pwosesis planifikasyon estratejik ki pi oton\u00f2m e endepandan menm pandan ajans lan ap elaji s\u00e8vis li yo ak yon pi gwo rive nan kominote li s\u00e8vi a. Gail Golden nonmen Direkt\u00e8 Klinik<\/p>\t\t\t\t\t\t\t\t\t\t\t\t\t\n\t\t\t\t\t\t\t<h2>1983<\/h2>\n\t\t\t\t\t\t\t<p>Twa nouvo pwogram f\u00f2masyon pou konseye yo pwodui 47 nouvo konseye volont\u00e8, sa ki mande pou rekrite yon pi gwo kantite sip\u00e8viz\u00e8 volont\u00e8, ki rive nan 71 nan fen ane a. Marge Lipson nonmen k\u00f2m Direkt\u00e8 Adjwen. Phyllis B. Frank elaji pwogram f\u00f2masyon pou delenkan vyolans domestik yo nan tout peyi a.<\/p>\t\t\t\t\t\t\t\t\t\t\t\t\t\n\t\t\t\t\t\t\t<h2>1984<\/h2>\n\t\t\t\t\t\t\t<p>L\u00e8 Dr. Stephen Shapiro te demisyone k\u00f2m Direkt\u00e8 Egzekitif apre kat\u00f2z ane s\u00e8vis, Marjorie Lipson, CSW te nonmen Direkt\u00e8 Egzekitif Pwovizwa. Ajans lan kontinye revandike w\u00f2l li nan dom\u00e8n vyolans domestik, \u00f2ganize konferans pou gason ak fanm.<\/p>\t\t\t\t\t\t\t\t\t\t\t\t\t\n\t\t\t\t\t\t\t<h2>1985<\/h2>\n\t\t\t\t\t\t\t<p>Marjorie Lipson nonmen Direkt\u00e8 Egzekitif. Pandan kenzy\u00e8m ane s\u00e8vis kontiny\u00e8l li a, yon total kat mil san venns\u00e8t moun te benefisye omwen yon pwogram VCS. Phyllis Frank nonmen Direkt\u00e8 Adjwen pou Administrasyon.<\/p>\t\t\t\t\t\t\t\t\t\t\t\t\t\n\t\t\t\t\t\t\t<h2>1986<\/h2>\n\t\t\t\t\t\t\t<p>VCS kontinye elaji pwogram ak s\u00e8vis li yo pou manm kominote a ki nan bezwen epi li k\u00f2manse pwosesis long ak difisil \u00f2ganizasyon kominot\u00e8 a ki konsantre sou yon tolerans zewo pou vyolans domestik. Pandan ane sa a, sis mil s\u00e8tsan katreven twa moun te resevwa s\u00e8vis.<\/p>\t\t\t\t\t\t\t\t\t\t\t\t\t\n\t\t\t\t\t\t\t<h2>1987<\/h2>\n\t\t\t\t\t\t\t<p>VCS onore pou anpil nan aktivite li yo, tankou premye sibvansyon United Way Enterprise la an lon\u00e8 yon pwogram ki rele &quot;Estr\u00e8s Kl\u00e8je ak Konfli W\u00f2l&quot;. Nouvo pwogram yo te lanse pou moun kap bay swen.<\/p>\t\t\t\t\t\t\t\t\t\t\t\t\t\n\t\t\t\t\t\t\t<h2>1988<\/h2>\n\t\t\t\t\t\t\t<p>Av\u00e8k anpil defans enter\u00e8 nan men VCS, Eta Nouy\u00f2k apwouve yon lejislasyon ki kreye yon sous finansman pou pwogram pou moun ki vyolan. Douz kol\u00e8j ak iniv\u00e8site plase kat\u00f2z estajy\u00e8 etidyan gradye nan Pwogram F\u00f2masyon VCS la. Sis mil sis san karant n\u00e8f moun te resevwa s\u00e8vis pandan ane sa a.<\/p>\t\t\t\t\t\t\t\t\t\t\t\t\t\n\t\t\t\t\t\t\t<h2>1989<\/h2>\n\t\t\t\t\t\t\t<p>VCS resevwa yon sibvansyon pou sip\u00f2te Sant Resous Moun k ap Bay Swen yo; 7y\u00e8m Konferans Any\u00e8l pou Gason yo kopatwone pa Rockland Community College ak VCS; VCS s\u00e8vi kat san karant moun anplis pandan ane sa a konpare ak ane anvan an.<\/p>\t\t\t\t\t\t\t\t\t\t\t\t\t\n\t\t\t\t\t\t\t<h2>1990<\/h2>\n\t\t\t\t\t\t\t<p>Divizyon Pwobasyon ak Alt\u00e8natif Koreksyon\u00e8l Eta New York la ak\u00f2de yon sibvansyon twa zan bay VCS pou elaji s\u00e8vis pou moun ki vyolan epi pou kow\u00f2done yon apw\u00f2ch sist\u00e8m konpl\u00e8 pou vyolans domestik.<\/p>\t\t\t\t\t\t\t\t\t\t\t\t\t\n\t\t\t\t\t\t\t<h2>1991<\/h2>\n\t\t\t\t\t\t\t<p>Kriz fiskal Eta &#039;91 la kreye nesesite pou div\u00e8sifye sous finansman yo. Marge Lipson ak ekip pwofesyon\u00e8l li a inisye nouvo pwogramasyon tout pandan y ap kenbe pwogram ak s\u00e8vis ki deja an plas yo nan pi wo nivo posib. Kat\u00f2z estajy\u00e8 etidyan gradye ak plis pase desan konseye ak medyat\u00e8 volont\u00e8 bay s\u00e8vis a plis pase s\u00e8t mil moun.<\/p>\t\t\t\t\t\t\t\t\t\t\t\t\t\n\t\t\t\t\t\t\t<h2>1992<\/h2>\n\t\t\t\t\t\t\t<p>Nouvo pwogram yo te lanse pou granmoun ki andikape mantalman ak pou paran ki gen timoun ki afekte negativman pa yon separasyon oswa yon div\u00f2s. Yon l\u00f2t fwa ank\u00f2, plis pase s\u00e8t mil moun resevwa s\u00e8vis.<\/p>\t\t\t\t\t\t\t\t\t\t\t\t\t\n\t\t\t\t\t\t\t<h2>1993<\/h2>\n\t\t\t\t\t\t\t<p>Yo \u00f2ganize yon nouvo Pwogram Gwoup pou Papa yo pou paran ki abize pitit yo ak patn\u00e8 yo epi yon l\u00f2t Gwoup pou Manman yo k\u00f2manse pou paran ki gen pwobl\u00e8m abi ak neglijans sou timoun. Yo s\u00e8vi mil moun anplis ane sa a konpare ak 1992.<\/p>\t\t\t\t\t\t\t\t\t\t\t\t\t\n\t\t\t\t\t\t\t<h2>1994 \u2013 1996<\/h2>\n\t\t\t\t\t\t\t<p>Pandan ane sa yo, VCS te rive nan yon moman kritik nan devlopman li, ni anrap\u00f2 ak p\u00e8sonalite piblik li, ni anrap\u00f2 ak seri pwogram ak s\u00e8vis yo te lanse pou granmoun aje yo ak fanmi yo, j\u00e8n moun, sivivan kans\u00e8, gason ki vyolan, ni anrap\u00f2 ak pwobl\u00e8m prevansyon vyolans domestik, ras ak opresyon. Phyllis B. Frank te k\u00f2manse Pwoj\u00e8 Chanjman Kominot\u00e8 VCS la, ke yo souvan konsidere k\u00f2m konsyans ajans lan. Se l\u00e8 sa a, anba lid\u00e8chip Marge Lipson ak dilijans Kons\u00e8y Administrasyon an, VCS te achte pw\u00f2p bilding li. Nan fen ane 1996, VCS t ap s\u00e8vi plis pase onz mil moun.<\/p>\t\t\t\t\t\t\t\t\t\t\t\t\t\n\t\t\t\t\t\t\t<h2>1997<\/h2>\n\t\t\t\t\t\t\t<p>Anplis Pwogram F\u00f2masyon Konseye Volont\u00e8 VCS ki byen aklame a, VCS ap vin rapidman yon enstiti f\u00f2masyon pou moun atrav\u00e8 peyi a ki enterese nan Undoing Racism\u00a9, pwogram pou moun k ap vyolan, ak pwobl\u00e8m eteroseksism ak omofobi ansanm ak l\u00f2t pwobl\u00e8m opresyon. Marjorie Lipson pran retr\u00e8t k\u00f2m Direkt\u00e8 Egzekitif apre 13 ane s\u00e8vis remakab.<\/p>\t\t\t\t\t\t\t\t\t\t\t\t\t\n\t\t\t\t\t\t\t<h2>1998<\/h2>\n\t\t\t\t\t\t\t<p>Yo nome Deborah Cary Murnion k\u00f2m 3y\u00e8m Direkt\u00e8 Egzekitif la. Yo re\u00f2ganize ajans lan an kat depatman distenk: S\u00e8vis Kons\u00e8y Jeneral, Sant pou Rezolisyon Konfli, S\u00e8vis pou Granmoun Aje ak Fanmi yo, Pwoj\u00e8 Chanjman Kominot\u00e8.<\/p>\t\t\t\t\t\t\t\t\t\t\t\t\t\n\t\t\t\t\t\t\t<h2>1999<\/h2>\n\t\t\t\t\t\t\t<p>VCS Gay Pride Rockland, \u201cSe pa yon parad, se yon ev\u00e8nman pou tout moun!\u201d ki te f\u00e8t nan Nyack; yon Gwoup Manman ki Pale Pany\u00f2l te lanse nan Haverstraw, epi s\u00e8vis Kons\u00e8y LGBT yo te lanse.<\/p>\t\t\t\t\t\t\t\t\t\t\t\t\t\n\t\t\t\t\t\t\t<h2>2000<\/h2>\n\t\t\t\t\t\t\t<p>Ajans lan te re\u00f2ganize an twa depatman: S\u00e8vis Klinik, Sant pou Rezolisyon Konfli ak Pwoj\u00e8 Chanjman Kominot\u00e8; ev\u00e8nman any\u00e8l VCS Gay Pride Rockland la atire 800 moun epi<br \/>Prezantasyon Atelye Def\u00e8t Rasis la ap elaji nan distri lek\u00f2l lokal yo. Gail Golden \u00f2ganize yon kowalisyon kominot\u00e8 pou egzamine pwobl\u00e8m ki gen rap\u00f2 ak imigrasyon.<\/p>\t\t\t\t\t\t\t\t\t\t\t\t\t\n\t\t\t\t\t\t\t<h2>2001<\/h2>\n\t\t\t\t\t\t\t<p>Pwogram Fanmi VCS k\u00f2m Paran an k\u00f2manse epi Depatman Lajistis Etazini an kontinye finanse Inisyativ Prevansyon Vyolans Domestik Vilaj Spring Valley la, yon kolaborasyon ant Vilaj la, Abri Fanmi Rockland ak VCS. Anplwaye klinik VCS yo reponn a devastasyon ki te koze pa atak 11 septanm yo, l\u00e8 yo f\u00f2me plis pase 60 volont\u00e8 nan konpetans kons\u00e8y pou estr\u00e8s p\u00f2s-twomatik epi l\u00e8 yo devlope gwoup kontak ak sip\u00f2 pou plizy\u00e8 lek\u00f2l ak bibliyot\u00e8k. Gras a ef\u00f2 sa a, &quot;Pwoj\u00e8 Istwa VCS 9\/11&quot; la fini.<\/p>\t\t\t\t\t\t\t\t\t\t\t\t\t\n\t\t\t\t\t\t\t<h2>2002 \u2013 2005<\/h2>\n\t\t\t\t\t\t\t<p>Nouvo pwogram VCS yo devlope an repons a bezwen kominote a ki byen kl\u00e8: &quot;Madre a Madre Proyecto&quot;, Pwogram Defans El\u00e8v Rockland, Sant pou Devlopman El\u00e8v, tout reponn a yon vid neses\u00e8 nan konte a. Anpil inisyativ kontinye epi elaji, tankou VCS Gay Pride Rockland ki ajoute plis op\u00f2tinite pou kominote LGBT a ak fanmi yo reyini ansanm. Yon l\u00f2t nouvote ane sa a se piblikasyon Any\u00e8 Biznis, S\u00e8vis ak \u00d2ganizasyon Kominot\u00e8 ki Zanmitay LGBT yo. Yon ti tan apre Etazini te anvayi Irak, VCS te ofri gwoup sip\u00f2 pou fanmi ki gen moun yo renmen nan lame a.<\/p>\t\t\t\t\t\t\t\t\t\t\t\t\t\n\t\t\t\t\t\t\t<h2>2006<\/h2>\n\t\t\t\t\t\t\t<p>San onz konseye volont\u00e8 ak estajy\u00e8 etidyan bay 4,593 sesyon kons\u00e8y pou plis pase mil kliyan. VCS renove espas twazy\u00e8m etaj li a pou elaji kapasite li pou s\u00e8vi plis moun. Anplwaye VCS yo fini premye faz travay kolaborasyon an av\u00e8k Sant pou Inovasyon Tribinal la, yon etid nasyonal ki rele Repons Tribinal yo anrap\u00f2 ak Non Konf\u00f2mite Pwogram Bat\u00e8 yo. 7y\u00e8m ev\u00e8nman Any\u00e8l VCS Gay Pride Rockland la, 5y\u00e8m Ekspozisyon Atizana ak Vann pou Benefisye Gay Pride Rockland la, Sware Cabaret ak piblikasyon any\u00e8l Any\u00e8 LBGT a mete VCS nan sant atansyon nasyonal la l\u00e8 The Advocate pibliye yon atik sou ev\u00e8nman fy\u00e8te nan ti vil yo ki reyisi. Fondasyon Avon an rantre nan l\u00f2t fondasyon charitab ki sip\u00f2te travay inovat\u00e8 nan VCS, espesyalman pou viktim vyolans domestik yo. VCS se yon moun ki nan premye plan pou adrese pwobl\u00e8m imigrasyon yo.<\/p>\t\t\t\t\t\t\t\t\t\t\t\t\t\n\t\t\t\t\t\t\t<h2>2007<\/h2>\n\t\t\t\t\t\t\t<p>United Way of Rockland County bay VCS yon Sibvansyon Enpak Kominot\u00e8 pou kolabore av\u00e8k \u00f2ganizasyon kominot\u00e8 nan Vilaj Spring Valley pou asire ke s\u00e8vis kons\u00e8y ki konpetan nan dom\u00e8n kiltir\u00e8l yo fasil pou jwenn aks\u00e8 pou rezidan nan kominote sa a. VCS kopatwone twazy\u00e8m Fow\u00f2m Imigrasyon Any\u00e8l la nan Dominican College ki te gen plis pase 100 moun ki te konsantre sou &quot;Sante Imigran&quot;. Gail Golden lanse pwogram VCS Veteran pou Veteran pou reponn a bezwen s\u00f2lda k ap retounen lakay yo soti nan lag\u00e8 Irak ak Afganistan. Pwogram Alt\u00e8nativ Pozitif pou Sispansyon Lek\u00f2l VCS la aplike nan Distri Lek\u00f2l East Ramapo.<\/p>\t\t\t\t\t\t\t\t\t\t\t\t\t\n\t\t\t\t\t\t\t<h2>2008<\/h2>\n\t\t\t\t\t\t\t<p>VCS lanse yon nouvo sit ent\u00e8n\u00e8t www.vetsforvetsrockland.org pou sip\u00f2te travay douz konseye volont\u00e8 nan pwogram Vets for Vets la. VCS kontinye lid\u00e8chip li nan Rockland County STOP FEAR Coalition, yon inisyativ nan tout konte a ki depi 1986 ap ch\u00e8che etabli yon tolerans zewo pou vyolans domestik. &quot;Gwo resesyon&quot; an k\u00f2manse enfliyanse finansman piblik ak donasyon charitab.<\/p>\t\t\t\t\t\t\t\t\t\t\t\t\t\n\t\t\t\t\t\t\t<h2>2009<\/h2>\n\t\t\t\t\t\t\t<p>Pwogram VCS Vets for Vets la \u00f2ganize Dr. Edward Tick, ot\u00e8 &quot;War and Soul&quot; epi yon eksp\u00e8 nasyonal sou ede veteran geri blesi lag\u00e8 yo. Pwogram nan, ki te f\u00e8t nan Bibliyot\u00e8k New City a, te atire pr\u00e8ske 100 moun. VCS nominen moun ki te genyen prim 2009 yo pou Filantw\u00f2p Eksepsyon\u00e8l Ane a nan Konte Rockland: Simona ak Jerry Chazen. VCS selebre 11y\u00e8m ane Gay Pride Rockland la, patwone yon ev\u00e8nman ak envite onor\u00e8 a, Tim Gunn, ki te f\u00e8 pati &quot;Project Runway&quot;! VCS resevwa yon sibvansyon nan men Corporation for National and Community Service pou patwone Pwogram Granparan Adoptif nan Konte Rockland.<\/p>\t\t\t\t\t\t\t\t\t\t\t\t\t\n\t\t\t\t\t\t\t<h2>2010<\/h2>\n\t\t\t\t\t\t\t<p>VCS k\u00f2manse selebrasyon 40y\u00e8m aniv\u00e8s\u00e8 li ki dire tout yon ane a, ki fini ak yon selebrasyon gala an lon\u00e8 Simona Chazen!<\/p>\t\t\t\t\t\t\t\t\t\t\t\t\t\n\t\t\t\t\t\t\t<h2>2012<\/h2>\n\t\t\t\t\t\t\t<p>VCS demenaje soti nan 151 S Main Street pou ale nan 77 S Main Street.<\/p>\t\t\t\t\t\t\t\t\t\t\t\t\t\n\t\t\t\t\t\t\t<h2>2015<\/h2>\n\t\t\t\t\t\t\t<p>VCS lanse Klinik Tretman Sante Mantal pou Pasyan Ekst\u00e8n Atik 31 nan Biwo Sante Mantal Eta Nouy\u00f2k li a an jen 2015! K\u00f2manse av\u00e8k s\u00e8lman de kliyan an jiy\u00e8, klinik la te grandi byen vit pou l s\u00e8vi 136 moun ak 774 randevou an total pou ane a.<\/p>\t\t\t\t\t\t\t\t\t\t\t\t\t\n\t\t\t\t\t\t\t<h2>2024<\/h2>\n\t\t\t\t\t\t\t<p>VCS ap grandi nan plizy\u00e8 fason. Yo resevwa f\u00f2masyon epi yo anplwaye Espesyalis pou granmoun ak defans\u00e8 fanmi pou timoun yo pou ranpli twou vid ki genyen nan s\u00e8vis yo bay kliyan yo. Yo angaje Dr. Douglas Landy k\u00f2m premye sikyat aplentan nan Klinik la pou akomode yon baz kliyan k ap grandi. Anplis de sa, yo chanje non pwogram kons\u00e8y jeneral la pou l vin Pwogram Antren\u00e8 Byenn\u00e8t VCS, dirije pa Kristine Lopez-Morell, premye Direkt\u00e8 Divizyon S\u00e8vis Kominot\u00e8 nan VCS. Pandan ete a, yo k\u00f2manse travay pou nouvo Jaden Byenn\u00e8t VCS la.<\/p>\t\t\t\t\t\t\t\t\t\t\t\t\t\n\t\t\t\t\t\t\t<h2>2025<\/h2>\n\t\t\t\t\t\t\t<p>VCS selebre 55y\u00e8m aniv\u00e8s\u00e8 li k\u00f2m yon \u00f2ganizasyon, epi Klinik la selebre 10y\u00e8m aniv\u00e8s\u00e8 li! Yo achte yon nouvo pwopriyete nan 7 Stokum Lane pandan bilding prensipal la nan 77 South Main Street ap deb\u00f2de. Premye gwoup volont\u00e8 yo gradye nan pwogram f\u00f2masyon VCS Wellness Coaching la, epi yo k\u00f2manse antrene kliyan yo. Yo selebre tout kwasans sa a nan Gala Espwa, Gerizon ak Kwasans lan.<\/p>","protected":false},"excerpt":{"rendered":"<p>Istwa VCS an bref 1970-2025 S\u00e8vis Kons\u00e8y Volont\u00e8 &gt; A pwopo &gt; Istwa VCS Okt\u00f2b 1970 &quot;Pwoj\u00e8 Kons\u00e8y Fanmi Volont\u00e8&quot; asosyasyon s\u00e8vis fanmi Konte Rockland...<\/p>","protected":false},"author":1,"featured_media":0,"parent":17,"menu_order":0,"comment_status":"closed","ping_status":"closed","template":"","meta":{"_acf_changed":false,"_seopress_robots_primary_cat":"","_seopress_titles_title":"","_seopress_titles_desc":"","_seopress_robots_index":"","_price":"","_stock":"","_tribe_ticket_header":"","_tribe_default_ticket_provider":"","_tribe_ticket_capacity":"0","_ticket_start_date":"","_ticket_end_date":"","_tribe_ticket_show_description":"","_tribe_ticket_show_not_going":false,"_tribe_ticket_use_global_stock":"","_tribe_ticket_global_stock_level":"","_global_stock_mode":"","_global_stock_cap":"","_tribe_rsvp_for_event":"","_tribe_ticket_going_count":"","_tribe_ticket_not_going_count":"","_tribe_tickets_list":"[]","_tribe_ticket_has_attendee_info_fields":false,"footnotes":""},"class_list":["post-16015","page","type-page","status-publish","hentry"],"acf":[],"_links":{"self":[{"href":"https:\/\/vcs-inc.org\/ht\/wp-json\/wp\/v2\/pages\/16015","targetHints":{"allow":["GET"]}}],"collection":[{"href":"https:\/\/vcs-inc.org\/ht\/wp-json\/wp\/v2\/pages"}],"about":[{"href":"https:\/\/vcs-inc.org\/ht\/wp-json\/wp\/v2\/types\/page"}],"author":[{"embeddable":true,"href":"https:\/\/vcs-inc.org\/ht\/wp-json\/wp\/v2\/users\/1"}],"replies":[{"embeddable":true,"href":"https:\/\/vcs-inc.org\/ht\/wp-json\/wp\/v2\/comments?post=16015"}],"version-history":[{"count":0,"href":"https:\/\/vcs-inc.org\/ht\/wp-json\/wp\/v2\/pages\/16015\/revisions"}],"up":[{"embeddable":true,"href":"https:\/\/vcs-inc.org\/ht\/wp-json\/wp\/v2\/pages\/17"}],"wp:attachment":[{"href":"https:\/\/vcs-inc.org\/ht\/wp-json\/wp\/v2\/media?parent=16015"}],"curies":[{"name":"wp","href":"https:\/\/api.w.org\/{rel}","templated":true}]}}