{"id":15982,"date":"2025-06-11T12:38:53","date_gmt":"2025-06-11T16:38:53","guid":{"rendered":"https:\/\/vcs-inc.org\/?page_id=15982"},"modified":"2025-07-16T09:33:27","modified_gmt":"2025-07-16T13:33:27","slug":"work-with-us","status":"publish","type":"page","link":"https:\/\/vcs-inc.org\/ht\/services\/work-with-us\/","title":{"rendered":"Travay av\u00e8k nou"},"content":{"rendered":"<h1  data-animation-delay=\"0\" data-animation-duration=\"1\">\n\t\t\t\t<\/h1>\n\t<!-- Breadcrumb NavXT 7.4.1 -->\n<a property=\"item\" typeof=\"WebPage\" title=\"Ale nan S\u00e8vis Kons\u00e8y pou Volont\u00e8.\" href=\"https:\/\/vcs-inc.org\/ht\/\">S\u00e8vis Kons\u00e8y Volont\u00e8<\/a><meta property=\"position\" content=\"1\"\/> &gt; <a property=\"item\" typeof=\"WebPage\" title=\"Ale nan S\u00e8vis yo.\" href=\"https:\/\/vcs-inc.org\/ht\/services\/\">S\u00e8vis yo<\/a><meta property=\"position\" content=\"2\"\/> &gt; Travay av\u00e8k nou<meta property=\"url\" content=\"https:\/\/vcs-inc.org\/services\/work-with-us\/\"\/><meta property=\"position\" content=\"3\"\/>\n\t\t\tPwogram Estaj pou Etidyan Gradye\n\t\t\t\t\t\t<a href=\"\/ht\/services\/work-with-us\/graduate-student-internship-program\/\" target=\"_self\">\n\t\t\t\tAprann plis\t\t\t<\/a>\n\t\t\tVolont\u00e8 Antren\u00e8 Byenn\u00e8t\n\t\t\t\t\t\t<a href=\"\/ht\/volunteer\/\" target=\"_self\">\n\t\t\t\tAprann plis\t\t\t<\/a>\n\t\t\tOp\u00f2tinite Travay\n\t\t\t\t\t\t<a href=\"\/ht\/services\/work-with-us\/employment-opportunities\/\" target=\"_self\">\n\t\t\t\tAprann plis\t\t\t<\/a>","protected":false},"excerpt":{"rendered":"<p>S\u00e8vis Kons\u00e8y Volont\u00e8 &gt; S\u00e8vis &gt; Travay av\u00e8k nou Pwogram Estaj pou Etidyan Gradye Aprann plis Volont\u00e8 Coaching Byenn\u00e8t Aprann plis Op\u00f2tinite Travay Aprann plis<\/p>","protected":false},"author":1,"featured_media":0,"parent":19,"menu_order":0,"comment_status":"closed","ping_status":"closed","template":"","meta":{"_acf_changed":false,"_seopress_robots_primary_cat":"","_seopress_titles_title":"","_seopress_titles_desc":"","_seopress_robots_index":"","_price":"","_stock":"","_tribe_ticket_header":"","_tribe_default_ticket_provider":"","_tribe_ticket_capacity":"0","_ticket_start_date":"","_ticket_end_date":"","_tribe_ticket_show_description":"","_tribe_ticket_show_not_going":false,"_tribe_ticket_use_global_stock":"","_tribe_ticket_global_stock_level":"","_global_stock_mode":"","_global_stock_cap":"","_tribe_rsvp_for_event":"","_tribe_ticket_going_count":"","_tribe_ticket_not_going_count":"","_tribe_tickets_list":"[]","_tribe_ticket_has_attendee_info_fields":false,"footnotes":""},"class_list":["post-15982","page","type-page","status-publish","hentry"],"acf":[],"_links":{"self":[{"href":"https:\/\/vcs-inc.org\/ht\/wp-json\/wp\/v2\/pages\/15982","targetHints":{"allow":["GET"]}}],"collection":[{"href":"https:\/\/vcs-inc.org\/ht\/wp-json\/wp\/v2\/pages"}],"about":[{"href":"https:\/\/vcs-inc.org\/ht\/wp-json\/wp\/v2\/types\/page"}],"author":[{"embeddable":true,"href":"https:\/\/vcs-inc.org\/ht\/wp-json\/wp\/v2\/users\/1"}],"replies":[{"embeddable":true,"href":"https:\/\/vcs-inc.org\/ht\/wp-json\/wp\/v2\/comments?post=15982"}],"version-history":[{"count":0,"href":"https:\/\/vcs-inc.org\/ht\/wp-json\/wp\/v2\/pages\/15982\/revisions"}],"up":[{"embeddable":true,"href":"https:\/\/vcs-inc.org\/ht\/wp-json\/wp\/v2\/pages\/19"}],"wp:attachment":[{"href":"https:\/\/vcs-inc.org\/ht\/wp-json\/wp\/v2\/media?parent=15982"}],"curies":[{"name":"wp","href":"https:\/\/api.w.org\/{rel}","templated":true}]}}