{"id":15980,"date":"2025-06-11T12:38:24","date_gmt":"2025-06-11T16:38:24","guid":{"rendered":"https:\/\/vcs-inc.org\/?page_id=15980"},"modified":"2025-07-29T16:59:53","modified_gmt":"2025-07-29T20:59:53","slug":"graduate-student-internship-program","status":"publish","type":"page","link":"https:\/\/vcs-inc.org\/ht\/services\/work-with-us\/graduate-student-internship-program\/","title":{"rendered":"Pwogram Estaj pou Etidyan Gradye"},"content":{"rendered":"<h1  data-animation-delay=\"0\" data-animation-duration=\"1\">\n\t\t\t\t<\/h1>\n\t<!-- Breadcrumb NavXT 7.4.1 -->\n<a property=\"item\" typeof=\"WebPage\" title=\"Ale nan S\u00e8vis Kons\u00e8y pou Volont\u00e8.\" href=\"https:\/\/vcs-inc.org\/ht\/\">S\u00e8vis Kons\u00e8y Volont\u00e8<\/a><meta property=\"position\" content=\"1\"\/> &gt; <a property=\"item\" typeof=\"WebPage\" title=\"Ale nan S\u00e8vis yo.\" href=\"https:\/\/vcs-inc.org\/ht\/services\/\">S\u00e8vis yo<\/a><meta property=\"position\" content=\"2\"\/> &gt; <a property=\"item\" typeof=\"WebPage\" title=\"Vin travay av\u00e8k nou.\" href=\"https:\/\/vcs-inc.org\/ht\/services\/work-with-us\/\">Travay av\u00e8k nou<\/a><meta property=\"position\" content=\"3\"\/> &gt; Pwogram Estaj pou Etidyan Gradye<meta property=\"url\" content=\"https:\/\/vcs-inc.org\/services\/work-with-us\/graduate-student-internship-program\/\"\/><meta property=\"position\" content=\"4\"\/>\n\t\t\t\t<img decoding=\"async\" src=\"https:\/\/vcs-inc.org\/wp-content\/uploads\/2025\/06\/ryan-hoffman-ijhzqAm3N1Y-unsplash-scaled.webp\" alt=\"decorative image: girl smiling in graduation cap and gown\" itemprop=\"image\" height=\"2560\" width=\"1707\" title=\"ryan-hoffman-ijhzqAm3N1Y-unsplash\" onerror=\"this.style.display='none'\" loading=\"lazy\" \/>\n\t<p>Nou ofri etidyan ki gradye nan pwogram travay sosyal, sante mantal ak terapi maryaj ak familyal op\u00f2tinite pou yo genyen yon eksperyans ki gen anpil val\u00e8 nan klinik sante mantal Atik 31 MHOTRS nou an. Antanke estajy\u00e8 nan klinik nou an, ou jwenn op\u00f2tinite pou aplike konesans w ap aprann nan lek\u00f2l la bay kliyan rey\u00e8l anba sip\u00e8vizyon sere yon sip\u00e8viz\u00e8 ki gen eksperyans. Sa a se yon eksperyans edikatif enteresan ak anrichisan kote aprantisaj liv la pran lavi ak kliyan ou yo.<\/p>\n<p>Op\u00f2tinite estaj disponib tou nan Pwogram pou Granmoun Aje nou an oswa Pwogram Defans El\u00e8v yo, toulede ta gen ladan sip\u00e8vizyon ak eksperyans dir\u00e8k.<\/p>\n<p>Yo aksepte aplikasyon pou estaj sou yon baz kontiny\u00e8l, epi estaj ou a ka k\u00f2manse nan sem\u00e8s ot\u00f2n lan, sem\u00e8s prentan an, oswa pandan ete a, selon pwogram ou an.<\/p>\n<h2>\n\t\t\tTemwayaj Estajy\u00e8 yo\t<\/h2>\n\t\t\t<p> &quot;VCS se yon ajans fleksib ak kolaboratif ki ankouraje yon anviw\u00f2nman pou kwasans kary\u00e8, div\u00e8site ak enklizyon. An jeneral, estaj la te yon eksperyans ekselan ki te ede m reyalize objektif mwen yo epi elaji dom\u00e8n enter\u00e8 mwen yo. Sip\u00e8vizyon an ak kliyan m yo te defi m pou m soti nan z\u00f2n konf\u00f2 mwen an. Konpreyansyon ak op\u00f2tinite mwen te resevwa nan VCS yo te esansy\u00e8l pou kwasans kary\u00e8 mwen.&quot;<strong>JR<\/strong><\/p>\t\t\n\t\t\t<p>&quot;VCS gen yon kilti vr\u00e8man pozitif. Tout moun mwen te travay av\u00e8k yo te ban m sip\u00f2 epi yo te vr\u00e8man ede m aprann ak grandi pandan tout estaj mwen an. Mwen pa t ap chanje anyen. Se te yon b\u00e8l eksperyans. Mwen te aprann bagay nan VCS ke mwen pa t janm jwenn nan lek\u00f2l. Eksperyans lan te santi l vr\u00e8man rey\u00e8l e pratik, sa ki te ede m grandi k\u00f2m yon klinisyen nan lavni.&quot;<strong>DP<\/strong><\/p>\t\t\n\t\t\t<p>\u00a0&quot;Mwen pa ta chanje anyen nan eksperyans estaj mwen nan VCS. Li te paf\u00e8 e li te depase atant mwen yo. Mwen ta rek\u00f2mande estaj sa a bay l\u00f2t el\u00e8v san ezitasyon.&quot;<strong>LW<\/strong><\/p>\t\t\n\t\t\t<p>&quot;Estaj mwen nan VCS te depase atant mwen yo. Mwen te kenbe anpil konesans nan s\u00e8lman de sem\u00e8s mwen te pase nan VCS. Mwen te aprann anpil bagay pandan tout tan mwen te pase isit la, e mwen vr\u00e8man rekonesan pou sa.&quot;<strong>ST<\/strong><\/p>\t\t\n\t\t\t\t<a href=\"\/ht\/contact-us\/?service=Graduate%20Student%20Internship%20Program#contact-us\"  target=\"_self\" itemprop=\"url\">\n\t\t\t\t<img decoding=\"async\" src=\"https:\/\/vcs-inc.org\/wp-content\/uploads\/2025\/07\/Untitled-1350-x-1080-px-512-x-512-px-1.png\" alt=\"Untitled (1350 x 1080 px) (512 x 512 px) (1)\" itemprop=\"image\" height=\"512\" width=\"512\" title=\"San tit (1350 x 1080 px) (512 x 512 px) (1)\" onerror=\"this.style.display='none'\" loading=\"lazy\" \/>\n\t\t\t\t<\/a>\n<h2><a href=\"\/ht\/contact-us\/?service=Graduate%20Student%20Internship%20Program#contact-us\" target=\"_self\">Enf\u00f2masyon pou kontakte \/ Kijan pou vin yon kliyan<\/a><\/h2>Pou aplike pou vin yon estajy\u00e8, tanpri kontakte Azu Nieves.<br \/>\n<a href=\"tel:8456345729\">845-634-5729<\/a> x3029<br \/>\n<a href=\"mailto:anieves@vcs-inc.org\">anieves@vcs-inc.org<\/a>\n\t\t\t<a href=\"\/ht\/contact-us\/?service=Graduate%20Student%20Internship%20Program#contact-us\" target=\"_self\">\n\t\t\t\t\t\tKontakte nou\n\t\t\t\t\t<\/a>","protected":false},"excerpt":{"rendered":"<p>S\u00e8vis Kons\u00e8y Volont\u00e8 &gt; S\u00e8vis &gt; Travay av\u00e8k nou &gt; Pwogram Estaj pou Etidyan Gradye Nou ofri etidyan gradye nan pwogram travay sosyal, sante mantal ak terapi maryaj ak fanmi...<\/p>","protected":false},"author":1,"featured_media":0,"parent":15982,"menu_order":0,"comment_status":"closed","ping_status":"closed","template":"","meta":{"_acf_changed":false,"_seopress_robots_primary_cat":"","_seopress_titles_title":"","_seopress_titles_desc":"","_seopress_robots_index":"","_price":"","_stock":"","_tribe_ticket_header":"","_tribe_default_ticket_provider":"","_tribe_ticket_capacity":"0","_ticket_start_date":"","_ticket_end_date":"","_tribe_ticket_show_description":"","_tribe_ticket_show_not_going":false,"_tribe_ticket_use_global_stock":"","_tribe_ticket_global_stock_level":"","_global_stock_mode":"","_global_stock_cap":"","_tribe_rsvp_for_event":"","_tribe_ticket_going_count":"","_tribe_ticket_not_going_count":"","_tribe_tickets_list":"[]","_tribe_ticket_has_attendee_info_fields":false,"footnotes":""},"class_list":["post-15980","page","type-page","status-publish","hentry"],"acf":[],"_links":{"self":[{"href":"https:\/\/vcs-inc.org\/ht\/wp-json\/wp\/v2\/pages\/15980","targetHints":{"allow":["GET"]}}],"collection":[{"href":"https:\/\/vcs-inc.org\/ht\/wp-json\/wp\/v2\/pages"}],"about":[{"href":"https:\/\/vcs-inc.org\/ht\/wp-json\/wp\/v2\/types\/page"}],"author":[{"embeddable":true,"href":"https:\/\/vcs-inc.org\/ht\/wp-json\/wp\/v2\/users\/1"}],"replies":[{"embeddable":true,"href":"https:\/\/vcs-inc.org\/ht\/wp-json\/wp\/v2\/comments?post=15980"}],"version-history":[{"count":0,"href":"https:\/\/vcs-inc.org\/ht\/wp-json\/wp\/v2\/pages\/15980\/revisions"}],"up":[{"embeddable":true,"href":"https:\/\/vcs-inc.org\/ht\/wp-json\/wp\/v2\/pages\/15982"}],"wp:attachment":[{"href":"https:\/\/vcs-inc.org\/ht\/wp-json\/wp\/v2\/media?parent=15980"}],"curies":[{"name":"wp","href":"https:\/\/api.w.org\/{rel}","templated":true}]}}