{"id":15954,"date":"2025-06-11T09:06:45","date_gmt":"2025-06-11T13:06:45","guid":{"rendered":"https:\/\/vcs-inc.org\/?page_id=15954"},"modified":"2025-10-22T23:08:15","modified_gmt":"2025-10-23T03:08:15","slug":"mental-health-clinic","status":"publish","type":"page","link":"https:\/\/vcs-inc.org\/ht\/services\/mental-health-clinic\/","title":{"rendered":"Klinik Sante Mantal"},"content":{"rendered":"<h1  data-animation-delay=\"0\" data-animation-duration=\"1\">\n\t\t\t\t<\/h1>\n\t<!-- Breadcrumb NavXT 7.4.1 -->\n<a property=\"item\" typeof=\"WebPage\" title=\"Ale nan S\u00e8vis Kons\u00e8y pou Volont\u00e8.\" href=\"https:\/\/vcs-inc.org\/ht\/\">S\u00e8vis Kons\u00e8y Volont\u00e8<\/a><meta property=\"position\" content=\"1\"\/> &gt; <a property=\"item\" typeof=\"WebPage\" title=\"Ale nan S\u00e8vis yo.\" href=\"https:\/\/vcs-inc.org\/ht\/services\/\">S\u00e8vis yo<\/a><meta property=\"position\" content=\"2\"\/> &gt; Klinik Sante Mantal<meta property=\"url\" content=\"https:\/\/vcs-inc.org\/services\/mental-health-clinic\/\"\/><meta property=\"position\" content=\"3\"\/>\n\t\t<h2>Ki sa klinik nou an ye?<\/h2><p>Klinik nou an se yon Pwogram Tretman ak Reyabilitasyon pou Pasyan Ekst\u00e8n Sante Mantal (MHOTRS) ki gen lisans nan Biwo Sante Mantal Eta New York, dapre Atik 31, pou moun ki gen 10 an oswa plis. Kounye a, klinik nou an ka bay s\u00e8vis dir\u00e8kteman an Angl\u00e8, Pany\u00f2l, Krey\u00f2l Ayisyen, ak Lang Siy Ameriken. S\u00e8vis klinik yo ka disponib nan l\u00f2t lang tou grasa yon s\u00e8vis tradiksyon.<\/p>\n\t\t\n<p><i>Pou f\u00e8 yon referans pou klinik nou an, tanpri itilize F\u00f2m Referans sa a pou ban nou enf\u00f2masyon ki neses\u00e8 yo:<\/i><\/p>\n\t\t\t<a href=\"https:\/\/vcs-inc.org\/wp-content\/uploads\/2025\/08\/2025-VCS-Clinic-Referral-Form.pdf\" target=\"_blank\" rel=\"noopener\">\n\t\t\t\t\t\tF\u00f2m Referans VCS\n\t\t\t\t\t<\/a>\n<h2>\n\t\t\tS\u00e8vis yo ofri:\t<\/h2>\n<h2>\n\t\t\tKi moun ki kalifye?\t<\/h2>\n\t\t\t<a href=\"tel:8456345729\" target=\"_self\">\n\t\t\t\t\t\t(845) 634-5729\n\t\t\t\t\t<\/a>\n<h2>\n\t\t\tKi kote s\u00e8vis nou yo disponib\t<\/h2>\n\t<ul>\n\t\t\t<li>\n\t\t\t\tLek\u00f2l Elemant\u00e8 Haverstraw\n\t\t\t<\/li>\n\t\t\t<li>\n\t\t\t\tAkademi Vap\u00e8 Kakiat\n\t\t\t<\/li>\n\t\t\t<li>\n\t\t\t\tLek\u00f2l Mwayen Pomona\n\t\t\t<\/li>\n\t\t\t<li>\n\t\t\t\tLek\u00f2l Segond\u00e8 Ramapo\n\t\t\t<\/li>\n\t\t\t<li>\n\t\t\t\tLek\u00f2l Segond\u00e8 Spring Valley\n\t\t\t<\/li>\n\t\t<\/ul>\n\t<a href=\"\/ht\/services\/mental-health-clinic\/for-new-and-existing-clients\/\" target=\"_self\" role=\"button\" aria-label=\"Ou deja yon kliyan? Klike la a?\">\n\t\t\t\t\t\tOu deja yon kliyan? Klike la a?\n\t\t\t\t\t<\/a>\n\t\t\t\t<a href=\"\/ht\/contact-us\/#contact-us\"  target=\"_self\" itemprop=\"url\">\n\t\t\t\t<img decoding=\"async\" src=\"https:\/\/vcs-inc.org\/wp-content\/uploads\/2025\/10\/VCS_LOGO_2025_Symbol.png\" alt=\"VCS_LOGO_2025_Symbol\" itemprop=\"image\" height=\"450\" width=\"555\" title=\"VCS_LOGO_2025_Senb\u00f2l\" onerror=\"this.style.display='none'\" loading=\"lazy\" \/>\n\t\t\t\t<\/a>\n<h2><a href=\"\/ht\/contact-us\/#contact-us\" target=\"_self\">Enf\u00f2masyon pou kontakte \/ Kijan pou vin yon kliyan<\/a><\/h2>Pou vin yon kliyan, rele liy admisyon nou an nan 845-634-5729 x3010.<br \/>\nPou f\u00e8 yon referans pou yon nouvo kliyan, rele liy admisyon nou an, voye yon faks nan 845-634-7839, oubyen voye yon im\u00e8l bay <a href=\"mailto:referrals@vcs-inc.org\">referrals@vcs-inc.org<\/a>\n\t\t\t<a href=\"\/ht\/contact-us\/#contact-us\" target=\"_self\">\n\t\t\t\t\t\tKontakte nou\n\t\t\t\t\t<\/a>\n\t<style>\n  .clinic-table-container {\n    max-width: 900px;\n    margin: 32px auto;\n    background: #fff;\n    border-radius: 18px;\n    box-shadow: 0 4px 24px rgba(0,0,0,0.08);\n    overflow: hidden;\n  }\n  .clinic-table {\n    width: 100%;\n    border-collapse: collapse;\n    font-family: 'Segoe UI', Arial, sans-serif;\n    font-size: 1.05em;\n  }\n  .clinic-table th, .clinic-table td {\n    padding: 18px 18px;\n    text-align: left;\n  }\n  .clinic-table th {\n    background: #eef2f7;\n    color: #333;\n    font-size: 1.1em;\n    letter-spacing: 0.5px;\n    font-weight: 700;\n  }\n  .clinic-table tr:nth-child(even) td {\n    background: #f6f8fa;\n  }\n  .clinic-table tr:hover td {\n    background: #e0ecfb;\n    transition: background 0.2s;\n  }\n  .clinic-row-title {\n    font-weight: 600;\n    background: #f0f4f8;\n    color: #3461c1;\n    width: 260px;\n  }\n<\/style>\n  <table>\n    <tr>\n      \n      <th>Klinik<\/th>\n      <th>Antren\u00e8 Byenn\u00e8t<\/th>\n    <\/tr>\n    <tr>\n      <td>Faktirasyon, Peman, ak Pwoteksyon Asirans<\/td>\n      <td>Faktire atrav\u00e8 asirans; yon bar\u00e8m glisman selon bezwen, p\u00e8sonn pa vire do paske yo pa gen lajan.<\/td>\n      <td>Asirans pa voye b\u00f2dwo ba ou; ou ka peye poukont ou s\u00e8lman, epi ou ka jwenn fr\u00e8 redwi selon yon ech\u00e8l glisman.<\/td>\n    <\/tr>\n    <tr>\n      <td>Elijibilite<\/td>\n      <td>Moun ki gen 10 an oswa plis ki gen yon pwobl\u00e8m sante mantal dyagnostike.<\/td>\n      <td>Nenp\u00f2t moun ki gen 10 an oswa plis<\/td>\n    <\/tr>\n    <tr>\n      <td>Konsantre<\/td>\n      <td>Konsantre sou dekouvri ak konprann tan lontan an<\/td>\n      <td>Konsantre sou prezan an ak lavni an san plonje nan tan lontan an.<\/td>\n    <\/tr>\n    <tr>\n      <td>S\u00e8vis la<\/td>\n      <td>Travay 1:1 av\u00e8k yon pwofesyon\u00e8l sante mantal ki gen lisans.<\/td>\n      <td>Travay 1:1 ak yon antren\u00e8 byenn\u00e8t volont\u00e8 ki resevwa f\u00f2masyon.<\/td>\n    <\/tr>\n  <\/table>\n\t\t<h2>Pale ak yon pwofesyon\u00e8l an prive<\/h2>\n\t\t<p>Ou toujou pa s\u00e8ten? Kontakte nou, epi nou ka ede w jwenn pwogram ki bon pou ou a!<\/p>\n\t\t\t<a href=\"\/ht\/talk-to-a-professional-1-on-1\/\" target=\"_self\">\n\t\t\t\t\t\t\tAprann plis\n\t\t\t\t\t<\/a>","protected":false},"excerpt":{"rendered":"<p>S\u00e8vis Kons\u00e8y Volont\u00e8 &gt; S\u00e8vis &gt; Klinik Sante Mantal Ki sa klinik nou an ye? Klinik nou an se yon Biwo Sante Mantal ki gen lisans pou Tretman Sante Mantal Atik 31 ki pou Pasyan Ekst\u00e8n epi...<\/p>","protected":false},"author":1,"featured_media":0,"parent":19,"menu_order":0,"comment_status":"closed","ping_status":"closed","template":"","meta":{"_acf_changed":false,"_seopress_robots_primary_cat":"","_seopress_titles_title":"","_seopress_titles_desc":"","_seopress_robots_index":"","_price":"","_stock":"","_tribe_ticket_header":"","_tribe_default_ticket_provider":"","_tribe_ticket_capacity":"0","_ticket_start_date":"","_ticket_end_date":"","_tribe_ticket_show_description":"","_tribe_ticket_show_not_going":false,"_tribe_ticket_use_global_stock":"","_tribe_ticket_global_stock_level":"","_global_stock_mode":"","_global_stock_cap":"","_tribe_rsvp_for_event":"","_tribe_ticket_going_count":"","_tribe_ticket_not_going_count":"","_tribe_tickets_list":"[]","_tribe_ticket_has_attendee_info_fields":false,"footnotes":""},"class_list":["post-15954","page","type-page","status-publish","hentry"],"acf":[],"_links":{"self":[{"href":"https:\/\/vcs-inc.org\/ht\/wp-json\/wp\/v2\/pages\/15954","targetHints":{"allow":["GET"]}}],"collection":[{"href":"https:\/\/vcs-inc.org\/ht\/wp-json\/wp\/v2\/pages"}],"about":[{"href":"https:\/\/vcs-inc.org\/ht\/wp-json\/wp\/v2\/types\/page"}],"author":[{"embeddable":true,"href":"https:\/\/vcs-inc.org\/ht\/wp-json\/wp\/v2\/users\/1"}],"replies":[{"embeddable":true,"href":"https:\/\/vcs-inc.org\/ht\/wp-json\/wp\/v2\/comments?post=15954"}],"version-history":[{"count":0,"href":"https:\/\/vcs-inc.org\/ht\/wp-json\/wp\/v2\/pages\/15954\/revisions"}],"up":[{"embeddable":true,"href":"https:\/\/vcs-inc.org\/ht\/wp-json\/wp\/v2\/pages\/19"}],"wp:attachment":[{"href":"https:\/\/vcs-inc.org\/ht\/wp-json\/wp\/v2\/media?parent=15954"}],"curies":[{"name":"wp","href":"https:\/\/api.w.org\/{rel}","templated":true}]}}