{"id":15,"date":"2024-12-30T15:49:26","date_gmt":"2024-12-30T15:49:26","guid":{"rendered":"https:\/\/vcs-inc.org\/?page_id=15"},"modified":"2026-02-11T08:52:17","modified_gmt":"2026-02-11T13:52:17","slug":"home","status":"publish","type":"page","link":"https:\/\/vcs-inc.org\/ht\/","title":{"rendered":"Lakay"},"content":{"rendered":"<figure data-animation-delay=\"0\" data-animation-duration=\"1.4\">\n\t\t\t\t<img decoding=\"async\" src=\"https:\/\/vcs-inc.org\/wp-content\/uploads\/2025\/10\/VCS_LOGO_2025_Symbol.png\" alt=\"VCS_LOGO_2025_Symbol\" height=\"450\" width=\"555\" title=\"VCS_LOGO_2025_Senb\u00f2l\" onerror=\"this.style.display='none'\" loading=\"lazy\" \/>\n\t<\/figure>\n<h1>\n\t\t\tVCS\t<\/h1>\n\t    <div id=\"rotating_text_69f49e47d5d88\" class=\"rotating-text-wrapper\"\r\n         data-messages=\"Become a Volunteer Wellness Coach!,Enroll in Parenting Classes Today!,End the Stigma Around Mental Health!\" data-speed=\"3200\"><\/div>\r\n    \n\t<p>VCS bay moun pouvwa atrav\u00e8 kons\u00e8y ak s\u00e8vis klinik ki gen konpasyon, sansib a kilti, ki aksesib e ab\u00f2dab; ankouraje espwa, ak yon kominote ki pi an sante e ki pi rezistan.<\/p>\n\t\t\t<a href=\"\/ht\/how-can-we-help\/\"  target=\"_self\">\n\t\t\t\t\t\t\tKi jan nou ka ede?\n\t\t\t\t\t<\/a>\n\t\t<figure>\n\t\t\t\t<img decoding=\"async\" src=\"https:\/\/vcs-inc.org\/wp-content\/uploads\/2025\/10\/VCS_LOGO_2025_Symbol.png\" alt=\"VCS_LOGO_2025_Symbol\" height=\"450\" width=\"555\" title=\"VCS_LOGO_2025_Senb\u00f2l\" onerror=\"this.style.display='none'\" loading=\"lazy\" \/>\n\t<\/figure>\n<h2>S\u00e8vis VCS yo<\/h2><p>Kit w ap ch\u00e8che tretman endividy\u00e8l, f\u00f2masyon pwofesyon\u00e8l, coaching ki pa klinik, oswa sip\u00f2 ant kanmarad, VCS la pou gide w epi ba w pouvwa nan chak etap.<\/p>\n\t\t\t\t\t\t\t<a href=\"\/ht\/services\/mental-health-clinic\/\" target=\"_self\">\n\t\t\t\t\t\t\t\t\t\t<h3>Klinik<\/h3>\n\t\t\t\t\t\t\t\t<\/a>\n\t\t\t\t\t\t\t\t\t<a href=\"\/ht\/services\/work-with-us\/\" target=\"_self\">\n\t\t\t\t\t\t\t\t\t\t<h3>Travay av\u00e8k nou<\/h3>\n\t\t\t\t\t\t\t\t<\/a>\n\t\t\t\t\t\t\t\t\t<a href=\"\/ht\/services\/community-services\/\" target=\"_self\">\n\t\t\t\t\t\t\t\t\t\t<h3>S\u00e8vis Kominot\u00e8 yo<\/h3>\n\t\t\t\t\t\t\t\t<\/a>\n\t\t\t\t\t\t\t\t\t<a href=\"\/ht\/volunteer\/\" target=\"_self\">\n\t\t\t\t\t\t\t\t\t\t<h3>Volont\u00e8<\/h3>\n\t\t\t\t\t\t\t\t<\/a>\n\t\t\t<a href=\"\/ht\/services\/\"  target=\"_self\">\n\t\t\t\t\t\t\tGade tout s\u00e8vis yo\n\t\t\t\t\t<\/a>\n<h2>\n\t\t\tKounye a ap anonse nan VCS\u2026\t<\/h2>\n\t<h3 data-node=\"ardbh9c3kpi1\">Pran posesyon li: Vwa ou, Istwa ou<\/h3>\n<h4 data-node=\"o7ti4gl258hy\">Di verite ou.<\/h4>\n<h4 data-node=\"o7ti4gl258hy\">Onore k\u00f2 ou.<\/h4>\n<h4 data-node=\"o7ti4gl258hy\">Defann limit ou yo.<\/h4>\n<p>Yon kou pwisan pou fanm ki pare pou reprann espas yo, f\u00e8men bouch dout yo sou t\u00e8t yo, epi bati yon lavi ki dirije anndan yo. Prezante atrav\u00e8 yon melanj konsyans de soi, zouti pratik, ak refleksyon gide.<\/p>\n<p>Gwoup sa a pral anseye konpetans pou:<\/p>\n\t\t\t<a href=\"https:\/\/vcs-inc.org\/ht\/own-it\/\"  target=\"_self\">\n\t\t\t\t\t\t\tAprann plis epi enskri jodi a!\n\t\t\t\t\t<\/a>\n<figure>\n\t\t\t\t<img decoding=\"async\" src=\"https:\/\/vcs-inc.org\/wp-content\/uploads\/2025\/06\/VCS-About.webp\" alt=\"group of people holding hands in front of a setting sun\" height=\"743\" width=\"1272\" title=\"VCS-Apwopo\" onerror=\"this.style.display='none'\" loading=\"lazy\" \/>\n\t<\/figure>\n<h2>\n\t\t\tKons\u00e8nan VCS\t<\/h2>\n\t<p>Depi 1970, VCS bay s\u00e8vis sante mantal aksesib e ab\u00f2dab pou rezidan Konte Rockland ak Eta New York. Depi yon k\u00f2mansman senp k\u00f2m yon operasyon ki te dirije s\u00e8lman pa volont\u00e8, VCS evolye pandan ane yo pou pi byen s\u00e8vi bezwen kominote nou an.<\/p>\n\t\t\t<a href=\"\/ht\/about\/\"  target=\"_self\">\n\t\t\t\t\t\t\tAprann plis\n\t\t\t<\/a>\n<h2>\n\t\t\tMete fen nan estigma ki antoure sante mantal la\t<\/h2>\n\t<p>Nou konprann ke pandan lontan, pale de pwobl\u00e8m sante mantal ak jwenn sip\u00f2 te yon bagay ki pa t byen w\u00e8, sa ki te lak\u00f2z anpil moun pa jwenn \u00e8d yo te bezwen an oubyen yo te wont pou sa. Nan VCS, misyon nou se pou nou n\u00f2malize pwobl\u00e8m sante mantal ke anpil moun ap f\u00e8 fas, epi pou nou ede moun yo santi yo al\u00e8z pou mande \u00e8d yo bezwen an. Sip\u00f2 ou ede nou transf\u00f2me misyon nou an yon reyalite.<\/p>\n\t\t\t<a href=\"\/ht\/donate\/\"  target=\"_self\">\n\t\t\t\t\t\t\tF\u00e8 yon don\n\t\t\t<\/a>\n<h2>\n\t\t\tTemwayaj\t<\/h2>\n\t<p>Vr\u00e8man bezwen yon espas konsa, kote yo ka pataje ak aprann. Ya nos hac\u00eda falta que nos trajeron pensamientos bonitos<\/p>\n<figure>\n\t\t\t\t<img decoding=\"async\" src=\"https:\/\/lite.demos.wpbeaverbuilder.com\/wp-content\/uploads\/sites\/28\/2020\/02\/photo-1558403194-611308249627-1-768x768-4.jpg\" alt=\"\" onerror=\"this.style.display='none'\" loading=\"lazy\" \/>\n\t<\/figure>\n\t<p><strong>Kliyan Entre Mujeres<\/strong><\/p>\n\t<p>Jis kapab pale epi pou konseye m nan koute epi valide sa m ap di a vle di anpil pou mwen.<\/p>\n<figure>\n\t\t\t\t<img decoding=\"async\" src=\"https:\/\/lite.demos.wpbeaverbuilder.com\/wp-content\/uploads\/sites\/28\/2020\/02\/photo-1552664730-d307ca884978-768x768-4.jpg\" alt=\"\" onerror=\"this.style.display='none'\" loading=\"lazy\" \/>\n\t<\/figure>\n\t<p><strong>Klinik ki baze nan lek\u00f2l la<\/strong><\/p>\n\t\t\t\t\t\t<img decoding=\"async\" src=\"https:\/\/vcs-inc.org\/wp-content\/uploads\/2025\/05\/Untitled-1_0023_green-logo-300x300-1-150x150.webp\" alt=\"https:\/\/vcs-inc.org\/wp-content\/uploads\/2025\/05\/Untitled-1_0023_green-logo-300x300-1-150x150.webp\" data-no-lazy=\"1\" \/>\t\t\t\t\t\n\t\t\t\t\t\t<img decoding=\"async\" src=\"https:\/\/vcs-inc.org\/wp-content\/uploads\/2025\/05\/John-Sadowski-300x300-1-150x150.webp\" alt=\"https:\/\/vcs-inc.org\/wp-content\/uploads\/2025\/05\/John-Sadowski-300x300-1-150x150.webp\" data-no-lazy=\"1\" \/>\t\t\t\t\t\n\t\t\t\t\t\t<img decoding=\"async\" src=\"https:\/\/vcs-inc.org\/wp-content\/uploads\/2025\/05\/Atlantic-Tomorrowsofficeowler-Logo-300x300-1-150x150.jpg\" alt=\"https:\/\/vcs-inc.org\/wp-content\/uploads\/2025\/05\/Atlantic-Tomorrowsofficeowler-Logo-300x300-1-150x150.jpg\" data-no-lazy=\"1\" \/>\t\t\t\t\t\n\t\t\t\t\t\t<img decoding=\"async\" src=\"https:\/\/vcs-inc.org\/wp-content\/uploads\/2025\/05\/baord-300x300-1-150x150.webp\" alt=\"https:\/\/vcs-inc.org\/wp-content\/uploads\/2025\/05\/baord-300x300-1-150x150.webp\" data-no-lazy=\"1\" \/>\t\t\t\t\t\n\t\t\t\t\t\t<img decoding=\"async\" src=\"https:\/\/vcs-inc.org\/wp-content\/uploads\/2025\/05\/Vista-Electric-Logo-300x300-1-150x150.jpg\" alt=\"https:\/\/vcs-inc.org\/wp-content\/uploads\/2025\/05\/Vista-Electric-Logo-300x300-1-150x150.jpg\" data-no-lazy=\"1\" \/>\t\t\t\t\t\n\t\t\t\t\t\t<img decoding=\"async\" src=\"https:\/\/vcs-inc.org\/wp-content\/uploads\/2025\/05\/DGA-300x300-1-150x150.webp\" alt=\"https:\/\/vcs-inc.org\/wp-content\/uploads\/2025\/05\/DGA-300x300-1-150x150.webp\" data-no-lazy=\"1\" \/>\t\t\t\t\t\n\t\t\t\t\t\t<img decoding=\"async\" src=\"https:\/\/vcs-inc.org\/wp-content\/uploads\/2025\/05\/Getler-Gomes-Sutton-PC-Burgandy-Logo-300x300-1-150x150.jpg\" alt=\"https:\/\/vcs-inc.org\/wp-content\/uploads\/2025\/05\/Getler-Gomes-Sutton-PC-Burgandy-Logo-300x300-1-150x150.jpg\" data-no-lazy=\"1\" \/>\t\t\t\t\t\n\t\t\t\t\t\t<img decoding=\"async\" src=\"https:\/\/vcs-inc.org\/wp-content\/uploads\/2025\/07\/Andy-Kaye-logo-for-website-scroller.png\" alt=\"https:\/\/vcs-inc.org\/wp-content\/uploads\/2025\/07\/Andy-Kaye-logo-for-website-scroller.png\" data-no-lazy=\"1\" \/>\t\t\t\t\t\n\t\t\t<button>Apre<\/button>\n\t\t<button>Anvan<\/button>\n\t<p><strong>VCS<\/strong> bay moun pouvwa atrav\u00e8 kons\u00e8y ak s\u00e8vis klinik ki gen konpasyon, sansib a kilti, ki aksesib e ab\u00f2dab; ankouraje espwa, ak yon kominote ki an sante e ki pi rezistan.<\/p>\n<p>S\u00e8vis yo disponib nan plizy\u00e8 lang. Rele pou plis enf\u00f2masyon.<\/p>\n<p>845-634-5729<\/p>\n<p>VCS se yon \u00f2ganizasyon charitab 501(c)3<\/p>","protected":false},"excerpt":{"rendered":"<p>VCS VCS bay moun pouvwa atrav\u00e8 kons\u00e8y ak s\u00e8vis klinik ki gen konpasyon, sansib a kilti, ki aksesib e ab\u00f2dab; ankouraje espwa, ak yon kominote ki pi an sante e ki pi rezistan. Kijan nou ka ede? VCS...<\/p>","protected":false},"author":1,"featured_media":0,"parent":0,"menu_order":0,"comment_status":"closed","ping_status":"closed","template":"","meta":{"_acf_changed":false,"_seopress_robots_primary_cat":"","_seopress_titles_title":"","_seopress_titles_desc":"","_seopress_robots_index":"","_price":"","_stock":"","_tribe_ticket_header":"","_tribe_default_ticket_provider":"","_tribe_ticket_capacity":"0","_ticket_start_date":"","_ticket_end_date":"","_tribe_ticket_show_description":"","_tribe_ticket_show_not_going":false,"_tribe_ticket_use_global_stock":"","_tribe_ticket_global_stock_level":"","_global_stock_mode":"","_global_stock_cap":"","_tribe_rsvp_for_event":"","_tribe_ticket_going_count":"","_tribe_ticket_not_going_count":"","_tribe_tickets_list":"[]","_tribe_ticket_has_attendee_info_fields":false,"footnotes":""},"class_list":["post-15","page","type-page","status-publish","hentry"],"acf":[],"_links":{"self":[{"href":"https:\/\/vcs-inc.org\/ht\/wp-json\/wp\/v2\/pages\/15","targetHints":{"allow":["GET"]}}],"collection":[{"href":"https:\/\/vcs-inc.org\/ht\/wp-json\/wp\/v2\/pages"}],"about":[{"href":"https:\/\/vcs-inc.org\/ht\/wp-json\/wp\/v2\/types\/page"}],"author":[{"embeddable":true,"href":"https:\/\/vcs-inc.org\/ht\/wp-json\/wp\/v2\/users\/1"}],"replies":[{"embeddable":true,"href":"https:\/\/vcs-inc.org\/ht\/wp-json\/wp\/v2\/comments?post=15"}],"version-history":[{"count":0,"href":"https:\/\/vcs-inc.org\/ht\/wp-json\/wp\/v2\/pages\/15\/revisions"}],"wp:attachment":[{"href":"https:\/\/vcs-inc.org\/ht\/wp-json\/wp\/v2\/media?parent=15"}],"curies":[{"name":"wp","href":"https:\/\/api.w.org\/{rel}","templated":true}]}}