{"id":69,"date":"2025-04-29T00:11:34","date_gmt":"2025-04-29T04:11:34","guid":{"rendered":"https:\/\/vcs-inc.org\/?page_id=69"},"modified":"2025-07-16T05:51:05","modified_gmt":"2025-07-16T09:51:05","slug":"glossary","status":"publish","type":"page","link":"https:\/\/vcs-inc.org\/es\/glossary\/","title":{"rendered":"Glosario"},"content":{"rendered":"<h1  data-animation-delay=\"0\" data-animation-duration=\"1\">\n\t\t\t\t<\/h1>\n\t<!-- Breadcrumb NavXT 7.4.1 -->\n<a property=\"item\" typeof=\"WebPage\" title=\"Vaya al Servicio de Asesoramiento Voluntario.\" href=\"https:\/\/vcs-inc.org\/es\/\">Servicio de asesoramiento voluntario<\/a><meta property=\"position\" content=\"1\"\/> &gt; Glosario<meta property=\"url\" content=\"https:\/\/vcs-inc.org\/glossary\/\"\/><meta property=\"position\" content=\"2\"\/>\n\t<p>Entendemos que navegar por el mundo de la consejer\u00eda puede ser abrumador. Con tantos t\u00e9rminos y jerga que analizar, es f\u00e1cil sentirse confundido y frustrado. Por eso, hemos creado un glosario de t\u00e9rminos para ayudarte a comprender los pormenores de la consejer\u00eda y el apoyo.<\/p>\n<p>As\u00ed que, \u00bfpor qu\u00e9 no dedica unos minutos a revisar nuestra lista de t\u00e9rminos y descubrir cosas que de otro modo no buscar\u00eda? \u00a1Le prometemos que le resultar\u00e1 \u00fatil e informativa!<\/p>","protected":false},"excerpt":{"rendered":"<p>Servicio de Consejer\u00eda Voluntaria &gt; Glosario Entendemos que navegar por el mundo de la consejer\u00eda puede ser abrumador. Con tantos t\u00e9rminos y jerga que analizar, es f\u00e1cil\u2026<\/p>","protected":false},"author":2,"featured_media":0,"parent":0,"menu_order":0,"comment_status":"closed","ping_status":"closed","template":"","meta":{"_acf_changed":false,"_seopress_robots_primary_cat":"","_seopress_titles_title":"","_seopress_titles_desc":"","_seopress_robots_index":"","_price":"","_stock":"","_tribe_ticket_header":"","_tribe_default_ticket_provider":"","_tribe_ticket_capacity":"0","_ticket_start_date":"","_ticket_end_date":"","_tribe_ticket_show_description":"","_tribe_ticket_show_not_going":false,"_tribe_ticket_use_global_stock":"","_tribe_ticket_global_stock_level":"","_global_stock_mode":"","_global_stock_cap":"","_tribe_rsvp_for_event":"","_tribe_ticket_going_count":"","_tribe_ticket_not_going_count":"","_tribe_tickets_list":"[]","_tribe_ticket_has_attendee_info_fields":false,"footnotes":""},"class_list":["post-69","page","type-page","status-publish","hentry"],"acf":[],"_links":{"self":[{"href":"https:\/\/vcs-inc.org\/es\/wp-json\/wp\/v2\/pages\/69","targetHints":{"allow":["GET"]}}],"collection":[{"href":"https:\/\/vcs-inc.org\/es\/wp-json\/wp\/v2\/pages"}],"about":[{"href":"https:\/\/vcs-inc.org\/es\/wp-json\/wp\/v2\/types\/page"}],"author":[{"embeddable":true,"href":"https:\/\/vcs-inc.org\/es\/wp-json\/wp\/v2\/users\/2"}],"replies":[{"embeddable":true,"href":"https:\/\/vcs-inc.org\/es\/wp-json\/wp\/v2\/comments?post=69"}],"version-history":[{"count":0,"href":"https:\/\/vcs-inc.org\/es\/wp-json\/wp\/v2\/pages\/69\/revisions"}],"wp:attachment":[{"href":"https:\/\/vcs-inc.org\/es\/wp-json\/wp\/v2\/media?parent=69"}],"curies":[{"name":"gracias","href":"https:\/\/api.w.org\/{rel}","templated":true}]}}