{"id":30,"date":"2024-12-30T15:52:22","date_gmt":"2024-12-30T15:52:22","guid":{"rendered":"https:\/\/vcs-inc.org\/?page_id=30"},"modified":"2026-03-03T15:04:07","modified_gmt":"2026-03-03T20:04:07","slug":"contact-us","status":"publish","type":"page","link":"https:\/\/vcs-inc.org\/es\/contact-us\/","title":{"rendered":"Cont\u00e1ctanos"},"content":{"rendered":"<h1  data-animation-delay=\"0\" data-animation-duration=\"1\">\n\t\t\t\t<\/h1>\n\t<a property=\"item\" typeof=\"WebPage\" title=\"Vaya al Servicio de Asesoramiento Voluntario.\" href=\"https:\/\/vcs-inc.org\/es\/\">Servicio de asesoramiento voluntario<\/a><meta property=\"position\" content=\"1\"\/> &gt; Cont\u00e1ctanos<meta property=\"url\" content=\"https:\/\/vcs-inc.org\/contact-us\/\"\/><meta property=\"position\" content=\"2\"\/>\n\t<p>Por favor, p\u00f3ngase en contacto con nosotros de la forma que mejor le funcione:<\/p>\n\t<p>Complete el siguiente formulario y nos pondremos en contacto con usted dentro de las 24 horas.<\/p>\n<p><em>Nota: No ofrecemos asesoramiento sobre asuntos personales por internet ni por correo electr\u00f3nico. Si tiene alguna pregunta sobre un asunto personal, ll\u00e1menos al (845) 634-5729 para programar una cita con uno de nuestros trabajadores sociales.<\/em><\/p>\n                <form method='post' enctype='multipart\/form-data' target='gform_ajax_frame_1' id='gform_1'  action='https:\/\/vcs-inc.org\/es\/contact-us\/?fl_builder&#038;fl_builder_ui_iframe' data-formid='1' novalidate data-trp-original-action=\"https:\/\/vcs-inc.org\/contact-us\/?fl_builder&#038;fl_builder_ui_iframe\">\n                        <label class='gfield_label gform-field-label' for='input_1_8'>Nombre<\/label><input name='input_8' id='input_1_8' type='text' value='' autocomplete='new-password'\/>Este campo es un campo de validaci\u00f3n y debe quedar sin cambios.<fieldset id=\"field_1_1\"><legend class='gfield_label gform-field-label gfield_label_before_complex'>Nombre<\/legend>\n                                                    <input type='text' name='input_1.3' id='input_1_1_3' value=''   aria-required='false'   placeholder='NOMBRE'  \/>\n                                                    <label for='input_1_1_3' class='gform-field-label gform-field-label--type-sub'>Primero<\/label>\n                                                    <input type='text' name='input_1.6' id='input_1_1_6' value=''   aria-required='false'   placeholder='APELLIDO'  \/>\n                                                    <label for='input_1_1_6' class='gform-field-label gform-field-label--type-sub'>\u00daltimo<\/label>\n                        <\/fieldset><label class='gfield_label gform-field-label' for='input_1_3'>Correo electr\u00f3nico<\/label>\n                            <input name='input_3' id='input_1_3' type='email' value='' class='large'   placeholder='CORREO ELECTR\u00d3NICO'  aria-invalid=\"false\"  \/>\n                        <label class='gfield_label gform-field-label' for='input_1_4'>Tel\u00e9fono<\/label><input name='input_4' id='input_1_4' type='tel' value='' class='large'  placeholder='TEL\u00c9FONO'  aria-invalid=\"false\"   \/><fieldset id=\"field_1_5\"><legend class='gfield_label gform-field-label gfield_label_before_complex'>\u00bfC\u00f3mo podemos ayudar?<\/legend>\n\t\t\t\t\t\t\t\t<input class='gfield-choice-input' name='input_5.1' type='checkbox'  value='Individual Counseling \/ Therapy'  id='choice_1_5_1'   \/>\n\t\t\t\t\t\t\t\t<label for='choice_1_5_1' id='label_1_5_1' class='gform-field-label gform-field-label--type-inline'>Asesoramiento\/Terapia individual<\/label>\n\t\t\t\t\t\t\t\t<input class='gfield-choice-input' name='input_5.2' type='checkbox'  value='Wellness Coaching'  id='choice_1_5_2'   \/>\n\t\t\t\t\t\t\t\t<label for='choice_1_5_2' id='label_1_5_2' class='gform-field-label gform-field-label--type-inline'>Coaching de bienestar<\/label>\n\t\t\t\t\t\t\t\t<input class='gfield-choice-input' name='input_5.3' type='checkbox'  value='Support for Students and Their Families'  id='choice_1_5_3'   \/>\n\t\t\t\t\t\t\t\t<label for='choice_1_5_3' id='label_1_5_3' class='gform-field-label gform-field-label--type-inline'>Apoyo a los estudiantes y sus familias<\/label>\n\t\t\t\t\t\t\t\t<input class='gfield-choice-input' name='input_5.4' type='checkbox'  value='Older Adults Counseling and Programming'  id='choice_1_5_4'   \/>\n\t\t\t\t\t\t\t\t<label for='choice_1_5_4' id='label_1_5_4' class='gform-field-label gform-field-label--type-inline'>Asesoramiento y programaci\u00f3n para adultos mayores<\/label>\n\t\t\t\t\t\t\t\t<input class='gfield-choice-input' name='input_5.5' type='checkbox'  value='Parent Education and Programming'  id='choice_1_5_5'   \/>\n\t\t\t\t\t\t\t\t<label for='choice_1_5_5' id='label_1_5_5' class='gform-field-label gform-field-label--type-inline'>Educaci\u00f3n y programaci\u00f3n para padres<\/label>\n\t\t\t\t\t\t\t\t<input class='gfield-choice-input' name='input_5.6' type='checkbox'  value='Support Groups'  id='choice_1_5_6'   \/>\n\t\t\t\t\t\t\t\t<label for='choice_1_5_6' id='label_1_5_6' class='gform-field-label gform-field-label--type-inline'>Grupos de apoyo<\/label>\n\t\t\t\t\t\t\t\t<input class='gfield-choice-input' name='input_5.7' type='checkbox'  value='Caregiver Support Groups'  id='choice_1_5_7'   \/>\n\t\t\t\t\t\t\t\t<label for='choice_1_5_7' id='label_1_5_7' class='gform-field-label gform-field-label--type-inline'>Grupos de apoyo para cuidadores<\/label>\n\t\t\t\t\t\t\t\t<input class='gfield-choice-input' name='input_5.8' type='checkbox'  value='Entre Mujeres'  id='choice_1_5_8'   \/>\n\t\t\t\t\t\t\t\t<label for='choice_1_5_8' id='label_1_5_8' class='gform-field-label gform-field-label--type-inline'>Entre Mujeres<\/label>\n\t\t\t\t\t\t\t\t<input class='gfield-choice-input' name='input_5.9' type='checkbox'  value='Relatives as Parents Program'  id='choice_1_5_9'   \/>\n\t\t\t\t\t\t\t\t<label for='choice_1_5_9' id='label_1_5_9' class='gform-field-label gform-field-label--type-inline'>Programa Familiares como Padres<\/label>\n\t\t\t\t\t\t\t\t<input class='gfield-choice-input' name='input_5.11' type='checkbox'  value='Domestic Violence Program for Men'  id='choice_1_5_11'   \/>\n\t\t\t\t\t\t\t\t<label for='choice_1_5_11' id='label_1_5_11' class='gform-field-label gform-field-label--type-inline'>Programa de Violencia Dom\u00e9stica para Hombres<\/label>\n\t\t\t\t\t\t\t\t<input class='gfield-choice-input' name='input_5.12' type='checkbox'  value='Graduate Student Internship Program'  id='choice_1_5_12'   \/>\n\t\t\t\t\t\t\t\t<label for='choice_1_5_12' id='label_1_5_12' class='gform-field-label gform-field-label--type-inline'>Programa de pasant\u00edas para estudiantes de posgrado<\/label>\n\t\t\t\t\t\t\t\t<input class='gfield-choice-input' name='input_5.13' type='checkbox'  value='The Beth Kipperman Student Advocacy Program'  id='choice_1_5_13'   \/>\n\t\t\t\t\t\t\t\t<label for='choice_1_5_13' id='label_1_5_13' class='gform-field-label gform-field-label--type-inline'>El Programa de Defensa de los Estudiantes de Beth Kipperman<\/label>\n\t\t\t\t\t\t\t\t<input class='gfield-choice-input' name='input_5.14' type='checkbox'  value='Volunteer Opportunities'  id='choice_1_5_14'   \/>\n\t\t\t\t\t\t\t\t<label for='choice_1_5_14' id='label_1_5_14' class='gform-field-label gform-field-label--type-inline'>Oportunidades de voluntariado<\/label>\n\t\t\t\t\t\t\t\t<input class='gfield-choice-input' name='input_5.15' type='checkbox'  value='VCS Events'  id='choice_1_5_15'   \/>\n\t\t\t\t\t\t\t\t<label for='choice_1_5_15' id='label_1_5_15' class='gform-field-label gform-field-label--type-inline'>Eventos VCS<\/label>\n\t\t\t\t\t\t\t\t<input class='gfield-choice-input' name='input_5.16' type='checkbox'  value='Job Opportunities'  id='choice_1_5_16'   \/>\n\t\t\t\t\t\t\t\t<label for='choice_1_5_16' id='label_1_5_16' class='gform-field-label gform-field-label--type-inline'>Oportunidades de trabajo<\/label>\n\t\t\t\t\t\t\t\t<input class='gfield-choice-input' name='input_5.17' type='checkbox'  value='Feedback on Services'  id='choice_1_5_17'   \/>\n\t\t\t\t\t\t\t\t<label for='choice_1_5_17' id='label_1_5_17' class='gform-field-label gform-field-label--type-inline'>Comentarios sobre los servicios<\/label>\n\t\t\t\t\t\t\t\t<input class='gfield-choice-input' name='input_5.18' type='checkbox'  value='Sign up for the VCS Newsletter'  id='choice_1_5_18'   \/>\n\t\t\t\t\t\t\t\t<label for='choice_1_5_18' id='label_1_5_18' class='gform-field-label gform-field-label--type-inline'>Suscr\u00edbete al bolet\u00edn de VCS<\/label>\n\t\t\t\t\t\t\t\t<input class='gfield-choice-input' name='input_5.19' type='checkbox'  value='Something Else'  id='choice_1_5_19'   \/>\n\t\t\t\t\t\t\t\t<label for='choice_1_5_19' id='label_1_5_19' class='gform-field-label gform-field-label--type-inline'>Otra cosa<\/label>\n\t\t\t\t\t\t\t<\/fieldset><label class='gfield_label gform-field-label' for='input_1_6'>Tu mensaje<\/label><textarea name='input_6' id='input_1_6' class='textarea large'    placeholder='\u00a1NOS ENCANTAN LOS DETALLES!'  aria-invalid=\"false\"   rows='10' cols='50'><\/textarea><label class='gfield_label gform-field-label' for='input_1_7'>CAPTCHA<\/label><img class='gfield_captcha' src='https:\/\/vcs-inc.org\/index.php?gf-download=2069241347.png&#038;form-id=captcha&#038;field-id=7&#038;hash=7d5a321362c0a3fc57e4adc4edc321c3dc617999f6ee4714c0bd47dcdcfce64c' alt='' width='150' height='42' \/><input type='text' autocomplete='off' name='input_7' id='input_1_7' \/><input type='hidden' name='input_captcha_prefix_7' value='2069241347' \/>\n         <input type='submit' id='gform_submit_button_1' class='gform_button button' onclick='gform.submission.handleButtonClick(this);' data-submission-type='submit' value='Entregar'  \/> <input type='hidden' name='gform_ajax' value='form_id=1&amp;title=&amp;description=&amp;tabindex=0&amp;theme=gravity-theme&amp;styles=[]&amp;hash=0ee2fd61ed68544fe187a804289dac67' \/>\n            <input type='hidden' class='gform_hidden' name='gform_submission_method' data-js='gform_submission_method_1' value='iframe' \/>\n            <input type='hidden' class='gform_hidden' name='gform_theme' data-js='gform_theme_1' id='gform_theme_1' value='gravity-theme' \/>\n            <input type='hidden' class='gform_hidden' name='gform_style_settings' data-js='gform_style_settings_1' id='gform_style_settings_1' value='[]' \/>\n            <input type='hidden' class='gform_hidden' name='is_submit_1' value='1' \/>\n            <input type='hidden' class='gform_hidden' name='gform_submit' value='1' \/>\n            <input type='hidden' class='gform_hidden' name='gform_currency' data-currency='USD' value='8vK0lRCjVcnyA5xNNMEIlCHbn+vTeCAhchQV7VenctzHR2gIHtNs7TSboJxIzYzBbvuIltcZWZLlOUpta9oE6mqEieIvpc1dY7jmIymiEWkLHB8=' \/>\n            <input type='hidden' class='gform_hidden' name='gform_unique_id' value='' \/>\n            <input type='hidden' class='gform_hidden' name='state_1' value='WyJbXSIsIjEwYjE2MDYyYzAwNzgwYTI0OWQ5Y2YzMTk1MDc4ZTU5Il0=' \/>\n            <input type='hidden' autocomplete='off' class='gform_hidden' name='gform_target_page_number_1' id='gform_target_page_number_1' value='0' \/>\n            <input type='hidden' autocomplete='off' class='gform_hidden' name='gform_source_page_number_1' id='gform_source_page_number_1' value='1' \/>\n            <input type='hidden' name='gform_field_values' value='' \/>\n                        <input type=\"hidden\" name=\"trp-form-language\" value=\"es\"\/><\/form>\n\t\t                <iframe style='display:none;width:0px;height:0px;' src='about:blank' name='gform_ajax_frame_1' id='gform_ajax_frame_1' title='Este iframe contiene la l\u00f3gica necesaria para manejar Gravity Forms impulsados por Ajax.'><\/iframe>\n\t<p>\u00a1Su informaci\u00f3n personal nunca ser\u00e1 compartida, vendida ni cedida a nadie, nunca!<\/p>\n\t<iframe src=\"https:\/\/www.google.com\/maps\/embed\/v1\/place?q=VCS%0A77+South+Main+Street%0ANew+City%2C+NY+10956&#038;key=AIzaSyD09zQ9PNDNNy9TadMuzRV_UsPUoWKntt8\" aria-hidden=\"true\"><\/iframe>","protected":false},"excerpt":{"rendered":"<p>Servicio de Asesor\u00eda Voluntaria &gt; Cont\u00e1ctenos. Por favor, cont\u00e1ctenos como mejor le convenga: Complete el formulario a continuaci\u00f3n y nos comunicaremos con usted en 24 horas. Nota: Nosotros\u2026<\/p>","protected":false},"author":1,"featured_media":0,"parent":0,"menu_order":0,"comment_status":"closed","ping_status":"closed","template":"","meta":{"_acf_changed":false,"_seopress_robots_primary_cat":"","_seopress_titles_title":"","_seopress_titles_desc":"","_seopress_robots_index":"","_price":"","_stock":"","_tribe_ticket_header":"","_tribe_default_ticket_provider":"","_tribe_ticket_capacity":"0","_ticket_start_date":"","_ticket_end_date":"","_tribe_ticket_show_description":"","_tribe_ticket_show_not_going":false,"_tribe_ticket_use_global_stock":"","_tribe_ticket_global_stock_level":"","_global_stock_mode":"","_global_stock_cap":"","_tribe_rsvp_for_event":"","_tribe_ticket_going_count":"","_tribe_ticket_not_going_count":"","_tribe_tickets_list":"[]","_tribe_ticket_has_attendee_info_fields":false,"footnotes":""},"class_list":["post-30","page","type-page","status-publish","hentry"],"acf":[],"_links":{"self":[{"href":"https:\/\/vcs-inc.org\/es\/wp-json\/wp\/v2\/pages\/30","targetHints":{"allow":["GET"]}}],"collection":[{"href":"https:\/\/vcs-inc.org\/es\/wp-json\/wp\/v2\/pages"}],"about":[{"href":"https:\/\/vcs-inc.org\/es\/wp-json\/wp\/v2\/types\/page"}],"author":[{"embeddable":true,"href":"https:\/\/vcs-inc.org\/es\/wp-json\/wp\/v2\/users\/1"}],"replies":[{"embeddable":true,"href":"https:\/\/vcs-inc.org\/es\/wp-json\/wp\/v2\/comments?post=30"}],"version-history":[{"count":0,"href":"https:\/\/vcs-inc.org\/es\/wp-json\/wp\/v2\/pages\/30\/revisions"}],"wp:attachment":[{"href":"https:\/\/vcs-inc.org\/es\/wp-json\/wp\/v2\/media?parent=30"}],"curies":[{"name":"gracias","href":"https:\/\/api.w.org\/{rel}","templated":true}]}}