{"id":19,"date":"2024-12-30T15:50:23","date_gmt":"2024-12-30T15:50:23","guid":{"rendered":"https:\/\/vcs-inc.org\/?page_id=19"},"modified":"2025-10-01T13:59:24","modified_gmt":"2025-10-01T17:59:24","slug":"services","status":"publish","type":"page","link":"https:\/\/vcs-inc.org\/es\/services\/","title":{"rendered":"Servicios"},"content":{"rendered":"<h1  data-animation-delay=\"0\" data-animation-duration=\"1\">\n\t\t\t\t<\/h1>\n\t<!-- Breadcrumb NavXT 7.4.1 -->\n<a property=\"item\" typeof=\"WebPage\" title=\"Vaya al Servicio de Asesoramiento Voluntario.\" href=\"https:\/\/vcs-inc.org\/es\/\">Servicio de asesoramiento voluntario<\/a><meta property=\"position\" content=\"1\"\/> &gt; Servicios<meta property=\"url\" content=\"https:\/\/vcs-inc.org\/services\/\"\/><meta property=\"position\" content=\"2\"\/>\n\t<p>Bienvenido a VCS, donde nos dedicamos a promover la salud mental, el crecimiento personal y la resiliencia comunitaria en todo el condado de Rockland. Conozca nuestra gama completa de servicios, desde atenci\u00f3n cl\u00ednica ambulatoria y pr\u00e1cticas para graduados hasta coaching de bienestar, grupos de apoyo y apoyo estudiantil. Ya sea que busque tratamiento individualizado, coaching no cl\u00ednico, servicios para sus hijos o apoyo entre pares, en VCS estamos aqu\u00ed para guiarlo y empoderarlo en cada paso del camino.<\/p>\n\t\t\t<a href=\"\/es\/how-can-we-help\/\" target=\"_self\">\n\t\t\t\t\t\t\t\u00bfNo sabes por d\u00f3nde empezar?\n\t\t\t\t\t<\/a>\n\t\tServicios\n\t\t\t\t\t\n\t\t<h2><a href=\"\/es\/services\/mental-health-clinic\/\" target=\"_self\">Servicios cl\u00ednicos<\/a><\/h2><p><em>Divisi\u00f3n de Servicios Cl\u00ednicos y Desarrollo de la Fuerza Laboral<\/em><\/p>\n<p>En el coraz\u00f3n de nuestra divisi\u00f3n de Servicios Cl\u00ednicos y Desarrollo Laboral se encuentra nuestra Cl\u00ednica Ambulatoria del Art\u00edculo 31, autorizada por la Oficina de Salud Mental del Estado de Nueva York, que atiende a pacientes de 10 a\u00f1os en adelante. Aqu\u00ed encontrar\u00e1 psicoterapia basada en la evidencia, administraci\u00f3n de medicamentos, apoyo entre pares y grupos de desarrollo de habilidades, todo adaptado a sus necesidades espec\u00edficas.<\/p>\n\t\t\t<a href=\"\/es\/services\/mental-health-clinic\/\" target=\"_self\">\n\t\t\t\t\t\t\tM\u00e1s informaci\u00f3n\n\t\t\t\t\t<\/a>\n\t\t\t\t<img decoding=\"async\" src=\"https:\/\/vcs-inc.org\/wp-content\/uploads\/bb-plugin\/cache\/clinic-talking-to-a-therapist-circle-4b557512fa124c2d4609fcf1028af8da-.png\" alt=\"clinic - talking to a therapist\" itemprop=\"image\" height=\"1080\" width=\"1080\" title=\"Cl\u00ednica - hablar con un terapeuta\" onerror=\"this.style.display='none'\" loading=\"lazy\" \/>\n<h3>Cl\u00ednica de Salud Mental<\/h3>Nuestra cl\u00ednica es una cl\u00ednica ambulatoria del Art\u00edculo 31 con licencia de la Oficina de Salud Mental del Estado de Nueva York.<br \/>\nPrograma de tratamiento para personas de 10 a\u00f1os en adelante.\n<p>Servicios prestados:<\/p>\n<ol>\n<li>Psicoterapia<\/li>\n<li>Manejo de medicamentos<\/li>\n<li>Apoyo entre pares<\/li>\n<li>Grupo personalizado centrado en habilidades<\/li>\n<\/ol>\n<p>Nuestra cl\u00ednica de salud mental factura principalmente a trav\u00e9s de su seguro m\u00e9dico. Si no ve su seguro, no se preocupe: ofrecemos tarifas flexibles seg\u00fan sus ingresos.<\/p>\n\t<h3>Seguros que aceptamos<\/h3><p>Consulte la lista a continuaci\u00f3n para conocer los seguros con los que estamos actualmente en red.<\/p>\n<ol>\n<li aria-level=\"1\">Medicaid de pago por servicio (tambi\u00e9n conocido como \u201cMedicaid directo\u201d)<\/li>\n<li aria-level=\"1\">Planes de atenci\u00f3n administrada de Medicaid:\n<ul>\n<li aria-level=\"2\">Afinidad de Molina<\/li>\n<li aria-level=\"2\">Empire BCBS Salud Plus<\/li>\n<li aria-level=\"2\">Fidelis<\/li>\n<li aria-level=\"2\">La salud primero<\/li>\n<li aria-level=\"2\">Jugador M\u00e1s Valioso (MVP)<\/li>\n<li aria-level=\"2\">United Behavioral Healthcare de Nueva York\/Optum<\/li>\n<li aria-level=\"2\">Medicaid WellCare<\/li>\n<\/ul>\n<\/li>\n<li aria-level=\"1\">Doble elegibilidad (Medicare-Medicaid)<\/li>\n<li aria-level=\"1\">Planes comerciales (privados):\n<ul>\n<li aria-level=\"2\">\u00a0Fidelis<\/li>\n<li aria-level=\"2\">Jugador M\u00e1s Valioso (MVP)<\/li>\n<li aria-level=\"2\">Atenci\u00f3n m\u00e9dica unida\/Optum<\/li>\n<\/ul>\n<\/li>\n<\/ol>\n\t\t<h2><a href=\"\/es\/services\/work-with-us\/\"  target=\"_self\">\t\n\tDesarrollo de la fuerza laboral<\/a><\/h2><p><em>Programa de pasant\u00edas para estudiantes de posgrado<\/em><\/p>\n<p>Tambi\u00e9n cultivamos la pr\u00f3xima generaci\u00f3n de profesionales de la salud mental a trav\u00e9s de nuestro Programa de Pasant\u00edas para Estudiantes de Posgrado, que ofrece experiencia pr\u00e1ctica tanto en entornos cl\u00ednicos como escolares bajo la estrecha supervisi\u00f3n de m\u00e9dicos experimentados.<\/p>\n\t\t\t<a href=\"\/es\/services\/work-with-us\/\" target=\"_self\">\n\t\t\t\t\t\t\tM\u00e1s informaci\u00f3n\n\t\t\t\t\t<\/a>\n\t\t\t\t<a href=\"\/es\/services\/work-with-us\/graduate-student-internship-program\/\"  target=\"_self\" itemprop=\"url\">\n\t\t\t\t<img decoding=\"async\" src=\"https:\/\/vcs-inc.org\/wp-content\/uploads\/bb-plugin\/cache\/ChatGPT-Image-Jul-9-2025-12_30_20-PM-circle-159d0e17332201f57afd66ead6507cc7-.png\" alt=\"figure holding a degree and wearing a grad cap\" itemprop=\"image\" height=\"1024\" width=\"1024\" title=\"Imagen ChatGPT 9 de julio de 2025, 12:30 a. m.\" onerror=\"this.style.display='none'\" loading=\"lazy\" \/>\n\t\t\t\t<\/a>\n<h3><a href=\"\/es\/services\/work-with-us\/graduate-student-internship-program\/\" target=\"_self\">Programa de pasant\u00edas para estudiantes de posgrado<\/a><\/h3><p>Ofrecemos a estudiantes de posgrado en trabajo social, salud mental y terapia matrimonial y familiar la oportunidad de adquirir una experiencia invaluable en nuestra cl\u00ednica de salud mental del Art\u00edculo 31. Como pasantes en nuestra cl\u00ednica, podr\u00e1n aplicar los conocimientos adquiridos en la escuela a pacientes reales bajo la estrecha supervisi\u00f3n de un supervisor experimentado. Tambi\u00e9n contamos con programas escolares donde los pasantes pueden aplicar sus habilidades trabajando con estudiantes de primaria, secundaria o preparatoria. Esta es una experiencia educativa emocionante y enriquecedora donde el aprendizaje te\u00f3rico cobra vida con sus pacientes.<\/p>\n\t\t\t<a href=\"\/es\/services\/work-with-us\/graduate-student-internship-program\/\" target=\"_self\">\n\t\t\t\t\t\t\tM\u00e1s informaci\u00f3n\n\t\t\t\t\t<\/a>\n\t\t\t\t<a href=\"\/es\/services\/work-with-us\/employment-opportunities\/\"  target=\"_self\" itemprop=\"url\">\n\t\t\t\t<img decoding=\"async\" src=\"https:\/\/vcs-inc.org\/wp-content\/uploads\/bb-plugin\/cache\/Teamwork-Image-circle-21c534d4c9fd5414bd471c130be9141c-.png\" alt=\"employment opportunities\" itemprop=\"image\" height=\"1080\" width=\"1080\" title=\"Imagen de trabajo en equipo\" onerror=\"this.style.display='none'\" loading=\"lazy\" \/>\n\t\t\t\t<\/a>\n<h3><a href=\"\/es\/services\/work-with-us\/employment-opportunities\/\" target=\"_self\">Oportunidades de empleo<\/a><\/h3><p>Ofrecemos a estudiantes de posgrado en trabajo social, salud mental y terapia matrimonial y familiar la oportunidad de adquirir una experiencia invaluable en nuestra cl\u00ednica de salud mental del Art\u00edculo 31. Como pasantes en nuestra cl\u00ednica, podr\u00e1n aplicar los conocimientos adquiridos en la escuela a pacientes reales bajo la estrecha supervisi\u00f3n de un supervisor experimentado. Tambi\u00e9n contamos con programas escolares donde los pasantes pueden aplicar sus habilidades trabajando con estudiantes de primaria, secundaria o preparatoria. Esta es una experiencia educativa emocionante y enriquecedora donde el aprendizaje te\u00f3rico cobra vida con sus pacientes.<\/p>\n\t\t\t<a href=\"\/es\/services\/work-with-us\/employment-opportunities\/\" target=\"_self\">\n\t\t\t\t\t\t\tM\u00e1s informaci\u00f3n\n\t\t\t\t\t<\/a>\n\t\t<h2><a href=\"\/es\/services\/community-services\/\"  target=\"_self\">\t\n\tDivisi\u00f3n de Servicios Comunitarios<\/a><\/h2><p>Nuestra divisi\u00f3n de Servicios Comunitarios ofrece apoyo no cl\u00ednico a la comunidad, ayudando a personas y familias a prosperar. Desde coaching individual para el bienestar (disponible en ingl\u00e9s y espa\u00f1ol) hasta programas espec\u00edficos para padres, grupos de apoyo para cuidadores y abuelos, y servicios especializados para adultos mayores, cada servicio est\u00e1 dise\u00f1ado para desarrollar habilidades, perspectivas y conexiones. Tambi\u00e9n ofrecemos responsabilidades legales para hombres en nuestro Programa de Violencia Dom\u00e9stica y apoyo educativo a trav\u00e9s del Programa de Defensa Estudiantil Beth Kipperman, para que todos en nuestra comunidad puedan acceder a los recursos que necesitan para prosperar.<\/p>\n\t\t\t<a href=\"\/es\/services\/community-services\/\" target=\"_self\">\n\t\t\t\t\t\t\tM\u00e1s informaci\u00f3n\n\t\t\t\t\t<\/a>\n\t\t\t\t<a href=\"\/es\/services\/community-services\/wellness-coaching\/\"  target=\"_self\" itemprop=\"url\">\n\t\t\t\t<img decoding=\"async\" src=\"https:\/\/vcs-inc.org\/wp-content\/uploads\/bb-plugin\/cache\/wellness-coaching-stairs-to-success-circle-e08e4e3cbc75c13df0a9d7d4d89940e1-.webp\" alt=\"wellness coaching - stairs to success\" itemprop=\"image\" height=\"1080\" width=\"1080\" title=\"Coaching de bienestar: la escalera hacia el \u00e9xito\" onerror=\"this.style.display='none'\" loading=\"lazy\" \/>\n\t\t\t\t<\/a>\n<h3><a href=\"\/es\/services\/community-services\/wellness-coaching\/\" target=\"_self\">Coaching de bienestar mental para personas<\/a><\/h3>El coaching es una forma de apoyo no cl\u00ednico que puede utilizarse para el crecimiento personal o profesional. El proceso de coaching proporciona orientaci\u00f3n y capacitaci\u00f3n para ayudar a los clientes a desarrollar habilidades, perspectivas y comportamientos de alto rendimiento que les permitan alcanzar sus metas con mayor eficiencia. Los coaches de VCS ayudan a sus clientes a ser conscientes y mejorar sus h\u00e1bitos, comprender y aprender de sus emociones, y a tomar medidas activas y empoderadas que los lleven al cambio.<br \/>\nLos clientes de coaching deciden el rumbo que quieren tomar en su camino de crecimiento personal. Nuestros coaches los apoyan en todos los niveles para que se conviertan en quienes desean ser.\n<p>El programa de Coaching de Bienestar Mental para adultos est\u00e1 disponible para cualquier persona mayor de 19 a\u00f1os. El programa de Coaching de Bienestar Mental para adolescentes est\u00e1 disponible para cualquier persona de 12 a 18 a\u00f1os con el consentimiento del cuidador. Las sesiones tienen una duraci\u00f3n de 50 minutos y se realizan una vez a la semana con un coach voluntario de VCS. Todas las sesiones de coaching son confidenciales. Hay sesiones diurnas y nocturnas. Las tarifas semanales se basan en una escala m\u00f3vil seg\u00fan los ingresos.<\/p>\n\t\t\t<a href=\"\/es\/services\/community-services\/wellness-coaching\/\" target=\"_self\">\n\t\t\t\t\t\t\tLeer m\u00e1s\n\t\t\t\t\t<\/a>\n\t\t\t\t<a href=\"\/es\/services\/community-services\/the-beth-kipperman-student-advocacy-program\/\"  target=\"_self\" itemprop=\"url\">\n\t\t\t\t<img decoding=\"async\" src=\"https:\/\/vcs-inc.org\/wp-content\/uploads\/bb-plugin\/cache\/student-advocacy-circle-81533276d7b4f1927bd16fcdb0d488bc-.webp\" alt=\"student advocacy\" itemprop=\"image\" height=\"1080\" width=\"1080\" title=\"defensa estudiantil\" onerror=\"this.style.display='none'\" loading=\"lazy\" \/>\n\t\t\t\t<\/a>\n<h3><a href=\"\/es\/services\/community-services\/the-beth-kipperman-student-advocacy-program\/\" target=\"_self\">El Programa de Defensa de los Estudiantes de Beth Kipperman<\/a><\/h3>Nuestro programa ayuda a los estudiantes a alcanzar su potencial acad\u00e9mico al brindar defensa educativa a los estudiantes que tienen dificultades para obtener servicios de educaci\u00f3n especial.<br \/>\nEn VCS, nuestros defensores ayudan a las familias a sentirse menos aisladas y m\u00e1s empoderadas para colaborar con su distrito escolar y obtener los servicios educativos o conductuales necesarios que mejoren el \u00e9xito acad\u00e9mico de sus estudiantes. Sabemos que el proceso puede ser confuso y abrumador para las familias, por lo que nos tomamos el tiempo para comprender plenamente qu\u00e9 puede estar afectando el acceso del estudiante al curr\u00edculo educativo.<br \/>\nNuestros servicios incluyen soporte para:\n<ol>\n<li>Consultas iniciales<\/li>\n<li>Revisi\u00f3n de evaluaciones<\/li>\n<li>Contacto con padres y escuela<\/li>\n<li>Cualquier reuni\u00f3n relacionada con la prestaci\u00f3n de servicios de educaci\u00f3n especial y audiencias relacionadas<\/li>\n<\/ol>\n\t\t\t<a href=\"\/es\/services\/community-services\/the-beth-kipperman-student-advocacy-program\/\" target=\"_self\">\n\t\t\t\t\t\t\tLeer m\u00e1s\n\t\t\t\t\t<\/a>\n\t\t<h3><a href=\"\/es\/services\/community-services\/parenting-programs\/\"  target=\"_self\">\t\n\tProgramas para padres<\/a><\/h3><p>Grupos educativos y asesoramiento para padres y familiares que cr\u00edan hijos<\/p>\n\t\t\t<a href=\"\/es\/services\/community-services\/parenting-programs\/\" target=\"_self\">\n\t\t\t\t\t\t\tM\u00e1s informaci\u00f3n\n\t\t\t\t\t<\/a>\n\t\t\t\t<a href=\"\/es\/services\/community-services\/parenting-programs\/\"  target=\"_self\" itemprop=\"url\">\n\t\t\t\t<img decoding=\"async\" src=\"https:\/\/vcs-inc.org\/wp-content\/uploads\/bb-plugin\/cache\/parenting-apart-swingset-circle-117ab93659e48116dbe0ed866bb461ea-.webp\" alt=\"parenting apart - swingset\" itemprop=\"image\" height=\"1080\" width=\"1080\" title=\"Crianza separada - columpio\" onerror=\"this.style.display='none'\" loading=\"lazy\" \/>\n\t\t\t\t<\/a>\n<h4><a href=\"\/es\/services\/community-services\/parenting-programs\/\" target=\"_self\">Educaci\u00f3n para padres de mujeres<\/a><\/h4><p>VCS ofrece educaci\u00f3n para padres para mujeres en ingl\u00e9s y espa\u00f1ol. Las sesiones est\u00e1n dirigidas a cualquier mujer que est\u00e9 criando un hijo. VCS sigue un programa de 12 sesiones que abarca temas fundamentales de crianza, como el desarrollo infantil y la disciplina efectiva.<\/p>\n\t\t\t<a href=\"\/es\/services\/community-services\/parenting-programs\/\" target=\"_self\">\n\t\t\t\t\t\t\tLeer m\u00e1s\n\t\t\t\t\t<\/a>\n\t\t\t\t<a href=\"\/es\/services\/community-services\/parenting-programs\/\"  target=\"_self\" itemprop=\"url\">\n\t\t\t\t<img decoding=\"async\" src=\"https:\/\/vcs-inc.org\/wp-content\/uploads\/bb-plugin\/cache\/parenting-apart-swingset-circle-117ab93659e48116dbe0ed866bb461ea-.webp\" alt=\"parenting apart - swingset\" itemprop=\"image\" height=\"1080\" width=\"1080\" title=\"Crianza separada - columpio\" onerror=\"this.style.display='none'\" loading=\"lazy\" \/>\n\t\t\t\t<\/a>\n<h4><a href=\"\/es\/services\/community-services\/parenting-programs\/\" target=\"_self\">Educaci\u00f3n para padres hombres<\/a><\/h4><p>VCS ofrece sesiones de educaci\u00f3n para padres para hombres, tanto en ingl\u00e9s como en espa\u00f1ol. Las sesiones est\u00e1n dirigidas a cualquier hombre que est\u00e9 criando a un hijo. VCS sigue un programa de 12 sesiones que abarca temas fundamentales de crianza, como el desarrollo infantil y la disciplina efectiva.<\/p>\n\t\t\t<a href=\"\/es\/services\/community-services\/parenting-programs\/\" target=\"_self\">\n\t\t\t\t\t\t\tLeer m\u00e1s\n\t\t\t\t\t<\/a>\n\t\t\t\t<a href=\"\/es\/services\/community-services\/parenting-programs\/\"  target=\"_self\" itemprop=\"url\">\n\t\t\t\t<img decoding=\"async\" src=\"https:\/\/vcs-inc.org\/wp-content\/uploads\/bb-plugin\/cache\/parent-education-parent-and-child-circle-ae711c3f2720e93dfea6c18bebab9b0f-.webp\" alt=\"parent education - parent and child\" itemprop=\"image\" height=\"1080\" width=\"1080\" title=\"educaci\u00f3n para padres - padres e hijos\" onerror=\"this.style.display='none'\" loading=\"lazy\" \/>\n\t\t\t\t<\/a>\n<h4><a href=\"\/es\/services\/community-services\/parenting-programs\/\" target=\"_self\">Programa Parenting Apart<\/a><\/h4><p>Este programa es \u00fatil para todos los padres que se separan, hayan estado casados o no. La separaci\u00f3n y el divorcio son experiencias estresantes para todos los involucrados, especialmente para los ni\u00f1os. Este programa educativo de 14 horas se centra en las necesidades de los ni\u00f1os en estos momentos.<\/p>\n<p>El Programa Parenting Apart de VCS consta de dos partes:<\/p>\n<ul>\n<li>Un seminario introductorio de dos horas certificado por el estado de Nueva York, seguido de:<\/li>\n<li>12 sesiones individuales.<\/li>\n<\/ul>\n<p>Los temas incluyen:<\/p>\n<ul>\n<li>El proceso de separaci\u00f3n\/divorcio<\/li>\n<li>Qu\u00e9 pueden hacer los padres para ayudar a sus hijos a adaptarse<\/li>\n<li>C\u00f3mo reaccionan los ni\u00f1os<\/li>\n<li>Herramientas para la crianza por separado<\/li>\n<li>Consejos sobre errores comunes de los padres<\/li>\n<li>Habilidades para escuchar a los ni\u00f1os\u201d<\/li>\n<\/ul>\n\t\t\t<a href=\"\/es\/services\/community-services\/parenting-programs\/\" target=\"_self\">\n\t\t\t\t\t\t\tLeer m\u00e1s\n\t\t\t\t\t<\/a>\n\t\t\t\t<img decoding=\"async\" src=\"https:\/\/vcs-inc.org\/wp-content\/uploads\/bb-plugin\/cache\/justice-scales-DVPM-circle-d601fbe8be978d5e49522f8bed215e04-.png\" alt=\"justice scales - DVPM\" itemprop=\"image\" height=\"1024\" width=\"1024\" title=\"balanza de justicia - DVPM\" onerror=\"this.style.display='none'\" loading=\"lazy\" \/>\n<h4>Programa de Violencia Dom\u00e9stica para Hombres<\/h4><p>El DVPM est\u00e1 disponible para tribunales civiles y penales, tribunales de libertad condicional, libertad bajo palabra y servicios sociales y de protecci\u00f3n infantil como mecanismo de rendici\u00f3n de cuentas y seguimiento en relaci\u00f3n con los actos de abuso dom\u00e9stico de los hombres contra sus parejas \u00edntimas femeninas.<\/p>\n\t\t<h3><a href=\"\/es\/services\/community-services\/support-groups\/\"  target=\"_self\">\t\n\tGrupos de apoyo<\/a><\/h3><p>En VCS, comprendemos el valor de hablar directamente con personas que pueden tener experiencias y emociones similares a las tuyas. Los Grupos de Apoyo te brindan un espacio para sentirte seguro y vulnerable. Puedes encontrar fortaleza al compartir tu historia o al escuchar las de otros. En nuestros Grupos de Apoyo, compartimos informaci\u00f3n confiable que ayuda a todos nuestros miembros a superar su situaci\u00f3n actual.<\/p>\n\t\t\t<a href=\"\/es\/services\/community-services\/support-groups\/\" target=\"_self\">\n\t\t\t\t\t\t\tM\u00e1s informaci\u00f3n\n\t\t\t\t\t<\/a>\n\t\t\t\t<a href=\"\/es\/services\/community-services\/support-groups\/\"  target=\"_self\" itemprop=\"url\">\n\t\t\t\t<img decoding=\"async\" src=\"https:\/\/vcs-inc.org\/wp-content\/uploads\/bb-plugin\/cache\/support-group-circle-7063a64dd6b4f57cc2e1011659a581f6-.webp\" alt=\"support group\" itemprop=\"image\" height=\"1080\" width=\"1080\" title=\"grupo de apoyo\" onerror=\"this.style.display='none'\" loading=\"lazy\" \/>\n\t\t\t\t<\/a>\n<h4><a href=\"\/es\/services\/community-services\/support-groups\/\" target=\"_self\">Programa de Familiares como Padres (RAPP)<\/a><\/h4><p>El Programa Familiares como Padres es un grupo de apoyo abierto para abuelos que cr\u00edan a sus nietos o cualquier otra persona que cr\u00ede al hijo de un familiar. El grupo es un espacio para compartir los desaf\u00edos y experiencias entre compa\u00f1eros. La asistencia a los grupos es gratuita, de 12:00 p. m. a 1:00 p. m., en persona en VCS, 77 South Main St., New City, NY.<\/p>\n<p>El grupo de apoyo se lleva a cabo el primer jueves de cada mes y el grupo educativo se lleva a cabo el tercer jueves de cada mes.<\/p>\n\t\t\t<a href=\"\/es\/services\/community-services\/support-groups\/\" target=\"_self\">\n\t\t\t\t\t\t\tLeer m\u00e1s\n\t\t\t\t\t<\/a>\n\t\t\t\t<a href=\"\/es\/services\/community-services\/support-groups\/\"  target=\"_self\" itemprop=\"url\">\n\t\t\t\t<img decoding=\"async\" src=\"https:\/\/vcs-inc.org\/wp-content\/uploads\/bb-plugin\/cache\/support-group-circle-7063a64dd6b4f57cc2e1011659a581f6-.webp\" alt=\"support group\" itemprop=\"image\" height=\"1080\" width=\"1080\" title=\"grupo de apoyo\" onerror=\"this.style.display='none'\" loading=\"lazy\" \/>\n\t\t\t\t<\/a>\n<h4><a href=\"\/es\/services\/community-services\/support-groups\/\" target=\"_self\">Entre Mujeres \u2014 Grupo de Apoyo a Mujeres<\/a><\/h4><p>Entre Mujeres es un programa de servicio comunitario que ofrece a las mujeres hispanas un espacio donde pueden compartir y aprender en comunidad con otras mujeres. Actualmente contamos con un grupo que se re\u00fane semanalmente en la Biblioteca P\u00fablica de Spring Valley, donde abordamos temas de inter\u00e9s relacionados con la salud mental y la crianza de los hijos. Adem\u00e1s, recibimos a otras agencias que comparten informaci\u00f3n relevante sobre sus servicios con la comunidad.<\/p>\n\t\t\t<a href=\"\/es\/services\/community-services\/support-groups\/\" target=\"_self\">\n\t\t\t\t\t\t\tLeer m\u00e1s\n\t\t\t\t\t<\/a>\n\t\t\t\t<a href=\"\/es\/services\/community-services\/support-groups\/\"  target=\"_self\" itemprop=\"url\">\n\t\t\t\t<img decoding=\"async\" src=\"https:\/\/vcs-inc.org\/wp-content\/uploads\/bb-plugin\/cache\/zh6hXDKbUrc-circle-51f4afb6c49cd7b18b620784045d0e2b-.jpg\" alt=\"zh6hXDKbUrc\" itemprop=\"image\" height=\"2400\" width=\"1920\" title=\"zh6hXDKbUrc\" onerror=\"this.style.display='none'\" loading=\"lazy\" \/>\n\t\t\t\t<\/a>\n<h4><a href=\"\/es\/services\/community-services\/support-groups\/\" target=\"_self\">Servicios para adultos mayores y sus familias<\/a><\/h4><p>Este programa atiende a residentes adultos mayores del condado de Rockland que se beneficiar\u00edan de hablar sobre sus inquietudes relacionadas con la edad con un consejero capacitado. Las sesiones individuales de consejer\u00eda semanales pueden ser presenciales, virtuales o en lugares p\u00fablicos como parques, bibliotecas, etc. Tambi\u00e9n hay grupos de apoyo para cuidadores y personas mayores disponibles en el centro o en diversas residencias de vida asistida. Para adultos mayores de 60 a\u00f1os. Gratuito hasta agotar los fondos.<\/p>\n\t\t\t<a href=\"\/es\/services\/community-services\/support-groups\/\" target=\"_self\">\n\t\t\t\t\t\t\tLeer m\u00e1s\n\t\t\t\t\t<\/a>\n\t\t\t\t<a href=\"\/es\/services\/community-services\/support-groups\/\"  target=\"_self\" itemprop=\"url\">\n\t\t\t\t<img decoding=\"async\" src=\"https:\/\/vcs-inc.org\/wp-content\/uploads\/bb-plugin\/cache\/pexels-olly-3791664-circle-25a81782be8d6f27691cbb557b08afab-.webp\" alt=\"pexels-olly-3791664\" itemprop=\"image\" height=\"1266\" width=\"1900\" title=\"pexels-olly-3791664\" onerror=\"this.style.display='none'\" loading=\"lazy\" \/>\n\t\t\t\t<\/a>\n<h4><a href=\"\/es\/services\/community-services\/support-groups\/\" target=\"_self\">Grupos de apoyo para cuidadores*<\/a><\/h4><p>Grupos gratuitos que ofrecen recursos para cuidadores de adultos. El grupo es un espacio seguro para compartir consejos, recursos y estrategias con otras personas en la misma situaci\u00f3n.<\/p>\n\t\t\t<a href=\"\/es\/services\/community-services\/support-groups\/\" target=\"_self\">\n\t\t\t\t\t\t\tLeer m\u00e1s\n\t\t\t\t\t<\/a>","protected":false},"excerpt":{"rendered":"<p>Servicio de Consejer\u00eda Voluntaria &gt; Servicios Bienvenido a VCS, donde nos dedicamos a fomentar la salud mental, el crecimiento personal y la resiliencia comunitaria en todo el condado de Rockland. Vea nuestra gama completa de servicios, desde\u2026<\/p>","protected":false},"author":1,"featured_media":0,"parent":0,"menu_order":0,"comment_status":"closed","ping_status":"closed","template":"","meta":{"_acf_changed":false,"_seopress_robots_primary_cat":"","_seopress_titles_title":"","_seopress_titles_desc":"","_seopress_robots_index":"","_price":"","_stock":"","_tribe_ticket_header":"","_tribe_default_ticket_provider":"","_tribe_ticket_capacity":"0","_ticket_start_date":"","_ticket_end_date":"","_tribe_ticket_show_description":"","_tribe_ticket_show_not_going":false,"_tribe_ticket_use_global_stock":"","_tribe_ticket_global_stock_level":"","_global_stock_mode":"","_global_stock_cap":"","_tribe_rsvp_for_event":"","_tribe_ticket_going_count":"","_tribe_ticket_not_going_count":"","_tribe_tickets_list":"[]","_tribe_ticket_has_attendee_info_fields":false,"footnotes":""},"class_list":["post-19","page","type-page","status-publish","hentry"],"acf":[],"_links":{"self":[{"href":"https:\/\/vcs-inc.org\/es\/wp-json\/wp\/v2\/pages\/19","targetHints":{"allow":["GET"]}}],"collection":[{"href":"https:\/\/vcs-inc.org\/es\/wp-json\/wp\/v2\/pages"}],"about":[{"href":"https:\/\/vcs-inc.org\/es\/wp-json\/wp\/v2\/types\/page"}],"author":[{"embeddable":true,"href":"https:\/\/vcs-inc.org\/es\/wp-json\/wp\/v2\/users\/1"}],"replies":[{"embeddable":true,"href":"https:\/\/vcs-inc.org\/es\/wp-json\/wp\/v2\/comments?post=19"}],"version-history":[{"count":0,"href":"https:\/\/vcs-inc.org\/es\/wp-json\/wp\/v2\/pages\/19\/revisions"}],"wp:attachment":[{"href":"https:\/\/vcs-inc.org\/es\/wp-json\/wp\/v2\/media?parent=19"}],"curies":[{"name":"gracias","href":"https:\/\/api.w.org\/{rel}","templated":true}]}}