{"id":17257,"date":"2025-07-17T09:18:01","date_gmt":"2025-07-17T13:18:01","guid":{"rendered":"https:\/\/vcs-inc.org\/?page_id=17257"},"modified":"2025-07-17T09:45:43","modified_gmt":"2025-07-17T13:45:43","slug":"gala2025","status":"publish","type":"page","link":"https:\/\/vcs-inc.org\/es\/gala2025\/","title":{"rendered":"Gala 2025"},"content":{"rendered":"<img decoding=\"async\" src=\"https:\/\/vcs-inc.org\/wp-content\/uploads\/2025\/07\/55th-Anniversary-Logo-Hor-Transparent-1-1024x631.png\" alt=\"55th Anniversary Gala\" itemprop=\"image\" height=\"631\" width=\"1024\" title=\"Logotipo del 55.\u00ba aniversario Hor transparente\" onerror=\"this.style.display='none'\" loading=\"lazy\">\n\t<p>Gracias por apoyar a VCS y nuestra Gala de Esperanza, Sanaci\u00f3n y Crecimiento. Al desplazarse por la p\u00e1gina, encontrar\u00e1 la informaci\u00f3n del evento, incluyendo a nuestros homenajeados, los momentos destacados, las oportunidades de patrocinio y, por \u00faltimo, el formulario para comprar entradas, patrocinios y anuncios en la revista. \u00a1Estamos muy emocionados de que nos acompa\u00f1e en esta celebraci\u00f3n!<\/p>\n\t\t\t<a href=\"#journal\" target=\"_self\">\n\t\t\t\t\t\t\tVer el diario de gala\n\t\t\t\t\t<\/a>\n\t\t\t<a href=\"\/es\/gallery\/\" target=\"_self\">\n\t\t\t\t\t\t\tHaga clic aqu\u00ed para ver la galer\u00eda de fotos de la Gala\n\t\t\t\t\t<\/a>\n<h1 data-animation-delay=\"0\" data-animation-duration=\"1\">\n\t\t\t\u00a1Nuestros homenajeados!\t<\/h1>\n\t\t\t\t<img decoding=\"async\" src=\"https:\/\/vcs-inc.org\/wp-content\/uploads\/2025\/07\/Brooke-Malloy-Headshot-2024-SQUARE.jpg\" alt=\"Brooke Malloy Headshot 2024 SQUARE\" itemprop=\"image\" height=\"1366\" width=\"1366\" title=\"Brooke Malloy Foto de rostro 2024 SQUARE\" onerror=\"this.style.display='none'\" loading=\"lazy\">\n\t<p><strong>Brooke Malloy<\/strong> (ella\/ella)<\/p>\n<p>y el Centro del Orgullo de Rockland<\/p>\n\t<p><strong>Brooke Malloy (ella)<\/strong>&nbsp;Es la directora ejecutiva fundadora del Centro del Orgullo Phyllis B. Frank del Condado de Rockland, un centro comunitario LGBTQ+ 501(c)(3) con una misi\u00f3n antirracista y de justicia social. Gracias a la dedicaci\u00f3n de su equipo, el Centro del Orgullo se ha convertido en un recurso vital en el Condado de Rockland, ofreciendo eventos comunitarios, apoyo, servicios de supervivencia y capacitaci\u00f3n profesional para apoyar y proteger a las personas LGBTQ+. Esta labor es especialmente crucial en un momento en que los derechos, la seguridad y la dignidad de las personas LGBTQ+ se enfrentan a constantes desaf\u00edos.<\/p>\n<p><strong>El Centro del Orgullo<\/strong> Surgi\u00f3 de VCS Inc., donde Phyllis B. Frank lider\u00f3 la defensa innovadora de los derechos LGBTQ+ durante d\u00e9cadas. Originalmente un programa llamado Orgullo Gay Rockland, la iniciativa brind\u00f3 un apoyo crucial a la comunidad dentro de VCS antes de convertirse en un centro independiente. Brooke y su equipo guiaron esta transici\u00f3n, aportando una visi\u00f3n audaz de lo que el Condado de Rockland podr\u00eda y deber\u00eda ser para las personas queer.<\/p>\n\t\t\t\t<img decoding=\"async\" src=\"https:\/\/vcs-inc.org\/wp-content\/uploads\/2025\/07\/Sarah-Goforth-Headshot-SQUARE.jpg\" alt=\"Sarah Goforth Headshot SQUARE\" itemprop=\"image\" height=\"1262\" width=\"1262\" title=\"Sarah Goforth Foto de perfil CUADRADO\" onerror=\"this.style.display='none'\" loading=\"lazy\">\n\t<p><strong>Sarah Goforth<\/strong><\/p>\n\t<p>&nbsp;<\/p>\n<p>&nbsp;<\/p>\n<p><strong>Sarah Goforth<\/strong> Se desempe\u00f1\u00f3 como Directora Ejecutiva de VCS Inc. en el Condado de Rockland. Junto con su dedicado equipo de personal, Sarah abri\u00f3 una Cl\u00ednica de Salud Mental del Art\u00edculo 31 en 2015, en un momento en que el condado ten\u00eda una gran necesidad de servicios. Poco despu\u00e9s, la Cl\u00ednica se expandi\u00f3 para ofrecer servicios en las escuelas de Rockland. Los ingresos generados por la Cl\u00ednica permitieron a VCS renovar su edificio, ampliar sus servicios de espa\u00f1ol y crear un programa superior de pr\u00e1cticas para graduados. Sarah actualmente vive en el sur de Delaware con su esposo y su perro. Es maestra sustituta en un distrito escolar local, lo que le permiti\u00f3 completar su carrera desde 1982 hasta la actualidad.<\/p>\n\t\t\t\t<img decoding=\"async\" src=\"https:\/\/vcs-inc.org\/wp-content\/uploads\/2025\/07\/Steve-Breen-Headshot.jpg\" alt=\"Steve Breen Headshot\" itemprop=\"image\" height=\"768\" width=\"768\" title=\"Foto de Steve Breen\" onerror=\"this.style.display='none'\" loading=\"lazy\">\n\t<p><strong>Steven Breen<\/strong><\/p>\n\t<p>&nbsp;<\/p>\n<p>&nbsp;<\/p>\n<p><strong>Steven Breen<\/strong> Ha residido toda su vida en el condado de Rockland y actualmente trabaja como gerente de relaciones bancarias para empresas en M&amp;T Bank. Sus s\u00f3lidas habilidades financieras han sido un activo para el sector sin fines de lucro del condado de Rockland. Ha formado parte de las juntas directivas del Ej\u00e9rcito de Salvaci\u00f3n de Rockland, la Liga de B\u00e9isbol Palisades Sparkill, Rockland Business Exchange y Master Networks. Actualmente es tesorero de VCS y presidente de la junta directiva de Bridges.<\/p>\n<p>Steve vive en Tappan, Nueva York con el amor de su vida, Michele y sus dos hijos adultos, Joseph y Kristen.<\/p>\n<h2 data-animation-delay=\"0\" data-animation-duration=\"1\">\n\t\t\tOrganizado por\t<\/h2>\n\t\t\t\t<img decoding=\"async\" src=\"https:\/\/vcs-inc.org\/wp-content\/uploads\/2025\/07\/Elijah-Headshot-1024x1024.jpeg\" alt=\"Elijah Headshot\" itemprop=\"image\" title=\"Elijah-Foto de cabeza\" onerror=\"this.style.display='none'\" loading=\"lazy\">\n\t<p><strong>Elijah Reichlin-Melnick<\/strong><\/p>\n<p>Anfitri\u00f3n del evento<\/p>\n\t<p>Ex senador del estado de Nueva York&nbsp;<strong>Elijah Reichlin-Melnick<\/strong> Se uni\u00f3 a la Junta Directiva de VCS en 2023 y se enorgullece de formar parte de esta importante organizaci\u00f3n. Tras comenzar como maestro de primaria, ha desarrollado una variada carrera en el gobierno y el sector sin fines de lucro. Obtuvo su licenciatura en Historia y Gobierno en la Universidad de Cornell y tiene una maestr\u00eda en Planificaci\u00f3n Urbana y Regional en la Universidad de Rutgers. Actualmente se desempe\u00f1a como subdirector de Conservaci\u00f3n de Energ\u00eda y Sostenibilidad del Condado de Westchester. Vive en su ciudad natal, Nyack, con su esposa e hija.<\/p>\n\tHaga clic en las flechas de navegaci\u00f3n<br>\npara ver el Diario de Gala\n<p>&nbsp;<\/p>\n<div class=\"_3d-flip-book  fb3d-fullscreen-mode full-size\" data-id=\"17270\" data-mode=\"fullscreen\" data-title=\"false\" data-template=\"short-white-book-view\" data-lightbox=\"dark-shadow\" data-urlparam=\"fb3d-page\" data-page-n=\"0\" data-pdf=\"\" data-tax=\"null\" data-thumbnail=\"\" data-cols=\"3\" data-book-template=\"default\" data-trigger=\"\"><\/div><script type=\"text\/javascript\">window.FB3D_CLIENT_DATA = window.FB3D_CLIENT_DATA || [];FB3D_CLIENT_DATA.push('eyJwb3N0cyI6eyIxNzI3MCI6eyJJRCI6MTcyNzAsInRpdGxlIjoiR2FsYSAyMDI1IiwidHlwZSI6InBkZiIsInJlYWR5X2Z1bmN0aW9uIjoiIiwiYm9va19zdHlsZSI6ImZsYXQiLCJib29rX3RlbXBsYXRlIjoibm9uZSIsIm91dGxpbmUiOltdLCJkYXRhIjp7InBvc3RfSUQiOiIxNzI3MyIsImd1aWQiOiJodHRwczpcL1wvdmNzLWluYy5vcmdcL3dwLWNvbnRlbnRcL3VwbG9hZHNcLzIwMjVcLzA3XC9WQ1MtR2FsYS1Kb3VybmFsLTIwMjVfVjA1X0RJR0lUQUwtcGFnZXNzLnBkZiIsInBkZl9wYWdlcyI6IjMyIiwicGFnZXNfY3VzdG9taXphdGlvbiI6Im5vbmUifSwidGh1bWJuYWlsIjp7ImRhdGEiOnsicG9zdF9JRCI6IjAifSwidHlwZSI6ImF1dG8ifSwicHJvcHMiOnsiYmFja2dyb3VuZENvbG9yIjoiYXV0byIsImJhY2tncm91bmRJbWFnZSI6ImF1dG8iLCJiYWNrZ3JvdW5kU3R5bGUiOiJhdXRvIiwiaGlnaGxpZ2h0TGlua3MiOiJhdXRvIiwibGlnaHRpbmciOiJhdXRvIiwic2luZ2xlUGFnZU1vZGUiOiJhdXRvIiwiY2FjaGVkUGFnZXMiOiJhdXRvIiwicmVuZGVySW5hY3RpdmVQYWdlcyI6ImF1dG8iLCJyZW5kZXJJbmFjdGl2ZVBhZ2VzT25Nb2JpbGUiOiJhdXRvIiwicmVuZGVyV2hpbGVGbGlwcGluZyI6ImF1dG8iLCJwcmVsb2FkUGFnZXMiOiJhdXRvIiwiYXV0b1BsYXlEdXJhdGlvbiI6ImF1dG8iLCJydGwiOiJhdXRvIiwiaW50ZXJhY3RpdmVDb3JuZXJzIjoiYXV0byIsIm1heERlcHRoIjoiYXV0byIsInNoZWV0Ijp7InN0YXJ0VmVsb2NpdHkiOiJhdXRvIiwid2F2ZSI6ImF1dG8iLCJzaGFwZSI6ImF1dG8iLCJ3aWR0aFRleGVscyI6ImF1dG8iLCJjb2xvciI6ImF1dG8iLCJzaWRlIjoiYXV0byIsInN0cmV0Y2hJbWFnZXMiOiJhdXRvIiwiY29ybmVyRGV2aWF0aW9uIjoiYXV0byIsImZsZXhpYmlsaXR5IjoiYXV0byIsImZsZXhpYmxlQ29ybmVyIjoiYXV0byIsImJlbmRpbmciOiJhdXRvIiwiaGVpZ2h0VGV4ZWxzIjoiYXV0byJ9LCJjb3ZlciI6eyJ3YXZlIjoiYXV0byIsImNvbG9yIjoiYXV0byIsInNpZGUiOiJhdXRvIiwic3RyZXRjaEltYWdlcyI6ImF1dG8iLCJiaW5kZXJUZXh0dXJlIjoiYXV0byIsImRlcHRoIjoiYXV0byIsInBhZGRpbmciOiJhdXRvIiwic3RhcnRWZWxvY2l0eSI6ImF1dG8iLCJmbGV4aWJpbGl0eSI6ImF1dG8iLCJmbGV4aWJsZUNvcm5lciI6ImF1dG8iLCJiZW5kaW5nIjoiYXV0byIsIndpZHRoVGV4ZWxzIjoiYXV0byIsImhlaWdodFRleGVscyI6ImF1dG8iLCJtYXNzIjoiYXV0byIsInNoYXBlIjoiYXV0byJ9LCJwYWdlIjp7IndhdmUiOiJhdXRvIiwiY29sb3IiOiJhdXRvIiwic2lkZSI6ImF1dG8iLCJzdHJldGNoSW1hZ2VzIjoiYXV0byIsImRlcHRoIjoiYXV0byIsInN0YXJ0VmVsb2NpdHkiOiJhdXRvIiwiZmxleGliaWxpdHkiOiJhdXRvIiwiZmxleGlibGVDb3JuZXIiOiJhdXRvIiwiYmVuZGluZyI6ImF1dG8iLCJ3aWR0aFRleGVscyI6ImF1dG8iLCJoZWlnaHRUZXhlbHMiOiJhdXRvIiwibWFzcyI6ImF1dG8iLCJzaGFwZSI6ImF1dG8ifSwiaGVpZ2h0IjoiYXV0byIsIndpZHRoIjoiYXV0byIsImdyYXZpdHkiOiJhdXRvIiwicGFnZXNGb3JQcmVkaWN0aW5nIjoiYXV0byJ9LCJjb250cm9sUHJvcHMiOnsiYWN0aW9ucyI6eyJjbWRUb2MiOnsiZW5hYmxlZCI6ImF1dG8iLCJlbmFibGVkSW5OYXJyb3ciOiJhdXRvIiwiYWN0aXZlIjoiYXV0byIsImRlZmF1bHRUYWIiOiJhdXRvIn0sImNtZEF1dG9QbGF5Ijp7ImVuYWJsZWQiOiJhdXRvIiwiZW5hYmxlZEluTmFycm93IjoiYXV0byIsImFjdGl2ZSI6ImF1dG8ifSwiY21kU2F2ZSI6eyJlbmFibGVkIjoiYXV0byIsImVuYWJsZWRJbk5hcnJvdyI6ImF1dG8ifSwiY21kUHJpbnQiOnsiZW5hYmxlZCI6ImF1dG8iLCJlbmFibGVkSW5OYXJyb3ciOiJhdXRvIn0sImNtZFNpbmdsZVBhZ2UiOnsiZW5hYmxlZCI6ImF1dG8iLCJlbmFibGVkSW5OYXJyb3ciOiJhdXRvIiwiYWN0aXZlIjoiYXV0byIsImFjdGl2ZUZvck1vYmlsZSI6ImF1dG8ifSwid2lkVG9vbGJhciI6eyJlbmFibGVkIjoiYXV0byIsImVuYWJsZWRJbk5hcnJvdyI6ImF1dG8ifX19LCJhdXRvVGh1bWJuYWlsIjoiaHR0cHM6XC9cL3Zjcy1pbmMub3JnXC93cC1jb250ZW50XC91cGxvYWRzXC8zZC1mbGlwLWJvb2tcL2F1dG8tdGh1bWJuYWlsc1wvMTcyNzAucG5nIiwicG9zdF9uYW1lIjoiZ2FsYS0yMDI1IiwicG9zdF90eXBlIjoiM2QtZmxpcC1ib29rIn19LCJwYWdlcyI6W10sImZpcnN0UGFnZXMiOltdfQ==');window.FB3D_CLIENT_LOCALE && FB3D_CLIENT_LOCALE.render && FB3D_CLIENT_LOCALE.render();<\/script>","protected":false},"excerpt":{"rendered":"<p>\u00a1Gracias por apoyar a VCS y nuestra Gala de Esperanza, Sanaci\u00f3n y Crecimiento! Al desplazarse, encontrar\u00e1 la informaci\u00f3n del evento, incluyendo a nuestros homenajeados, los momentos destacados del evento, el patrocinio...<\/p>","protected":false},"author":2,"featured_media":0,"parent":0,"menu_order":0,"comment_status":"closed","ping_status":"closed","template":"","meta":{"_acf_changed":false,"_seopress_robots_primary_cat":"","_seopress_titles_title":"","_seopress_titles_desc":"","_seopress_robots_index":"","_price":"","_stock":"","_tribe_ticket_header":"","_tribe_default_ticket_provider":"","_tribe_ticket_capacity":"0","_ticket_start_date":"","_ticket_end_date":"","_tribe_ticket_show_description":"","_tribe_ticket_show_not_going":false,"_tribe_ticket_use_global_stock":"","_tribe_ticket_global_stock_level":"","_global_stock_mode":"","_global_stock_cap":"","_tribe_rsvp_for_event":"","_tribe_ticket_going_count":"","_tribe_ticket_not_going_count":"","_tribe_tickets_list":"[]","_tribe_ticket_has_attendee_info_fields":false,"footnotes":""},"class_list":["post-17257","page","type-page","status-publish","hentry"],"acf":[],"_links":{"self":[{"href":"https:\/\/vcs-inc.org\/es\/wp-json\/wp\/v2\/pages\/17257","targetHints":{"allow":["GET"]}}],"collection":[{"href":"https:\/\/vcs-inc.org\/es\/wp-json\/wp\/v2\/pages"}],"about":[{"href":"https:\/\/vcs-inc.org\/es\/wp-json\/wp\/v2\/types\/page"}],"author":[{"embeddable":true,"href":"https:\/\/vcs-inc.org\/es\/wp-json\/wp\/v2\/users\/2"}],"replies":[{"embeddable":true,"href":"https:\/\/vcs-inc.org\/es\/wp-json\/wp\/v2\/comments?post=17257"}],"version-history":[{"count":0,"href":"https:\/\/vcs-inc.org\/es\/wp-json\/wp\/v2\/pages\/17257\/revisions"}],"wp:attachment":[{"href":"https:\/\/vcs-inc.org\/es\/wp-json\/wp\/v2\/media?parent=17257"}],"curies":[{"name":"gracias","href":"https:\/\/api.w.org\/{rel}","templated":true}]}}