{"id":16171,"date":"2025-06-17T14:19:31","date_gmt":"2025-06-17T18:19:31","guid":{"rendered":"https:\/\/vcs-inc.org\/?page_id=16171"},"modified":"2025-06-18T09:27:46","modified_gmt":"2025-06-18T13:27:46","slug":"domestic-violence-program-for-men","status":"publish","type":"page","link":"https:\/\/vcs-inc.org\/es\/services\/community-services\/domestic-violence-program-for-men\/","title":{"rendered":"Programa de Violencia Dom\u00e9stica para Hombres"},"content":{"rendered":"<!-- Breadcrumb NavXT 7.4.1 -->\n<a property=\"item\" typeof=\"WebPage\" title=\"Vaya al Servicio de Asesoramiento Voluntario.\" href=\"https:\/\/vcs-inc.org\/es\/\">Servicio de asesoramiento voluntario<\/a><meta property=\"position\" content=\"1\"\/> &gt; <a property=\"item\" typeof=\"WebPage\" title=\"Vaya a Servicios.\" href=\"https:\/\/vcs-inc.org\/es\/services\/\">Servicios<\/a><meta property=\"position\" content=\"2\"\/> &gt; <a property=\"item\" typeof=\"WebPage\" title=\"Vaya a Servicios Comunitarios.\" href=\"https:\/\/vcs-inc.org\/es\/services\/community-services\/\">Servicios comunitarios<\/a><meta property=\"position\" content=\"3\"\/> &gt; Programa de Violencia Dom\u00e9stica para Hombres<meta property=\"url\" content=\"https:\/\/vcs-inc.org\/services\/community-services\/domestic-violence-program-for-men\/\"\/><meta property=\"position\" content=\"4\"\/>\n\t\t\t\t\t\t\t\t<a href=\"\/es\/services\/community-services\/support-groups\/\" target=\"_self\">\n\t\t\t\t\t\t<\/a>\n\t<p>El DVPM est\u00e1 disponible para tribunales civiles y penales, tribunales de libertad condicional, libertad bajo palabra y servicios sociales y de protecci\u00f3n infantil como mecanismo de rendici\u00f3n de cuentas y seguimiento en relaci\u00f3n con los actos de abuso dom\u00e9stico de los hombres contra sus parejas \u00edntimas femeninas.<\/p>\n\t\t\t\t\t\t\t\t<a href=\"\/es\/contact-us\/#contact-us\" target=\"_self\">\n\t\t\t\t\t\t<\/a>\n\t<h2><a href=\"\/es\/contact-us\/#contact-us\"  target=\"_self\">Si tiene preguntas o desea hacer una derivaci\u00f3n, llame al miembro del personal que figura a continuaci\u00f3n.<\/a><\/h2>\n<p>Darla Salmon, MFT, Ext. 3007<\/p>\n<strong>Director de Asesoramiento y Servicios Familiares<\/strong>","protected":false},"excerpt":{"rendered":"<p>Servicio de Asesoramiento Voluntario &gt; Servicios &gt; Servicios Comunitarios &gt; Programa de Violencia Dom\u00e9stica para Hombres El DVPM est\u00e1 disponible para tribunales penales y civiles, libertad condicional, libertad bajo palabra y protecci\u00f3n social infantil\u2026<\/p>","protected":false},"author":1,"featured_media":0,"parent":16150,"menu_order":0,"comment_status":"closed","ping_status":"closed","template":"","meta":{"_acf_changed":false,"_seopress_robots_primary_cat":"","_seopress_titles_title":"","_seopress_titles_desc":"","_seopress_robots_index":"","_price":"","_stock":"","_tribe_ticket_header":"","_tribe_default_ticket_provider":"","_tribe_ticket_capacity":"0","_ticket_start_date":"","_ticket_end_date":"","_tribe_ticket_show_description":"","_tribe_ticket_show_not_going":false,"_tribe_ticket_use_global_stock":"","_tribe_ticket_global_stock_level":"","_global_stock_mode":"","_global_stock_cap":"","_tribe_rsvp_for_event":"","_tribe_ticket_going_count":"","_tribe_ticket_not_going_count":"","_tribe_tickets_list":"[]","_tribe_ticket_has_attendee_info_fields":false,"footnotes":""},"class_list":["post-16171","page","type-page","status-publish","hentry"],"acf":[],"_links":{"self":[{"href":"https:\/\/vcs-inc.org\/es\/wp-json\/wp\/v2\/pages\/16171","targetHints":{"allow":["GET"]}}],"collection":[{"href":"https:\/\/vcs-inc.org\/es\/wp-json\/wp\/v2\/pages"}],"about":[{"href":"https:\/\/vcs-inc.org\/es\/wp-json\/wp\/v2\/types\/page"}],"author":[{"embeddable":true,"href":"https:\/\/vcs-inc.org\/es\/wp-json\/wp\/v2\/users\/1"}],"replies":[{"embeddable":true,"href":"https:\/\/vcs-inc.org\/es\/wp-json\/wp\/v2\/comments?post=16171"}],"version-history":[{"count":0,"href":"https:\/\/vcs-inc.org\/es\/wp-json\/wp\/v2\/pages\/16171\/revisions"}],"up":[{"embeddable":true,"href":"https:\/\/vcs-inc.org\/es\/wp-json\/wp\/v2\/pages\/16150"}],"wp:attachment":[{"href":"https:\/\/vcs-inc.org\/es\/wp-json\/wp\/v2\/media?parent=16171"}],"curies":[{"name":"gracias","href":"https:\/\/api.w.org\/{rel}","templated":true}]}}