{"id":16148,"date":"2025-06-17T13:41:33","date_gmt":"2025-06-17T17:41:33","guid":{"rendered":"https:\/\/vcs-inc.org\/?page_id=16148"},"modified":"2025-08-11T16:55:19","modified_gmt":"2025-08-11T20:55:19","slug":"support-groups","status":"publish","type":"page","link":"https:\/\/vcs-inc.org\/es\/services\/community-services\/support-groups\/","title":{"rendered":"Grupos de apoyo"},"content":{"rendered":"<h1  data-animation-delay=\"0\" data-animation-duration=\"1\">\n\t\t\t\t<\/h1>\n\t<!-- Breadcrumb NavXT 7.4.1 -->\n<a property=\"item\" typeof=\"WebPage\" title=\"Vaya al Servicio de Asesoramiento Voluntario.\" href=\"https:\/\/vcs-inc.org\/es\/\">Servicio de asesoramiento voluntario<\/a><meta property=\"position\" content=\"1\"\/> &gt; <a property=\"item\" typeof=\"WebPage\" title=\"Vaya a Servicios.\" href=\"https:\/\/vcs-inc.org\/es\/services\/\">Servicios<\/a><meta property=\"position\" content=\"2\"\/> &gt; <a property=\"item\" typeof=\"WebPage\" title=\"Vaya a Servicios Comunitarios.\" href=\"https:\/\/vcs-inc.org\/es\/services\/community-services\/\">Servicios comunitarios<\/a><meta property=\"position\" content=\"3\"\/> &gt; Grupos de apoyo<meta property=\"url\" content=\"https:\/\/vcs-inc.org\/services\/community-services\/support-groups\/\"\/><meta property=\"position\" content=\"4\"\/>\n\t<p>En VCS, comprendemos el valor de hablar directamente con personas que pueden tener experiencias y emociones similares a las tuyas. Los Grupos de Apoyo te brindan un espacio para sentirte seguro y vulnerable. Puedes encontrar fortaleza al compartir tu historia o al escuchar las de otros. En nuestros Grupos de Apoyo, compartimos informaci\u00f3n confiable que ayuda a todos nuestros miembros a superar su situaci\u00f3n actual.<\/p>\n<p>Nuestras ofertas de grupos de apoyo se actualizan peri\u00f3dicamente, as\u00ed que vuelva a visitarnos con frecuencia si no encuentra lo que est\u00e1 buscando o ll\u00e1menos para informarnos c\u00f3mo podemos ayudarlo.<\/p>\n\t\t\t\t<img decoding=\"async\" src=\"https:\/\/vcs-inc.org\/wp-content\/uploads\/2024\/12\/pexels-cottonbro-5486105-scaled-1.jpeg\" alt=\"decorative image: two women drinking coffee and laughing\" itemprop=\"image\" height=\"2560\" width=\"1707\" title=\"pexels-cottonbro-5486105\" onerror=\"this.style.display='none'\" loading=\"lazy\" \/>\n\t\t<h2><a href=\"\/es\/contact-us\/?service=Caregiver%20Support%20Groups#contact-us\" target=\"_self\">Grupos de apoyo para cuidadores<\/a><\/h2><p>Los Grupos de Apoyo para Cuidadores de VCS ofrecen recursos a quienes cuidan a otro adulto. El grupo es un espacio seguro para compartir consejos, recursos y estrategias con otras personas que comparten la misma funci\u00f3n, as\u00ed como para hablar abiertamente sobre sus experiencias.<\/p>\n<p>Actualmente, el grupo se re\u00fane solo una vez por semana, pero cons\u00faltelo con frecuencia porque se agregan nuevos grupos constantemente. El grupo se re\u00fane los mi\u00e9rcoles de 11:00 a. m. a 12:00 p. m. en la oficina de VCS en New City, \u00a1y la entrada es gratuita!<\/p>\n<p>Informaci\u00f3n de contacto: Marie Wood-Smith, <a href=\"mailto:mwoodsmith@vcs-inc.org\">mwoodsmith@vcs-inc.org<\/a><\/p>\n\t\t\t<a href=\"\/es\/contact-us\/?service=Caregiver%20Support%20Groups#contact-us\" target=\"_self\">\n\t\t\t\t\t\t\tCont\u00e1ctanos\n\t\t\t\t\t<\/a>\n\t\t<h2><a href=\"\/es\/contact-us\/?service=Entre%20Mujeres#contact-us\" target=\"_self\">Entre Mujeres<\/a><\/h2><p>Entre Mujeres es un programa de servicio comunitario que ofrece a las mujeres hispanas un espacio donde pueden compartir y aprender en comunidad con otras mujeres. En este grupo, las mujeres discuten temas de inter\u00e9s relacionados con la salud mental y la crianza, y ocasionalmente invitamos a oradoras invitadas para compartir informaci\u00f3n relevante sobre sus servicios.<\/p>\n<p>Actualmente contamos con un grupo que se re\u00fane una vez a la semana los jueves de 9:00 a. m. a 10:15 a. m. en la Biblioteca P\u00fablica de Spring Valley. \u00a1Entre Mujeres es gratis!<\/p>\n<p>Informaci\u00f3n de contacto: Maritza G\u00f3mez, <a href=\"mailto:mgomez@vcs-inc.org\">mgomez@vcs-inc.org<\/a><\/p>\n\t\t\t<a href=\"\/es\/contact-us\/?service=Entre%20Mujeres#contact-us\" target=\"_self\">\n\t\t\t\t\t\t\tCont\u00e1ctanos\n\t\t\t\t\t<\/a>\n\t\t\t\t<img decoding=\"async\" src=\"https:\/\/vcs-inc.org\/wp-content\/uploads\/2025\/07\/joel-muniz-KodMXENNaas-unsplash-1-scaled.jpg\" alt=\"decorative image: a group of women posing for a photo\" itemprop=\"image\" height=\"2560\" width=\"1707\" title=\"joel-muniz-KodMXENNaas-unsplash (1)\" onerror=\"this.style.display='none'\" loading=\"lazy\" \/>\n\t\t\t\t<img decoding=\"async\" src=\"https:\/\/vcs-inc.org\/wp-content\/uploads\/2025\/07\/jeferson-santu-vh8T3QwFPkk-unsplash-scaled.jpg\" alt=\"decorative image: an older gentleman with glasses holding a young child up to his face\" itemprop=\"image\" height=\"2560\" width=\"1707\" title=\"jeferson-santu-vh8T3QwFPkk-unsplash\" onerror=\"this.style.display='none'\" loading=\"lazy\" \/>\n\t\t<h2><a href=\"\/es\/contact-us\/?service=Relatives%20as%20Parents%20Program#contact-us\" target=\"_self\">Programa Familiares como Padres<\/a><\/h2><p>El Programa Familiares como Padres (RAPP) es un grupo de apoyo abierto para abuelos que cr\u00edan a sus nietos o cualquier otra persona que cr\u00ede al hijo de un familiar. El grupo es un espacio para compartir los desaf\u00edos y experiencias entre compa\u00f1eros.<\/p>\n<p>El grupo se re\u00fane el primer y tercer jueves de cada mes, de 12:00 p. m. a 1:00 p. m., en la oficina de VCS en New City. \u00a1La entrada al grupo RAPP es gratuita!<\/p>\n<p>Informaci\u00f3n de contacto: Darla Salmon, <a href=\"mailto:dsalmon@vcs-inc.org\">dsalmon@vcs-inc.org<\/a><\/p>\n\t\t\t<a href=\"\/es\/contact-us\/?service=Relatives%20as%20Parents%20Program#contact-us\" target=\"_self\">\n\t\t\t\t\t\t\tCont\u00e1ctanos\n\t\t\t\t\t<\/a>\n\t\t<h2><a href=\"\/es\/contact-us\/?service=The%20Beth%20Kipperman%20Student%20Advocacy%20Program#contact-us\" target=\"_self\">Mi hijo evita la escuela<\/a><\/h2><p>Este grupo permite a los padres de ni\u00f1os que evitan la escuela hablar sobre sus experiencias como padres y la dificultad de ayudar a sus hijos a regresar a la escuela. Dirigido por Monica Mandell (LMSW, PhD), experta en el manejo de la evitaci\u00f3n escolar, y Darla Salmon (MFT), experta en terapia familiar, los miembros del grupo exploran todos los aspectos de su experiencia. Los estudiantes tambi\u00e9n participan en el programa, con dos sesiones programadas para que hablen con otros ni\u00f1os que evitan la escuela y encuentren solidaridad y empoderamiento para regresar a la escuela.<\/p>\n<p>Elegibilidad: Cualquier familia que colabore con Monica Mandell a trav\u00e9s del Programa de Apoyo Estudiantil Beth Kipperman de VCS puede participar en este grupo. Tambi\u00e9n pueden participar familias con estudiantes de cualquier escuela de Rockland o Westchester. <a href=\"https:\/\/vcs-inc.org\/es\/services\/community-services\/the-beth-kipperman-student-advocacy-program\/\"><em>Obtenga m\u00e1s informaci\u00f3n sobre el Programa de Defensa del Estudiante en VCS.<\/em><\/a><\/p>\n<p>Nos reunimos una vez a la semana, durante una hora. Actualmente, solo se imparte en ingl\u00e9s, aunque se puede crear un grupo en espa\u00f1ol si hay inter\u00e9s.<\/p>\n<p>Precio: Hay una peque\u00f1a cuota para unirse a este grupo. Para m\u00e1s informaci\u00f3n, contacte con Monica Mandell en <a href=\"mailto:mmandell@vcs-inc.org\">mmandell@vcs-inc.org<\/a><\/p>\n\t\t\t<a href=\"\/es\/contact-us\/?service=The%20Beth%20Kipperman%20Student%20Advocacy%20Program#contact-us\" target=\"_self\">\n\t\t\t\t\t\t\tCont\u00e1ctanos\n\t\t\t\t\t<\/a>\n\t\t\t\t<img decoding=\"async\" src=\"https:\/\/vcs-inc.org\/wp-content\/uploads\/2025\/08\/marcos-paulo-prado-E3CueJYUv5A-unsplash-scaled.jpg\" alt=\"decorative image: Front of a school bus\" itemprop=\"image\" height=\"2560\" width=\"1707\" title=\"marcos-paulo-prado-E3CueJYUv5A-unsplash\" onerror=\"this.style.display='none'\" loading=\"lazy\" \/>","protected":false},"excerpt":{"rendered":"<p>Servicio de Asesoramiento Voluntario &gt; Servicios &gt; Servicios Comunitarios &gt; Grupos de Apoyo En VCS, entendemos el valor de hablar directamente con personas que pueden tener experiencias y emociones similares a las\u2026<\/p>","protected":false},"author":1,"featured_media":0,"parent":16150,"menu_order":0,"comment_status":"closed","ping_status":"closed","template":"","meta":{"_acf_changed":false,"_seopress_robots_primary_cat":"","_seopress_titles_title":"","_seopress_titles_desc":"","_seopress_robots_index":"","_price":"","_stock":"","_tribe_ticket_header":"","_tribe_default_ticket_provider":"","_tribe_ticket_capacity":"0","_ticket_start_date":"","_ticket_end_date":"","_tribe_ticket_show_description":"","_tribe_ticket_show_not_going":false,"_tribe_ticket_use_global_stock":"","_tribe_ticket_global_stock_level":"","_global_stock_mode":"","_global_stock_cap":"","_tribe_rsvp_for_event":"","_tribe_ticket_going_count":"","_tribe_ticket_not_going_count":"","_tribe_tickets_list":"[]","_tribe_ticket_has_attendee_info_fields":false,"footnotes":""},"class_list":["post-16148","page","type-page","status-publish","hentry"],"acf":[],"_links":{"self":[{"href":"https:\/\/vcs-inc.org\/es\/wp-json\/wp\/v2\/pages\/16148","targetHints":{"allow":["GET"]}}],"collection":[{"href":"https:\/\/vcs-inc.org\/es\/wp-json\/wp\/v2\/pages"}],"about":[{"href":"https:\/\/vcs-inc.org\/es\/wp-json\/wp\/v2\/types\/page"}],"author":[{"embeddable":true,"href":"https:\/\/vcs-inc.org\/es\/wp-json\/wp\/v2\/users\/1"}],"replies":[{"embeddable":true,"href":"https:\/\/vcs-inc.org\/es\/wp-json\/wp\/v2\/comments?post=16148"}],"version-history":[{"count":0,"href":"https:\/\/vcs-inc.org\/es\/wp-json\/wp\/v2\/pages\/16148\/revisions"}],"up":[{"embeddable":true,"href":"https:\/\/vcs-inc.org\/es\/wp-json\/wp\/v2\/pages\/16150"}],"wp:attachment":[{"href":"https:\/\/vcs-inc.org\/es\/wp-json\/wp\/v2\/media?parent=16148"}],"curies":[{"name":"gracias","href":"https:\/\/api.w.org\/{rel}","templated":true}]}}