{"id":16111,"date":"2025-06-17T10:10:20","date_gmt":"2025-06-17T14:10:20","guid":{"rendered":"https:\/\/vcs-inc.org\/?page_id=16111"},"modified":"2025-07-16T09:06:43","modified_gmt":"2025-07-16T13:06:43","slug":"how-can-we-help","status":"publish","type":"page","link":"https:\/\/vcs-inc.org\/es\/how-can-we-help\/","title":{"rendered":"\u00bfC\u00f3mo podemos ayudar?"},"content":{"rendered":"<h1>\n\t\t\t\u00bfC\u00f3mo podemos ayudar?\t<\/h1>\n<h2>\n\t\t\tEstoy buscando\u2026\t<\/h2>\n\t\t\t<a href=\"#pnav-work\" target=\"_self\">\n\t\t\t\t\t\t\tPara trabajar con VCS\n\t\t\t\t\t<\/a>\n\t\t\t<a href=\"#pnav-age\" target=\"_self\">\n\t\t\t\t\t\t\tPara pedir ayuda para m\u00ed o para un ser querido\n\t\t\t\t\t<\/a>\n\t\t\t<a href=\"#pnav-edu\" target=\"_self\">\n\t\t\t\t\t\t\tPara obtener informaci\u00f3n\/recursos educativos\n\t\t\t\t\t<\/a>\n<h2>\n\t\t\tTrabajar con VCS\t<\/h2>\n\t\t\t<a href=\"\/es\/services\/work-with-us\/employment-opportunities\/\" target=\"_self\">\n\t\t\t\t\t\t\tEmpleo\n\t\t\t\t\t<\/a>\n\t\t\t<a href=\"\/es\/services\/work-with-us\/graduate-student-internship-program\/\" target=\"_self\">\n\t\t\t\t\t\t\tPasant\u00eda para estudiantes de posgrado\n\t\t\t\t\t<\/a>\n\t\t\t<a href=\"#pnav-work-volunteer\" target=\"_self\">\n\t\t\t\t\t\t\tVoluntario\n\t\t\t\t\t<\/a>\n<h2>\n\t\t\tVoluntario\t<\/h2>\n\t\t\t<a href=\"\/es\/volunteer\/\" target=\"_self\">\n\t\t\t\t\t\t\tEntrenador de bienestar voluntario\n\t\t\t\t\t<\/a>\n\t\t\t<a href=\"\/es\/volunteer\/volunteer-opportunities\/\" target=\"_self\">\n\t\t\t\t\t\t\tOportunidades de voluntariado\n\t\t\t\t\t<\/a>\n<h2>\n\t\t\tEdad de la persona que busca servicios\t<\/h2>\n\t\t\t<a href=\"#pnav-age-10\" target=\"_self\">\n\t\t\t\t\t\t\t10-17\n\t\t\t\t\t<\/a>\n\t\t\t<a href=\"#pnav-age-18\" target=\"_self\">\n\t\t\t\t\t\t\t18-59\n\t\t\t\t\t<\/a>\n\t\t\t<a href=\"#pnav-age-60\" target=\"_self\">\n\t\t\t\t\t\t\t60+\n\t\t\t\t\t<\/a>\n<h2>\n\t\t\tInformaci\u00f3n y recursos educativos\t<\/h2>\n\t\t\t<a href=\"\/es\/glossary\/\" target=\"_self\">\n\t\t\t\t\t\t\tGlosario\n\t\t\t\t\t<\/a>\n\t\t\t<a href=\"\/es\/blog\/\" target=\"_self\">\n\t\t\t\t\t\t\tBlog\n\t\t\t\t\t<\/a>\n\t\t\t<a href=\"\/es\/resources\/#useful-links\" target=\"_self\">\n\t\t\t\t\t\t\tEnlaces \u00fatiles\n\t\t\t\t\t<\/a>\n<h2>\n\t\t\t10-17\t<\/h2>\n<h2>\n\t\t\tEstos son algunos de los servicios que ofrece VCS y que creemos que pueden ayudar:\t<\/h2>\n\t\t\t\t\t\t\t\t<a href=\"\/es\/talk-to-a-professional-1-on-1\/\" target=\"_self\">\n\t\t\t\t\t\t<\/a>\n\t<h2><a href=\"\/es\/talk-to-a-professional-1-on-1\/\"  target=\"_self\">Hable con un profesional 1:1<\/a><\/h2><p>En VCS, entendemos el valor de hablar directamente con alguien que te escuche y te ayude a alcanzar tus metas. Ofrecemos dos programas para que nuestros clientes accedan a apoyo personalizado: nuestra Cl\u00ednica MHOTRS (dise\u00f1ada para quienes necesitan un nivel de atenci\u00f3n m\u00e1s alto) y nuestro programa de Coaching de Bienestar (dise\u00f1ado para quienes necesitan un nivel de atenci\u00f3n m\u00e1s bajo).<\/p>\n\t\t\t<a href=\"\/es\/talk-to-a-professional-1-on-1\/\" target=\"_self\">\n\t\t\t\t\t\t\tObtenga m\u00e1s informaci\u00f3n aqu\u00ed\n\t\t\t\t\t<\/a>\n\t\t\t\t\t\t\t\t<a href=\"\/es\/build-my-skills\/\" target=\"_self\">\n\t\t\t\t\t\t<\/a>\n\t<h2><a href=\"\/es\/build-my-skills\/\"  target=\"_self\">Desarrolla mis habilidades<\/a><\/h2><p>Reconocemos el poder de centrarnos en la salud mental y el autocuidado en todo momento de nuestra vida. En lugar de centrarnos \u00fanicamente en los problemas, buscamos desarrollar nuestras habilidades y superarnos, y pasar de &quot;bueno&quot; o &quot;bien&quot; a &quot;excelente&quot;. El crecimiento y la superaci\u00f3n personal son pasos fundamentales para convertirnos en las personas que queremos ser.<\/p>\n\t\t\t<a href=\"\/es\/build-my-skills\/\" target=\"_self\">\n\t\t\t\t\t\t\tObtenga m\u00e1s informaci\u00f3n aqu\u00ed\n\t\t\t\t\t<\/a>\n\t\t\t\t\t\t\t\t<a href=\"\/es\/help-me-help-my-student\/\" target=\"_self\">\n\t\t\t\t\t\t<\/a>\n\t<h2><a href=\"\/es\/help-me-help-my-student\/\"  target=\"_self\">Ay\u00fadame a ayudar a mi estudiante<\/a><\/h2><p>Ser padres es dif\u00edcil, as\u00ed de simple. Nuestro objetivo es simplificarles la vida. Ya sea ayudando a su hijo a tener \u00e9xito en la escuela, fomentando su desarrollo y madurez mediante terapia o educ\u00e1ndolos para que aprendan nuevas t\u00e9cnicas de crianza, nuestros programas permiten a los padres prosperar con la tranquilidad de que su hijo recibe todo el apoyo que necesita.<\/p>\n\t\t\t<a href=\"\/es\/help-me-help-my-student\/\" target=\"_self\">\n\t\t\t\t\t\t\tObtenga m\u00e1s informaci\u00f3n aqu\u00ed\n\t\t\t\t\t<\/a>\n<h2>\n\t\t\t18-59\t<\/h2>\n<h2>\n\t\t\tEstos son algunos de los servicios que ofrece VCS y que creemos que pueden ayudar:\t<\/h2>\n\t\t\t\t\t\t\t\t<a href=\"\/es\/talk-to-a-professional-1-on-1\/\" target=\"_self\">\n\t\t\t\t\t\t<\/a>\n\t<h2><a href=\"\/es\/talk-to-a-professional-1-on-1\/\"  target=\"_self\">Hable con un profesional 1:1<\/a><\/h2><p>En VCS, entendemos el valor de hablar directamente con alguien que te escuche y te ayude a alcanzar tus metas. Ofrecemos dos programas para que nuestros clientes accedan a apoyo personalizado: nuestra Cl\u00ednica MHOTRS (dise\u00f1ada para quienes necesitan un nivel de atenci\u00f3n m\u00e1s alto) y nuestro programa de Coaching de Bienestar (dise\u00f1ado para quienes necesitan un nivel de atenci\u00f3n m\u00e1s bajo).<\/p>\n\t\t\t<a href=\"\/es\/talk-to-a-professional-1-on-1\/\" target=\"_self\">\n\t\t\t\t\t\t\tObtenga m\u00e1s informaci\u00f3n aqu\u00ed\n\t\t\t\t\t<\/a>\n\t\t\t\t\t\t\t\t<a href=\"\/es\/build-my-skills\/\" target=\"_self\">\n\t\t\t\t\t\t<\/a>\n\t<h2><a href=\"\/es\/build-my-skills\/\"  target=\"_self\">Desarrolla mis habilidades<\/a><\/h2><p>Reconocemos el poder de centrarnos en la salud mental y el autocuidado en todo momento de nuestra vida. En lugar de centrarnos \u00fanicamente en los problemas, buscamos desarrollar nuestras habilidades y superarnos, y pasar de &quot;bueno&quot; o &quot;bien&quot; a &quot;excelente&quot;. El crecimiento y la superaci\u00f3n personal son pasos fundamentales para convertirnos en las personas que queremos ser.<\/p>\n\t\t\t<a href=\"\/es\/build-my-skills\/\" target=\"_self\">\n\t\t\t\t\t\t\tObtenga m\u00e1s informaci\u00f3n aqu\u00ed\n\t\t\t\t\t<\/a>\n\t\t\t\t\t\t\t\t<a href=\"\/es\/talk-to-people-in-the-same-situation\/\" target=\"_self\">\n\t\t\t\t\t\t<\/a>\n\t<h2><a href=\"\/es\/talk-to-people-in-the-same-situation\/\"  target=\"_self\">Hablar con personas en la misma situaci\u00f3n<\/a><\/h2><p>Los Grupos de Apoyo te brindan un espacio para sentirte seguro y vulnerable. Puedes encontrar fortaleza compartiendo tu historia o escuchando las de otros. En nuestros Grupos de Apoyo, compartimos informaci\u00f3n confiable que ayuda a todos nuestros miembros a superar su situaci\u00f3n actual.<\/p>\n\t\t\t<a href=\"\/es\/talk-to-people-in-the-same-situation\/\" target=\"_self\">\n\t\t\t\t\t\t\tObtenga m\u00e1s informaci\u00f3n aqu\u00ed\n\t\t\t\t\t<\/a>\n\t\t\t\t\t\t\t\t<a href=\"\/es\/help-me-help-my-student\/\" target=\"_self\">\n\t\t\t\t\t\t<\/a>\n\t<h2><a href=\"\/es\/help-me-help-my-student\/\"  target=\"_self\">Ay\u00fadame a ayudar a mi estudiante<\/a><\/h2><p>Ser padres es dif\u00edcil, as\u00ed de simple. Nuestro objetivo es simplificarles la vida. Ya sea ayudando a su hijo a tener \u00e9xito en la escuela, fomentando su desarrollo y madurez mediante terapia o educ\u00e1ndolos para que aprendan nuevas t\u00e9cnicas de crianza, nuestros programas permiten a los padres prosperar con la tranquilidad de que su hijo recibe todo el apoyo que necesita.<\/p>\n\t\t\t<a href=\"\/es\/help-me-help-my-student\/\" target=\"_self\">\n\t\t\t\t\t\t\tObtenga m\u00e1s informaci\u00f3n aqu\u00ed\n\t\t\t\t\t<\/a>\n<h2>\n\t\t\t60+\t<\/h2>\n<h2>\n\t\t\tEstos son algunos de los servicios que ofrece VCS y que creemos que pueden ayudar:\t<\/h2>\n\t\t\t\t\t\t\t\t<a href=\"\/es\/talk-to-a-professional-1-on-1\/\" target=\"_self\">\n\t\t\t\t\t\t<\/a>\n\t<h2><a href=\"\/es\/talk-to-a-professional-1-on-1\/\"  target=\"_self\">Hable con un profesional 1:1<\/a><\/h2><p>En VCS, entendemos el valor de hablar directamente con alguien que te escuche y te ayude a alcanzar tus metas. Ofrecemos dos programas para que nuestros clientes accedan a apoyo personalizado: nuestra Cl\u00ednica MHOTRS (dise\u00f1ada para quienes necesitan un nivel de atenci\u00f3n m\u00e1s alto) y nuestro programa de Coaching de Bienestar (dise\u00f1ado para quienes necesitan un nivel de atenci\u00f3n m\u00e1s bajo).<\/p>\n\t\t\t<a href=\"\/es\/talk-to-a-professional-1-on-1\/\" target=\"_self\">\n\t\t\t\t\t\t\tObtenga m\u00e1s informaci\u00f3n aqu\u00ed\n\t\t\t\t\t<\/a>\n\t\t\t\t\t\t\t\t<a href=\"\/es\/build-my-skills\/\" target=\"_self\">\n\t\t\t\t\t\t<\/a>\n\t<h2><a href=\"\/es\/build-my-skills\/\"  target=\"_self\">Desarrolla mis habilidades<\/a><\/h2><p>Reconocemos el poder de centrarnos en la salud mental y el autocuidado en todo momento de nuestra vida. En lugar de centrarnos \u00fanicamente en los problemas, buscamos desarrollar nuestras habilidades y superarnos, y pasar de &quot;bueno&quot; o &quot;bien&quot; a &quot;excelente&quot;. El crecimiento y la superaci\u00f3n personal son pasos fundamentales para convertirnos en las personas que queremos ser.<\/p>\n\t\t\t<a href=\"\/es\/build-my-skills\/\" target=\"_self\">\n\t\t\t\t\t\t\tObtenga m\u00e1s informaci\u00f3n aqu\u00ed\n\t\t\t\t\t<\/a>\n\t\t\t\t\t\t\t\t<a href=\"\/es\/talk-to-people-in-the-same-situation\/\" target=\"_self\">\n\t\t\t\t\t\t<\/a>\n\t<h2><a href=\"\/es\/talk-to-people-in-the-same-situation\/\"  target=\"_self\">Hablar con personas en la misma situaci\u00f3n<\/a><\/h2><p>Los Grupos de Apoyo te brindan un espacio para sentirte seguro y vulnerable. Puedes encontrar fortaleza compartiendo tu historia o escuchando las de otros. En nuestros Grupos de Apoyo, compartimos informaci\u00f3n confiable que ayuda a todos nuestros miembros a superar su situaci\u00f3n actual.<\/p>\n\t\t\t<a href=\"\/es\/talk-to-people-in-the-same-situation\/\" target=\"_self\">\n\t\t\t\t\t\t\tObtenga m\u00e1s informaci\u00f3n aqu\u00ed\n\t\t\t\t\t<\/a>\n\t\t\t\t\t\t\t\t<a href=\"\/es\/access-services-specifically-for-older-adults\/\" target=\"_self\">\n\t\t\t\t\t\t<\/a>\n\t<h2><a href=\"\/es\/access-services-specifically-for-older-adults\/\"  target=\"_self\">Servicios de acceso espec\u00edficos para adultos mayores<\/a><\/h2><p>El Programa para Adultos Mayores de VCS atiende a personas mayores de 60 a\u00f1os en el condado de Rockland, as\u00ed como a sus familiares. Gracias a la generosa financiaci\u00f3n del condado, los servicios son completamente gratuitos para todos los participantes.<\/p>\n\t\t\t<a href=\"\/es\/access-services-specifically-for-older-adults\/\" target=\"_self\">\n\t\t\t\t\t\t\tObtenga m\u00e1s informaci\u00f3n aqu\u00ed\n\t\t\t\t\t<\/a>\n\t<a href=\"#pnav\">Reanudar<\/a>\n\t\t\t<a href=\"\/es\/contact-us\/#contact-us\" target=\"_self\">\n\t\t\t\t\t\t\tCont\u00e1ctenos\n\t\t\t\t\t<\/a>","protected":false},"excerpt":{"rendered":"<p>\u00bfC\u00f3mo podemos ayudar? Busco\u2026 Trabajar con VCS. Ayuda para m\u00ed o un ser querido. Informaci\u00f3n y recursos educativos. Trabajar con VCS. Empleo. Estudiante de posgrado. Pr\u00e1cticas. Voluntariado.<\/p>","protected":false},"author":1,"featured_media":0,"parent":0,"menu_order":0,"comment_status":"closed","ping_status":"closed","template":"","meta":{"_acf_changed":false,"_seopress_robots_primary_cat":"","_seopress_titles_title":"","_seopress_titles_desc":"","_seopress_robots_index":"","_price":"","_stock":"","_tribe_ticket_header":"","_tribe_default_ticket_provider":"","_tribe_ticket_capacity":"0","_ticket_start_date":"","_ticket_end_date":"","_tribe_ticket_show_description":"","_tribe_ticket_show_not_going":false,"_tribe_ticket_use_global_stock":"","_tribe_ticket_global_stock_level":"","_global_stock_mode":"","_global_stock_cap":"","_tribe_rsvp_for_event":"","_tribe_ticket_going_count":"","_tribe_ticket_not_going_count":"","_tribe_tickets_list":"[]","_tribe_ticket_has_attendee_info_fields":false,"footnotes":""},"class_list":["post-16111","page","type-page","status-publish","hentry"],"acf":[],"_links":{"self":[{"href":"https:\/\/vcs-inc.org\/es\/wp-json\/wp\/v2\/pages\/16111","targetHints":{"allow":["GET"]}}],"collection":[{"href":"https:\/\/vcs-inc.org\/es\/wp-json\/wp\/v2\/pages"}],"about":[{"href":"https:\/\/vcs-inc.org\/es\/wp-json\/wp\/v2\/types\/page"}],"author":[{"embeddable":true,"href":"https:\/\/vcs-inc.org\/es\/wp-json\/wp\/v2\/users\/1"}],"replies":[{"embeddable":true,"href":"https:\/\/vcs-inc.org\/es\/wp-json\/wp\/v2\/comments?post=16111"}],"version-history":[{"count":0,"href":"https:\/\/vcs-inc.org\/es\/wp-json\/wp\/v2\/pages\/16111\/revisions"}],"wp:attachment":[{"href":"https:\/\/vcs-inc.org\/es\/wp-json\/wp\/v2\/media?parent=16111"}],"curies":[{"name":"gracias","href":"https:\/\/api.w.org\/{rel}","templated":true}]}}