{"id":16107,"date":"2025-06-17T10:04:00","date_gmt":"2025-06-17T14:04:00","guid":{"rendered":"https:\/\/vcs-inc.org\/?page_id=16107"},"modified":"2025-07-16T09:31:45","modified_gmt":"2025-07-16T13:31:45","slug":"help-me-help-my-student","status":"publish","type":"page","link":"https:\/\/vcs-inc.org\/es\/help-me-help-my-student\/","title":{"rendered":"Ay\u00fadame a ayudar a mi estudiante"},"content":{"rendered":"<h1  data-animation-delay=\"0\" data-animation-duration=\"1\">\n\t\t\t\t<\/h1>\n\t<!-- Breadcrumb NavXT 7.4.1 -->\n<a property=\"item\" typeof=\"WebPage\" title=\"Vaya al Servicio de Asesoramiento Voluntario.\" href=\"https:\/\/vcs-inc.org\/es\/\">Servicio de asesoramiento voluntario<\/a><meta property=\"position\" content=\"1\"\/> &gt; Ay\u00fadame a ayudar a mi estudiante<meta property=\"url\" content=\"https:\/\/vcs-inc.org\/help-me-help-my-student\/\"\/><meta property=\"position\" content=\"2\"\/>\n\t<p>Ser padres es dif\u00edcil, as\u00ed de simple. Nuestro objetivo es simplificarle la vida. Ya sea ayudando a su hijo a tener \u00e9xito en la escuela, fomentando su desarrollo y madurez mediante terapia o educ\u00e1ndolo para que aprenda nuevas t\u00e9cnicas de crianza, contamos con diversos programas que permiten a los padres prosperar con la tranquilidad de que su hijo recibe todo el apoyo que necesita.<\/p>\n\t\t\t\t<img decoding=\"async\" src=\"https:\/\/vcs-inc.org\/wp-content\/uploads\/2025\/06\/student-advocacy.webp\" alt=\"student advocacy\" itemprop=\"image\" title=\"defensa estudiantil\" onerror=\"this.style.display='none'\" loading='lazy' \/>\n\t\t<h2><a href=\"\/es\/services\/community-services\/the-beth-kipperman-student-advocacy-program\/\" target=\"_self\">Defensa del estudiante<\/a><\/h2><p>En VCS, nuestros defensores ayudan a las familias a sentirse menos aisladas y m\u00e1s empoderadas para colaborar con su distrito escolar y obtener los servicios educativos o conductuales necesarios que mejoren el \u00e9xito acad\u00e9mico de sus estudiantes. Sabemos que el proceso puede ser confuso y abrumador para las familias, por lo que nos tomamos el tiempo para comprender plenamente qu\u00e9 puede estar afectando el acceso del estudiante al curr\u00edculo educativo.<\/p>\n\t\t\t<a href=\"\/es\/services\/community-services\/the-beth-kipperman-student-advocacy-program\/\" target=\"_self\">\n\t\t\t\t\t\t\tObtenga m\u00e1s informaci\u00f3n sobre este programa y qu\u00e9 otro apoyo podemos brindarle.\n\t\t\t\t\t<\/a>\n\t\t<h2><a href=\"\/es\/services\/mental-health-clinic\/\" target=\"_self\">Cl\u00ednicas escolares<\/a><\/h2><p>Quiz\u00e1s eso signifique encontrar los servicios adecuados para su hijo, ya que necesita apoyo profesional. Ofrecemos consejer\u00eda individualizada para estudiantes mayores de 10 a\u00f1os en las siguientes escuelas de Rockland:<\/p>\n<ul>\n<li>Escuela primaria Haverstraw<\/li>\n<li>Academia de vapor Kakiat<\/li>\n<li>Escuela secundaria Pomona<\/li>\n<li>Escuela secundaria Ramapo<\/li>\n<li>Escuela secundaria Spring Valley<\/li>\n<\/ul>\n\t\t\t<a href=\"\/es\/services\/mental-health-clinic\/\" target=\"_self\">\n\t\t\t\t\t\t\tObtenga m\u00e1s informaci\u00f3n sobre nuestra cl\u00ednica de salud mental y qu\u00e9 servicios est\u00e1n incluidos.\n\t\t\t\t\t<\/a>\n\t\t\t\t<img decoding=\"async\" src=\"https:\/\/vcs-inc.org\/wp-content\/uploads\/2025\/07\/clinic-talking-to-a-therapist.png\" alt=\"clinic - talking to a therapist\" itemprop=\"image\" title=\"Cl\u00ednica - hablar con un terapeuta\" onerror=\"this.style.display='none'\" loading='lazy' \/>\n\t\t\t\t<img decoding=\"async\" src=\"https:\/\/vcs-inc.org\/wp-content\/uploads\/2025\/06\/parenting-apart-swingset.webp\" alt=\"parenting apart - swingset\" itemprop=\"image\" title=\"Crianza separada - columpio\" onerror=\"this.style.display='none'\" loading='lazy' \/>\n\t\t<h2><a href=\"\/es\/services\/community-services\/parenting-programs\/\" target=\"_self\">Programaci\u00f3n para padres<\/a><\/h2><p>Algo que todos nos preguntamos como padres, en alg\u00fan momento, es &quot;\u00bfLo estoy haciendo bien?&quot;. No existe una gu\u00eda perfecta para la crianza, y puede ser dif\u00edcil saber si vamos por buen camino. Ofrecemos dos tipos de programas de crianza para ayudarte a sentirte m\u00e1s seguro\/a en tu crianza.<\/p>\n<p>Nuestros cursos de educaci\u00f3n para padres cubren temas fundamentales para la crianza, como el desarrollo infantil y la disciplina efectiva, a lo largo de un plan de estudios de 12 semanas.<\/p>\n<p>Nuestro Programa de Crianza Separada es \u00fatil para todos los padres que se separan, ya sea que hayan estado casados o no, y se centra en las necesidades de los ni\u00f1os durante esos momentos.<\/p>\n\t\t\t<a href=\"\/es\/services\/community-services\/parenting-programs\/\" target=\"_self\">\n\t\t\t\t\t\t\tObtenga m\u00e1s informaci\u00f3n sobre nuestros programas para padres.\n\t\t\t\t\t<\/a>","protected":false},"excerpt":{"rendered":"<p>Servicio de Consejer\u00eda Voluntaria &gt; Ay\u00fadame a ayudar a mi hijo\/a. Ser padre\/madre es dif\u00edcil, as\u00ed de simple. Nuestro objetivo es hacerte la vida m\u00e1s f\u00e1cil. Ya sea ayudando a tu hijo\/a a\u2026<\/p>","protected":false},"author":1,"featured_media":0,"parent":0,"menu_order":0,"comment_status":"closed","ping_status":"closed","template":"","meta":{"_acf_changed":false,"_seopress_robots_primary_cat":"","_seopress_titles_title":"","_seopress_titles_desc":"","_seopress_robots_index":"","_price":"","_stock":"","_tribe_ticket_header":"","_tribe_default_ticket_provider":"","_tribe_ticket_capacity":"0","_ticket_start_date":"","_ticket_end_date":"","_tribe_ticket_show_description":"","_tribe_ticket_show_not_going":false,"_tribe_ticket_use_global_stock":"","_tribe_ticket_global_stock_level":"","_global_stock_mode":"","_global_stock_cap":"","_tribe_rsvp_for_event":"","_tribe_ticket_going_count":"","_tribe_ticket_not_going_count":"","_tribe_tickets_list":"[]","_tribe_ticket_has_attendee_info_fields":false,"footnotes":""},"class_list":["post-16107","page","type-page","status-publish","hentry"],"acf":[],"_links":{"self":[{"href":"https:\/\/vcs-inc.org\/es\/wp-json\/wp\/v2\/pages\/16107","targetHints":{"allow":["GET"]}}],"collection":[{"href":"https:\/\/vcs-inc.org\/es\/wp-json\/wp\/v2\/pages"}],"about":[{"href":"https:\/\/vcs-inc.org\/es\/wp-json\/wp\/v2\/types\/page"}],"author":[{"embeddable":true,"href":"https:\/\/vcs-inc.org\/es\/wp-json\/wp\/v2\/users\/1"}],"replies":[{"embeddable":true,"href":"https:\/\/vcs-inc.org\/es\/wp-json\/wp\/v2\/comments?post=16107"}],"version-history":[{"count":0,"href":"https:\/\/vcs-inc.org\/es\/wp-json\/wp\/v2\/pages\/16107\/revisions"}],"wp:attachment":[{"href":"https:\/\/vcs-inc.org\/es\/wp-json\/wp\/v2\/media?parent=16107"}],"curies":[{"name":"gracias","href":"https:\/\/api.w.org\/{rel}","templated":true}]}}