{"id":16102,"date":"2025-06-17T09:55:17","date_gmt":"2025-06-17T13:55:17","guid":{"rendered":"https:\/\/vcs-inc.org\/?page_id=16102"},"modified":"2025-06-17T09:57:54","modified_gmt":"2025-06-17T13:57:54","slug":"access-services-specifically-for-older-adults","status":"publish","type":"page","link":"https:\/\/vcs-inc.org\/es\/access-services-specifically-for-older-adults\/","title":{"rendered":"Servicios de acceso espec\u00edficos para adultos mayores"},"content":{"rendered":"<!-- Breadcrumb NavXT 7.4.1 -->\n<a property=\"item\" typeof=\"WebPage\" title=\"Vaya al Servicio de Asesoramiento Voluntario.\" href=\"https:\/\/vcs-inc.org\/es\/\">Servicio de asesoramiento voluntario<\/a><meta property=\"position\" content=\"1\"\/> &gt; Servicios de acceso espec\u00edficos para adultos mayores<meta property=\"url\" content=\"https:\/\/vcs-inc.org\/access-services-specifically-for-older-adults\/\"\/><meta property=\"position\" content=\"2\"\/>\n\t<p>El Programa para Adultos Mayores de VCS atiende a personas mayores de 60 a\u00f1os en el Condado de Rockland, as\u00ed como a sus familiares. Gracias a la generosa financiaci\u00f3n del Condado, \u00a1los servicios son completamente gratuitos para todos los participantes! Los dos servicios principales son la consejer\u00eda individual (aparte de nuestros programas de Cl\u00ednica y Coaching de Bienestar) y los grupos de apoyo. Actualmente, no realizamos visitas domiciliarias en este programa.<\/p>\n\t\t<h2>\t\n\tAsesoramiento personalizado<\/h2><p>En VCS, entendemos que con el envejecimiento se producen cambios en nuestro cuerpo, nuestra mente, nuestras circunstancias y en quienes nos rodean. Estos cambios pueden ser dif\u00edciles de afrontar o de comprender, por eso existe este programa.<\/p>\n<p>Este programa atiende a residentes adultos mayores del condado de Rockland que se beneficiar\u00edan de hablar sobre sus inquietudes relacionadas con la edad con un consejero capacitado. Las sesiones individuales de consejer\u00eda pueden ser presenciales, virtuales o en lugares p\u00fablicos como un parque, una biblioteca, etc.<\/p>\n\t\t<h2>\t\n\tGrupos de apoyo \u2013 Grupo de apoyo para cuidadores<\/h2><p>Los Grupos de Apoyo para Cuidadores de VCS ofrecen recursos a quienes cuidan a otro adulto. El grupo es un espacio seguro para compartir consejos, recursos y estrategias con otras personas que comparten la misma funci\u00f3n, as\u00ed como para hablar abiertamente sobre sus experiencias.<\/p>\n<p>Actualmente, el grupo se re\u00fane solo una vez por semana, pero cons\u00faltelo con frecuencia porque se agregan nuevos grupos constantemente. El grupo se re\u00fane los mi\u00e9rcoles de 11:00 a. m. a 12:00 p. m. en la oficina de VCS en New City, \u00a1y la entrada es gratuita!<\/p>\n\t\t\t<a href=\"\" target=\"_self\">\n\t\t\t\t\t\t\tGrupo de apoyo para el envejecimiento\n\t\t\t\t\t<\/a>","protected":false},"excerpt":{"rendered":"<p>Servicio de asesoramiento voluntario &gt; Servicios de acceso espec\u00edficamente para adultos mayores El Programa para Adultos Mayores de VCS atiende a personas en el condado de Rockland mayores de 60 a\u00f1os, as\u00ed como a sus\u2026<\/p>","protected":false},"author":1,"featured_media":0,"parent":0,"menu_order":0,"comment_status":"closed","ping_status":"closed","template":"","meta":{"_acf_changed":false,"_seopress_robots_primary_cat":"","_seopress_titles_title":"","_seopress_titles_desc":"","_seopress_robots_index":"","_price":"","_stock":"","_tribe_ticket_header":"","_tribe_default_ticket_provider":"","_tribe_ticket_capacity":"0","_ticket_start_date":"","_ticket_end_date":"","_tribe_ticket_show_description":"","_tribe_ticket_show_not_going":false,"_tribe_ticket_use_global_stock":"","_tribe_ticket_global_stock_level":"","_global_stock_mode":"","_global_stock_cap":"","_tribe_rsvp_for_event":"","_tribe_ticket_going_count":"","_tribe_ticket_not_going_count":"","_tribe_tickets_list":"[]","_tribe_ticket_has_attendee_info_fields":false,"footnotes":""},"class_list":["post-16102","page","type-page","status-publish","hentry"],"acf":[],"_links":{"self":[{"href":"https:\/\/vcs-inc.org\/es\/wp-json\/wp\/v2\/pages\/16102","targetHints":{"allow":["GET"]}}],"collection":[{"href":"https:\/\/vcs-inc.org\/es\/wp-json\/wp\/v2\/pages"}],"about":[{"href":"https:\/\/vcs-inc.org\/es\/wp-json\/wp\/v2\/types\/page"}],"author":[{"embeddable":true,"href":"https:\/\/vcs-inc.org\/es\/wp-json\/wp\/v2\/users\/1"}],"replies":[{"embeddable":true,"href":"https:\/\/vcs-inc.org\/es\/wp-json\/wp\/v2\/comments?post=16102"}],"version-history":[{"count":0,"href":"https:\/\/vcs-inc.org\/es\/wp-json\/wp\/v2\/pages\/16102\/revisions"}],"wp:attachment":[{"href":"https:\/\/vcs-inc.org\/es\/wp-json\/wp\/v2\/media?parent=16102"}],"curies":[{"name":"gracias","href":"https:\/\/api.w.org\/{rel}","templated":true}]}}