{"id":16088,"date":"2025-06-17T09:34:07","date_gmt":"2025-06-17T13:34:07","guid":{"rendered":"https:\/\/vcs-inc.org\/?page_id=16088"},"modified":"2025-07-16T09:25:38","modified_gmt":"2025-07-16T13:25:38","slug":"build-my-skills","status":"publish","type":"page","link":"https:\/\/vcs-inc.org\/es\/build-my-skills\/","title":{"rendered":"Desarrolla mis habilidades"},"content":{"rendered":"<h1  data-animation-delay=\"0\" data-animation-duration=\"1\">\n\t\t\t\t<\/h1>\n\t<!-- Breadcrumb NavXT 7.4.1 -->\n<a property=\"item\" typeof=\"WebPage\" title=\"Vaya al Servicio de Asesoramiento Voluntario.\" href=\"https:\/\/vcs-inc.org\/es\/\">Servicio de asesoramiento voluntario<\/a><meta property=\"position\" content=\"1\"\/> &gt; Desarrollar mis habilidades<meta property=\"url\" content=\"https:\/\/vcs-inc.org\/build-my-skills\/\"\/><meta property=\"position\" content=\"2\"\/>\n\t\t<h2>Construyendo a trav\u00e9s del autocuidado<\/h2><p>Para muchos, cuando escuchamos &quot;servicios de salud mental&quot;, autom\u00e1ticamente pensamos en terapia o en tratar una afecci\u00f3n o enfermedad para recuperarnos. A menudo nos ense\u00f1an a pensar solo en nuestra salud mental y bienestar cuando algo no va bien.<\/p>\n<p>En VCS, sin embargo, comprendemos el poder de enfocarnos en la salud mental y el autocuidado en todo momento de nuestras vidas. En lugar de solo abordar la ra\u00edz de nuestros problemas, tambi\u00e9n buscamos desarrollar nuestras habilidades y superarnos, y pasar de &quot;bueno&quot; o &quot;bien&quot; a &quot;excelente&quot;. El crecimiento y la superaci\u00f3n personal son pasos fundamentales para convertirnos en las personas que queremos ser.<\/p>\n\t\t\t\t<img decoding=\"async\" src=\"https:\/\/vcs-inc.org\/wp-content\/uploads\/2025\/06\/wellness-coaching-stairs-to-success-300x300.webp\" alt=\"wellness coaching - stairs to success\" itemprop=\"image\" title=\"Coaching de bienestar: la escalera hacia el \u00e9xito\" onerror=\"this.style.display='none'\" loading='lazy' \/>\n\t\t<h2><a href=\"\/es\/services\/community-services\/wellness-coaching\/\" target=\"_self\">Desarrollo de habilidades a trav\u00e9s del coaching de bienestar<\/a><\/h2><p>Nuestro programa de Coaching de Bienestar est\u00e1 dise\u00f1ado para ayudarte a lograrlo. Reconocemos que el poder para alcanzar tus metas ya est\u00e1 en ti, y quiz\u00e1s solo necesites a alguien que te ayude a descubrirlo. Nuestros coaches voluntarios capacitados te guiar\u00e1n hacia un mayor \u00e9xito, sea cual sea tu objetivo. Ya sea que busques dar el siguiente paso en tu carrera, tengas una relaci\u00f3n que te gustar\u00eda mejorar o finalmente quieras cumplir ese prop\u00f3sito de A\u00f1o Nuevo, estamos aqu\u00ed para ayudarte.<\/p>\n\t\t\t<a href=\"\/es\/services\/community-services\/wellness-coaching\/\" target=\"_self\">\n\t\t\t\t\t\t\tM\u00e1s informaci\u00f3n\n\t\t\t\t\t<\/a>\n\t\t\n\t\t<p>\u00bfNo est\u00e1s seguro de la diferencia entre nuestro Coaching de Bienestar y nuestra Cl\u00ednica? Haz clic aqu\u00ed para saber m\u00e1s.<\/p>\n\t\t\t<a href=\"\/es\/talk-to-a-professional-1-on-1\/\" target=\"_self\">\n\t\t\t\t\t\t\tM\u00e1s informaci\u00f3n\n\t\t\t\t\t<\/a>\n\t\t\n\t\t<p>\u00a1Obt\u00e9n m\u00e1s informaci\u00f3n sobre Coaching de Bienestar y reg\u00edstrate hoy mismo!<\/p>\n\t\t\t<a href=\"\/es\/services\/community-services\/wellness-coaching\/\" target=\"_self\">\n\t\t\t\t\t\t\tM\u00e1s informaci\u00f3n\n\t\t\t\t\t<\/a>\n\t\t\t\t<img decoding=\"async\" src=\"https:\/\/vcs-inc.org\/wp-content\/uploads\/2025\/06\/parent-education-parent-and-child.webp\" alt=\"parent education - parent and child\" itemprop=\"image\" title=\"educaci\u00f3n para padres - padres e hijos\" onerror=\"this.style.display='none'\" loading='lazy' \/>\n\t\t<h2><a href=\"\/es\/services\/community-services\/parenting-programs\/\" target=\"_self\">Habilidades para padres<\/a><\/h2>El programa de Educaci\u00f3n para Padres de VCS tambi\u00e9n se esfuerza por ayudarte a alcanzar tu m\u00e1ximo potencial en un programa creado exclusivamente para padres y cuidadores. Con programas dise\u00f1ados para hombres y mujeres, nuestros instructores cubren temas fundamentales de crianza y te ayudan a desarrollar confianza en la crianza de tus hijos.<br \/>\nNuestro Programa de Crianza Separada est\u00e1 dise\u00f1ado para padres que cr\u00edan a sus hijos por separado y es \u00fatil para todos los padres que se separan, ya sea que hayan estado casados o no, y se centra en las necesidades de los ni\u00f1os durante esos momentos.\n\t\t\t<a href=\"\/es\/services\/community-services\/parenting-programs\/\" target=\"_self\">\n\t\t\t\t\t\t\tM\u00e1s informaci\u00f3n\n\t\t\t\t\t<\/a>\n\t\t\t\t<a href=\"\/es\/services\/community-services\/parenting-programs\/\"  target=\"_self\" itemprop=\"url\">\n\t\t\t\t<img decoding=\"async\" src=\"https:\/\/vcs-inc.org\/wp-content\/uploads\/2025\/07\/Untitled-1350-x-1080-px-512-x-512-px-1.png\" alt=\"Untitled (1350 x 1080 px) (512 x 512 px) (1)\" itemprop=\"image\" height=\"512\" width=\"512\" title=\"Sin t\u00edtulo (1350 x 1080 px) (512 x 512 px) (1)\" onerror=\"this.style.display='none'\" loading='lazy' \/>\n\t\t\t\t<\/a>\n<p>Obtenga m\u00e1s informaci\u00f3n sobre nuestros programas para padres aqu\u00ed<\/p>\n\t\t\t<a href=\"\/es\/services\/community-services\/parenting-programs\/\" target=\"_self\">\n\t\t\t\t\t\t\tM\u00e1s informaci\u00f3n\n\t\t\t\t\t<\/a>","protected":false},"excerpt":{"rendered":"<p>Servicio de asesoramiento voluntario &gt; Desarrolle mis habilidades Desarrollando mis habilidades a trav\u00e9s del autocuidado Para muchos de nosotros, cuando escuchamos &quot;servicios de salud mental&quot;, autom\u00e1ticamente pensamos en terapia o en tratar una condici\u00f3n o...<\/p>","protected":false},"author":1,"featured_media":0,"parent":0,"menu_order":0,"comment_status":"closed","ping_status":"closed","template":"","meta":{"_acf_changed":false,"_seopress_robots_primary_cat":"","_seopress_titles_title":"","_seopress_titles_desc":"","_seopress_robots_index":"","_price":"","_stock":"","_tribe_ticket_header":"","_tribe_default_ticket_provider":"","_tribe_ticket_capacity":"0","_ticket_start_date":"","_ticket_end_date":"","_tribe_ticket_show_description":"","_tribe_ticket_show_not_going":false,"_tribe_ticket_use_global_stock":"","_tribe_ticket_global_stock_level":"","_global_stock_mode":"","_global_stock_cap":"","_tribe_rsvp_for_event":"","_tribe_ticket_going_count":"","_tribe_ticket_not_going_count":"","_tribe_tickets_list":"[]","_tribe_ticket_has_attendee_info_fields":false,"footnotes":""},"class_list":["post-16088","page","type-page","status-publish","hentry"],"acf":[],"_links":{"self":[{"href":"https:\/\/vcs-inc.org\/es\/wp-json\/wp\/v2\/pages\/16088","targetHints":{"allow":["GET"]}}],"collection":[{"href":"https:\/\/vcs-inc.org\/es\/wp-json\/wp\/v2\/pages"}],"about":[{"href":"https:\/\/vcs-inc.org\/es\/wp-json\/wp\/v2\/types\/page"}],"author":[{"embeddable":true,"href":"https:\/\/vcs-inc.org\/es\/wp-json\/wp\/v2\/users\/1"}],"replies":[{"embeddable":true,"href":"https:\/\/vcs-inc.org\/es\/wp-json\/wp\/v2\/comments?post=16088"}],"version-history":[{"count":0,"href":"https:\/\/vcs-inc.org\/es\/wp-json\/wp\/v2\/pages\/16088\/revisions"}],"wp:attachment":[{"href":"https:\/\/vcs-inc.org\/es\/wp-json\/wp\/v2\/media?parent=16088"}],"curies":[{"name":"gracias","href":"https:\/\/api.w.org\/{rel}","templated":true}]}}