{"id":16046,"date":"2025-06-12T08:48:02","date_gmt":"2025-06-12T12:48:02","guid":{"rendered":"https:\/\/vcs-inc.org\/?page_id=16046"},"modified":"2025-07-16T08:18:27","modified_gmt":"2025-07-16T12:18:27","slug":"talk-to-a-professional-1-on-1","status":"publish","type":"page","link":"https:\/\/vcs-inc.org\/es\/talk-to-a-professional-1-on-1\/","title":{"rendered":"Habla con un profesional individualmente"},"content":{"rendered":"<h1  data-animation-delay=\"0\" data-animation-duration=\"1\">\n\t\t\t\t<\/h1>\n\t<!-- Breadcrumb NavXT 7.4.1 -->\n<a property=\"item\" typeof=\"WebPage\" title=\"Vaya al Servicio de Asesoramiento Voluntario.\" href=\"https:\/\/vcs-inc.org\/es\/\">Servicio de asesoramiento voluntario<\/a><meta property=\"position\" content=\"1\"\/> &gt; Habla con un profesional individualmente<meta property=\"url\" content=\"https:\/\/vcs-inc.org\/talk-to-a-professional-1-on-1\/\"\/><meta property=\"position\" content=\"2\"\/>\n\t<p>En VCS, entendemos la importancia de hablar directamente con alguien que te escuche y te ayude a alcanzar tus metas. Ofrecemos dos programas para que nuestros clientes accedan a apoyo personalizado: nuestra Cl\u00ednica MHOTRS (dise\u00f1ada para quienes necesitan un nivel de atenci\u00f3n m\u00e1s alto) y nuestro programa de Coaching de Bienestar (dise\u00f1ado para quienes necesitan un nivel de atenci\u00f3n m\u00e1s bajo). A continuaci\u00f3n, puedes ver algunas de las diferencias clave entre ambos programas.<\/p>\n\t\t<h2>\u00bfA\u00fan no est\u00e1s seguro?<\/h2>\n\t\t<p>\u00a1Cont\u00e1ctanos y te ayudaremos a encontrar el programa adecuado para ti!<\/p>\n\t\t\t<a href=\"\/es\/contact-us\/\" target=\"_self\">\n\t\t\t\t\t\t\tCont\u00e1ctenos\n\t\t\t\t\t<\/a>\n\t<style>\n  .full-wellness-table-container {\n    max-width: 950px;\n    margin: 32px auto;\n    background: #fff;\n    border-radius: 18px;\n    box-shadow: 0 4px 24px rgba(0,0,0,0.08);\n    overflow: hidden;\n  }\n  .full-wellness-table {\n    width: 100%;\n    border-collapse: collapse;\n    font-family: 'Segoe UI', Arial, sans-serif;\n    font-size: 1.05em;\n  }\n  .full-wellness-table th, .full-wellness-table td {\n    padding: 18px 18px;\n    text-align: left;\n    vertical-align: top;\n  }\n  .full-wellness-table th {\n    background: #eef2f7;\n    color: #333;\n    font-size: 1.1em;\n    letter-spacing: 0.5px;\n    font-weight: 700;\n  }\n  .full-wellness-table tr:nth-child(even) td {\n    background: #f6f8fa;\n  }\n  .full-wellness-table tr:hover td {\n    background: #e0ecfb;\n    transition: background 0.2s;\n  }\n  .full-wellness-row-title {\n    font-weight: 600;\n    background: #f0f4f8;\n    color: #3461c1;\n    width: 260px;\n  }\n<\/style>\n  <table>\n    <tr>\n      \n      <th>Cl\u00ednica MHOTRS<\/th>\n      <th>Coaching de bienestar<\/th>\n    <\/tr>\n    <tr>\n      <td>Supervisi\u00f3n gubernamental<\/td>\n      <td>Oficina de Salud Mental del Estado de Nueva York<\/td>\n      <td>Sin supervisi\u00f3n gubernamental; supervisado por profesionales certificados<\/td>\n    <\/tr>\n    <tr>\n      <td>Facturaci\u00f3n, pagos y cobertura de seguros<\/td>\n      <td>Facturado a trav\u00e9s del seguro; escala m\u00f3vil seg\u00fan la necesidad, nadie fue rechazado por falta de fondos.<\/td>\n      <td>No se factura a trav\u00e9s del seguro; solo pago por cuenta propia, con tarifas reducidas disponibles en una escala m\u00f3vil.<\/td>\n    <\/tr>\n    <tr>\n      <td>Estructura y personal<\/td>\n      <td>Los clientes trabajan 1:1 con un profesional de salud mental autorizado.<\/td>\n      <td>Los clientes trabajan individualmente con un entrenador de bienestar voluntario capacitado.<\/td>\n    <\/tr>\n    <tr>\n      <td>Enfocar<\/td>\n      <td>\n        Centrarse en descubrir traumas del pasado.<br \/>\n        Centrarse en comprender las condiciones de salud mental.\n      <\/td>\n      <td>Conc\u00e9ntrese en el presente y el futuro sin sumergirse en el pasado.<\/td>\n    <\/tr>\n    <tr>\n      <td>\u00bfPara qui\u00e9n es?<\/td>\n      <td>Personas con una condici\u00f3n de salud mental diagnosticable.<\/td>\n      <td>Personas que buscan lograr una mayor satisfacci\u00f3n en la vida o crecimiento personal.<\/td>\n    <\/tr>\n    <tr>\n      <td>Nivel de atenci\u00f3n<\/td>\n      <td>Se necesita un mayor nivel de atenci\u00f3n<\/td>\n      <td>Se necesita un nivel de atenci\u00f3n m\u00e1s bajo<\/td>\n    <\/tr>\n    <tr>\n      <td>Acceso al servicio<\/td>\n      <td>Disponible en la oficina de VCS, virtualmente o en algunas escuelas.<\/td>\n      <td>Disponible en la oficina de VCS o virtualmente<\/td>\n    <\/tr>\n    <tr>\n      <td>Idiomas<\/td>\n      <td>Ingl\u00e9s, espa\u00f1ol, criollo haitiano, lenguaje de se\u00f1as<\/td>\n      <td>Ingl\u00e9s, espa\u00f1ol<\/td>\n    <\/tr>\n    <tr>\n      <td>Elegibilidad<\/td>\n      <td>A partir de 10 a\u00f1os<\/td>\n      <td>A partir de 10 a\u00f1os<\/td>\n    <\/tr>\n    <tr>\n      <td>Servicios adicionales disponibles<\/td>\n      <td>\n        Psiquiatr\u00eda, terapia de grupo, defensor\u00eda de pares adultos<br \/>\n        Salud mental escolar, apoyo familiar, defensa del estudiante\n      <\/td>\n      \n    <\/tr>\n  <\/table>\n\t<a href=\"\/es\/services\/mental-health-clinic\/\" target=\"_self\" role=\"button\" aria-label=\"Visita la p\u00e1gina de la cl\u00ednica de salud mental\">\n\t\t\t\t\t\tVisita la p\u00e1gina de la cl\u00ednica de salud mental\n\t\t\t\t\t<\/a>\n\t<a href=\"\/es\/services\/community-services\/wellness-coaching\/\" target=\"_self\" role=\"button\" aria-label=\"Visita la p\u00e1gina de coaching de bienestar\">\n\t\t\t\t\t\tVisita la p\u00e1gina de coaching de bienestar\n\t\t\t\t\t<\/a>","protected":false},"excerpt":{"rendered":"<p>Servicio de Asesor\u00eda Voluntaria &gt; Habla con un profesional personalmente. En VCS, entendemos el valor de hablar directamente con alguien que te escuche y te ayude a alcanzar tus metas. Nosotros\u2026<\/p>","protected":false},"author":1,"featured_media":0,"parent":0,"menu_order":0,"comment_status":"closed","ping_status":"closed","template":"","meta":{"_acf_changed":false,"_seopress_robots_primary_cat":"","_seopress_titles_title":"","_seopress_titles_desc":"","_seopress_robots_index":"","_price":"","_stock":"","_tribe_ticket_header":"","_tribe_default_ticket_provider":"","_tribe_ticket_capacity":"0","_ticket_start_date":"","_ticket_end_date":"","_tribe_ticket_show_description":"","_tribe_ticket_show_not_going":false,"_tribe_ticket_use_global_stock":"","_tribe_ticket_global_stock_level":"","_global_stock_mode":"","_global_stock_cap":"","_tribe_rsvp_for_event":"","_tribe_ticket_going_count":"","_tribe_ticket_not_going_count":"","_tribe_tickets_list":"[]","_tribe_ticket_has_attendee_info_fields":false,"footnotes":""},"class_list":["post-16046","page","type-page","status-publish","hentry"],"acf":[],"_links":{"self":[{"href":"https:\/\/vcs-inc.org\/es\/wp-json\/wp\/v2\/pages\/16046","targetHints":{"allow":["GET"]}}],"collection":[{"href":"https:\/\/vcs-inc.org\/es\/wp-json\/wp\/v2\/pages"}],"about":[{"href":"https:\/\/vcs-inc.org\/es\/wp-json\/wp\/v2\/types\/page"}],"author":[{"embeddable":true,"href":"https:\/\/vcs-inc.org\/es\/wp-json\/wp\/v2\/users\/1"}],"replies":[{"embeddable":true,"href":"https:\/\/vcs-inc.org\/es\/wp-json\/wp\/v2\/comments?post=16046"}],"version-history":[{"count":0,"href":"https:\/\/vcs-inc.org\/es\/wp-json\/wp\/v2\/pages\/16046\/revisions"}],"wp:attachment":[{"href":"https:\/\/vcs-inc.org\/es\/wp-json\/wp\/v2\/media?parent=16046"}],"curies":[{"name":"gracias","href":"https:\/\/api.w.org\/{rel}","templated":true}]}}