{"id":16015,"date":"2025-06-12T05:23:23","date_gmt":"2025-06-12T09:23:23","guid":{"rendered":"https:\/\/vcs-inc.org\/?page_id=16015"},"modified":"2025-06-12T06:14:38","modified_gmt":"2025-06-12T10:14:38","slug":"history-of-vcs","status":"publish","type":"page","link":"https:\/\/vcs-inc.org\/es\/about\/history-of-vcs\/","title":{"rendered":"Historia de VCS"},"content":{"rendered":"<h1>\n\t\t\tHistoria de VCS de un vistazo 1970-2025\t<\/h1>\n\t<!-- Breadcrumb NavXT 7.4.1 -->\n<a property=\"item\" typeof=\"WebPage\" title=\"Vaya al Servicio de Asesoramiento Voluntario.\" href=\"https:\/\/vcs-inc.org\/es\/\">Servicio de asesoramiento voluntario<\/a><meta property=\"position\" content=\"1\"\/> &gt; <a property=\"item\" typeof=\"WebPage\" title=\"Vaya a Acerca de.\" href=\"https:\/\/vcs-inc.org\/es\/about\/\">Acerca de<\/a><meta property=\"position\" content=\"2\"\/> &gt; Historia de VCS<meta property=\"url\" content=\"https:\/\/vcs-inc.org\/about\/history-of-vcs\/\"\/><meta property=\"position\" content=\"3\"\/>\n\t\t\t\t\t\t\t<h2>Octubre de 1970<\/h2>\n\t\t\t\t\t\t\t<p>El &quot;Proyecto de Consejer\u00eda Familiar Voluntaria&quot; de la asociaci\u00f3n de servicios familiares del condado de Rockland fue iniciado por la Fundaci\u00f3n Ford para evaluar si un recurso inactivo del condado \u2014personas inteligentes y de buena voluntad\u2014 podr\u00eda capacitarse para asesorar a una poblaci\u00f3n desatendida: los clientes del tribunal de familia. El Dr. Stephen A. Shapiro fue nombrado director del proyecto para trabajar en conjunto con Martin Eastman, director de la Asociaci\u00f3n de Servicios Familiares. El proyecto est\u00e1 financiado por una subvenci\u00f3n decreciente de cuatro a\u00f1os y recibe $25,000 el primer a\u00f1o. La premisa es que si, despu\u00e9s de cuatro a\u00f1os, el proyecto demuestra ser valioso para la comunidad, esta lo financiar\u00e1. Se prepar\u00f3 un manual de capacitaci\u00f3n del proyecto; se realiz\u00f3 una rigurosa selecci\u00f3n de 60 candidatos; diecisiete fueron seleccionados para conformar el primer grupo de consejeros voluntarios que se someter\u00e1n a una rigurosa capacitaci\u00f3n tres veces por semana durante tres meses. Al final del per\u00edodo de capacitaci\u00f3n, al primer grupo de consejeros se le asignan treinta y cuatro casos.<\/p>\t\t\t\t\t\t\t\t\t\t\t\t\t\n\t\t\t\t\t\t\t<h2>1971<\/h2>\n\t\t\t\t\t\t\t<p>Se establece un sistema regular de derivaciones del departamento de libertad condicional y el tribunal de familia con la ayuda de John Mulholland, director de Libertad Condicional, y Jennie Tulevech y Mike Frenchak, oficiales de libertad condicional. Se inician las actividades de recaudaci\u00f3n de fondos para cumplir con las especificaciones de fondos de contrapartida de la Fundaci\u00f3n Ford para el segundo a\u00f1o del programa de demostraci\u00f3n. Se recomienda reorganizar el Proyecto como una agencia independiente.<\/p>\t\t\t\t\t\t\t\t\t\t\t\t\t\n\t\t\t\t\t\t\t<h2>1972<\/h2>\n\t\t\t\t\t\t\t<p>El Comit\u00e9 de Proyectos de la Asociaci\u00f3n de Servicios Familiares completa su tarea de meses de transformar el Proyecto en una agencia incorporada separada llamada Servicio de Asesoramiento Voluntario del Condado de Rockland, Inc. Con una exitosa recaudaci\u00f3n de fondos celebrada en la casa de Jerry y Simona Chazen y la financiaci\u00f3n del Condado de Rockland, los servicios se ampliaron con 60 consejeros voluntarios capacitados y 21 supervisores voluntarios y 2 miembros del personal contratados para ayudar al Director Ejecutivo, Stephen Shapiro.<\/p>\t\t\t\t\t\t\t\t\t\t\t\t\t\n\t\t\t\t\t\t\t<h2>1973<\/h2>\n\t\t\t\t\t\t\t<p>El n\u00famero de consejeros voluntarios aumenta a 82 y veintis\u00e9is supervisores profesionales se ofrecen como voluntarios para supervisar sus casos. La Junta Directiva de VCS realiza una evaluaci\u00f3n exhaustiva del cliente con resultados muy favorables.<\/p>\t\t\t\t\t\t\t\t\t\t\t\t\t\n\t\t\t\t\t\t\t<h2>1974<\/h2>\n\t\t\t\t\t\t\t<p>La agencia se muda de 22 New Hempstead Road a 151 South Main Street en New City para dar cabida a un programa de formaci\u00f3n de pr\u00e1cticas para estudiantes de posgrado recientemente implementado y a las numerosas demandas que se imponen al personal y a la Junta Directiva.<\/p>\t\t\t\t\t\t\t\t\t\t\t\t\t\n\t\t\t\t\t\t\t<h2>1975<\/h2>\n\t\t\t\t\t\t\t<p>Debido al crecimiento de VCS y al aumento de las demandas de la Agencia, se contrata nuevo personal y se crean grupos para padres, adolescentes, mujeres en crisis y personas sin antecedentes penales. Simona Chazen fue contratada como la primera subdirectora a tiempo completo. Al finalizar el a\u00f1o, 426 familias recibieron servicio.<\/p>\t\t\t\t\t\t\t\t\t\t\t\t\t\n\t\t\t\t\t\t\t<h2>1976 \u2013 1980<\/h2>\n\t\t\t\t\t\t\t<p>Este es un per\u00edodo de importante crecimiento y expansi\u00f3n program\u00e1tica, que vio un \u00e9nfasis emergente en la asistencia a las v\u00edctimas de violencia dom\u00e9stica, un rol m\u00e1s firme de VCS con el Tribunal de Familia y una nueva colaboraci\u00f3n con la Oficina del Condado para la Tercera Edad, enfocada en las personas mayores aisladas. Simona Chazen, en colaboraci\u00f3n con los jueces del Tribunal de Familia Howard Miller y Alfred J. Weiner, crea el Programa de Crianza Postdivorcio de VCS. Adem\u00e1s, se inicia un Programa de Alcance Corporativo y Simona Chazen, en colaboraci\u00f3n con el fiscal de distrito Kenneth Gribitz, inicia el Programa de Mediaci\u00f3n Voluntaria de VCS. Durante su d\u00e9cimo a\u00f1o de funcionamiento (1980), se atendi\u00f3 a un total de 4348 personas.<\/p>\t\t\t\t\t\t\t\t\t\t\t\t\t\n\t\t\t\t\t\t\t<h2>1981<\/h2>\n\t\t\t\t\t\t\t<p>Durante este tiempo de incertidumbre fiscal, VCS es elegida como una agencia miembro de United Way, una agencia contratada para el condado de Rockland y se consolida el papel de la agencia como experta en el campo de la violencia dom\u00e9stica.<\/p>\t\t\t\t\t\t\t\t\t\t\t\t\t\n\t\t\t\t\t\t\t<h2>1982<\/h2>\n\t\t\t\t\t\t\t<p>Los recortes presupuestarios federales y estatales obligan a VCS a adoptar un proceso de planificaci\u00f3n estrat\u00e9gica m\u00e1s aut\u00f3nomo e independiente, al tiempo que la agencia ampl\u00eda sus servicios con un mayor alcance en la comunidad a la que sirve. Gail Golden fue nombrada Directora Cl\u00ednica.<\/p>\t\t\t\t\t\t\t\t\t\t\t\t\t\n\t\t\t\t\t\t\t<h2>1983<\/h2>\n\t\t\t\t\t\t\t<p>Tres nuevos programas de capacitaci\u00f3n para consejeros generan 47 nuevos consejeros voluntarios, lo que requiere la contrataci\u00f3n de un mayor n\u00famero de supervisores voluntarios, que para finales de a\u00f1o asciende a 71. Marge Lipson es nombrada subdirectora. Phyllis B. Frank ampl\u00eda los programas de capacitaci\u00f3n para delincuentes de violencia dom\u00e9stica en todo el pa\u00eds.<\/p>\t\t\t\t\t\t\t\t\t\t\t\t\t\n\t\t\t\t\t\t\t<h2>1984<\/h2>\n\t\t\t\t\t\t\t<p>Tras la renuncia del Dr. Stephen Shapiro como Director Ejecutivo tras catorce a\u00f1os de servicio, Marjorie Lipson, CSW, fue nombrada Directora Ejecutiva Interina. La Agencia contin\u00faa consolidando su papel en el \u00e1mbito de la violencia dom\u00e9stica, organizando conferencias para hombres y mujeres.<\/p>\t\t\t\t\t\t\t\t\t\t\t\t\t\n\t\t\t\t\t\t\t<h2>1985<\/h2>\n\t\t\t\t\t\t\t<p>Marjorie Lipson fue nombrada Directora Ejecutiva. Durante su decimoquinto a\u00f1o de servicio continuo, un total de cuatro mil ciento veintisiete personas se beneficiaron de al menos un programa de VCS. Phyllis Frank fue nombrada Subdirectora de Administraci\u00f3n.<\/p>\t\t\t\t\t\t\t\t\t\t\t\t\t\n\t\t\t\t\t\t\t<h2>1986<\/h2>\n\t\t\t\t\t\t\t<p>VCS contin\u00faa expandiendo sus programas y servicios a los miembros de la comunidad necesitados e inicia el largo y arduo proceso de organizaci\u00f3n comunitaria enfocado en la tolerancia cero ante la violencia dom\u00e9stica. Durante este a\u00f1o, se atendi\u00f3 a seis mil setecientas ochenta y tres personas.<\/p>\t\t\t\t\t\t\t\t\t\t\t\t\t\n\t\t\t\t\t\t\t<h2>1987<\/h2>\n\t\t\t\t\t\t\t<p>VCS fue reconocido por muchas de sus actividades, incluyendo la primera subvenci\u00f3n empresarial de United Way en honor al programa &quot;Estr\u00e9s del clero y conflicto de roles&quot;. Se iniciaron nuevos programas para cuidadores.<\/p>\t\t\t\t\t\t\t\t\t\t\t\t\t\n\t\t\t\t\t\t\t<h2>1988<\/h2>\n\t\t\t\t\t\t\t<p>Gracias a la gran labor de defensa de VCS, el estado de Nueva York aprueba una ley que crea un flujo de financiaci\u00f3n para programas para maltratadores. Doce universidades colocan a catorce estudiantes de posgrado en pr\u00e1cticas en el Programa de Capacitaci\u00f3n de VCS. Seis mil seiscientas cuarenta y nueve personas fueron atendidas durante este a\u00f1o.<\/p>\t\t\t\t\t\t\t\t\t\t\t\t\t\n\t\t\t\t\t\t\t<h2>1989<\/h2>\n\t\t\t\t\t\t\t<p>VCS recibe una subvenci\u00f3n para apoyar al Centro de recursos para cuidadores; la 7\u00aa Conferencia anual de hombres est\u00e1 copatrocinada por Rockland Community College y VCS; VCS atiende a cuatrocientas cuarenta personas adicionales durante este a\u00f1o en comparaci\u00f3n con el a\u00f1o anterior.<\/p>\t\t\t\t\t\t\t\t\t\t\t\t\t\n\t\t\t\t\t\t\t<h2>1990<\/h2>\n\t\t\t\t\t\t\t<p>La Divisi\u00f3n de Libertad Condicional y Alternativas Correccionales del Estado de Nueva York otorga una subvenci\u00f3n de tres a\u00f1os a VCS para ampliar el servicio a los agresores y coordinar un enfoque sist\u00e9mico integral para la violencia dom\u00e9stica.<\/p>\t\t\t\t\t\t\t\t\t\t\t\t\t\n\t\t\t\t\t\t\t<h2>1991<\/h2>\n\t\t\t\t\t\t\t<p>La crisis fiscal estatal de 1991 oblig\u00f3 a diversificar las fuentes de financiaci\u00f3n. Marge Lipson y su equipo profesional iniciaron nuevos programas, manteniendo al m\u00e1ximo los programas y servicios ya existentes. Catorce estudiantes de posgrado en pr\u00e1cticas y m\u00e1s de doscientos consejeros y mediadores voluntarios prestan servicios a m\u00e1s de siete mil personas.<\/p>\t\t\t\t\t\t\t\t\t\t\t\t\t\n\t\t\t\t\t\t\t<h2>1992<\/h2>\n\t\t\t\t\t\t\t<p>Se han iniciado nuevos programas para adultos con discapacidad mental y para padres cuyos hijos se ven afectados negativamente por una separaci\u00f3n o divorcio. De nuevo, se atiende a m\u00e1s de siete mil personas.<\/p>\t\t\t\t\t\t\t\t\t\t\t\t\t\n\t\t\t\t\t\t\t<h2>1993<\/h2>\n\t\t\t\t\t\t\t<p>Se organiza un nuevo Programa de Grupos de Padres para padres que maltratan a sus hijos y a sus parejas, y se inaugura un nuevo Grupo de Madres para padres con problemas de maltrato y negligencia infantil. Este a\u00f1o se atiende a mil personas m\u00e1s que en 1992.<\/p>\t\t\t\t\t\t\t\t\t\t\t\t\t\n\t\t\t\t\t\t\t<h2>1994 \u2013 1996<\/h2>\n\t\t\t\t\t\t\t<p>Estos a\u00f1os marcan un momento cr\u00edtico para el desarrollo de VCS, tanto en lo que respecta a su imagen p\u00fablica como a la gama de programas y servicios que se est\u00e1n implementando para adultos mayores y sus familias, j\u00f3venes, sobrevivientes de c\u00e1ncer, hombres que maltratan, y en torno a temas como la prevenci\u00f3n de la violencia dom\u00e9stica, la raza y la opresi\u00f3n. Phyllis B. Frank inicia el Proyecto de Cambio Comunitario de VCS, a menudo considerado la conciencia de la agencia. Es el momento en que, bajo el liderazgo de Marge Lipson y la diligencia de la Junta Directiva, VCS adquiere su propio edificio. A finales de 1996, VCS atend\u00eda a m\u00e1s de once mil personas.<\/p>\t\t\t\t\t\t\t\t\t\t\t\t\t\n\t\t\t\t\t\t\t<h2>1997<\/h2>\n\t\t\t\t\t\t\t<p>Adem\u00e1s del aclamado Programa de Capacitaci\u00f3n de Consejeros Voluntarios de VCS, VCS se est\u00e1 convirtiendo r\u00e1pidamente en un centro de capacitaci\u00f3n para personas de todo el pa\u00eds interesadas en la lucha contra el racismo\u00a9, la programaci\u00f3n para maltratadores y las problem\u00e1ticas del heterosexismo, la homofobia y otras formas de opresi\u00f3n. Marjorie Lipson se jubila como Directora Ejecutiva tras 13 a\u00f1os de servicio excepcional.<\/p>\t\t\t\t\t\t\t\t\t\t\t\t\t\n\t\t\t\t\t\t\t<h2>1998<\/h2>\n\t\t\t\t\t\t\t<p>Deborah Cary Murnion fue nombrada tercera Directora Ejecutiva. La agencia se reorganiz\u00f3 en cuatro departamentos: Servicios de Consejer\u00eda General, Centro de Resoluci\u00f3n de Conflictos, Servicios para Adultos Mayores y sus Familias, y Proyecto de Cambio Comunitario.<\/p>\t\t\t\t\t\t\t\t\t\t\t\t\t\n\t\t\t\t\t\t\t<h2>1999<\/h2>\n\t\t\t\t\t\t\t<p>VCS Gay Pride Rockland, \u201c\u00a1No es un desfile, es un evento para todos!\u201d celebrado en Nyack; se cre\u00f3 un grupo de madres hispanohablantes en Haverstraw y se iniciaron servicios de asesoramiento LGBT.<\/p>\t\t\t\t\t\t\t\t\t\t\t\t\t\n\t\t\t\t\t\t\t<h2>2000<\/h2>\n\t\t\t\t\t\t\t<p>La agencia se reorganiz\u00f3 en tres departamentos: Servicios Cl\u00ednicos, Centro para la Resoluci\u00f3n de Conflictos y Proyecto de Cambio Comunitario; el evento anual VCS Gay Pride Rockland atrae a 800 personas y<br \/>Las presentaciones del Taller Desmantelando el Racismo se expanden a los distritos escolares locales. Gail Golden organiza una coalici\u00f3n comunitaria para analizar temas relacionados con la inmigraci\u00f3n.<\/p>\t\t\t\t\t\t\t\t\t\t\t\t\t\n\t\t\t\t\t\t\t<h2>2001<\/h2>\n\t\t\t\t\t\t\t<p>Comienza el Programa Familiares como Padres de VCS y el Departamento de Justicia de EE. UU. contin\u00faa financiando la Iniciativa de Prevenci\u00f3n de la Violencia Dom\u00e9stica de la Villa de Spring Valley, una colaboraci\u00f3n entre la Villa, el Refugio Familiar Rockland y VCS. El personal cl\u00ednico de VCS responde a la devastaci\u00f3n causada por los atentados del 11 de septiembre capacitando a m\u00e1s de 60 voluntarios en t\u00e9cnicas de consejer\u00eda para el estr\u00e9s postraum\u00e1tico y desarrollando grupos de apoyo y divulgaci\u00f3n para varias escuelas y bibliotecas. Como resultado de esta iniciativa, se completa el &quot;Proyecto VCS sobre la Historia del 11-S&quot;.<\/p>\t\t\t\t\t\t\t\t\t\t\t\t\t\n\t\t\t\t\t\t\t<h2>2002 \u2013 2005<\/h2>\n\t\t\t\t\t\t\t<p>Los nuevos programas de VCS se desarrollan en respuesta a las necesidades espec\u00edficas de la comunidad: el Proyecto Madre a Madre, el Programa de Defensa Estudiantil de Rockland y el Centro para el Desarrollo Estudiantil responden a una necesidad en el condado. Muchas iniciativas contin\u00faan y se expanden, incluyendo el Orgullo Gay de VCS en Rockland, que ofrece m\u00e1s oportunidades para que la comunidad LGBT y sus familias se re\u00fanan. Otra novedad de este a\u00f1o es la publicaci\u00f3n del Directorio de Negocios, Servicios y Organizaciones Comunitarias LGBT Friendly. Poco despu\u00e9s de la invasi\u00f3n estadounidense de Irak, VCS ofreci\u00f3 grupos de apoyo para familias con seres queridos en el ej\u00e9rcito.<\/p>\t\t\t\t\t\t\t\t\t\t\t\t\t\n\t\t\t\t\t\t\t<h2>2006<\/h2>\n\t\t\t\t\t\t\t<p>Ciento once consejeros voluntarios y estudiantes en pr\u00e1cticas ofrecen 4593 sesiones de consejer\u00eda a m\u00e1s de mil clientes. VCS renueva su tercer piso para ampliar su capacidad y atender a m\u00e1s personas. El personal de VCS completa la primera fase del trabajo colaborativo con el Centro para la Innovaci\u00f3n Judicial, un estudio nacional titulado &quot;Respuestas de los Tribunales al Incumplimiento del Programa para Agresores&quot;. El 7.\u00ba evento anual VCS Gay Pride Rockland, la 5.\u00aa Exposici\u00f3n y Venta de Arte con Jurado a Beneficio de Gay Pride Rockland, la Noche de Cabaret y la publicaci\u00f3n anual del Directorio LGBT catapultan a VCS a la fama nacional cuando The Advocate publica un art\u00edculo sobre eventos exitosos del orgullo en pueblos peque\u00f1os. La Fundaci\u00f3n Avon se une a otras fundaciones ben\u00e9ficas que apoyan el trabajo de vanguardia de VCS, especialmente para las v\u00edctimas de violencia dom\u00e9stica. VCS es una figura clave en la atenci\u00f3n a los problemas de inmigraci\u00f3n.<\/p>\t\t\t\t\t\t\t\t\t\t\t\t\t\n\t\t\t\t\t\t\t<h2>2007<\/h2>\n\t\t\t\t\t\t\t<p>United Way del Condado de Rockland otorga a VCS una Subvenci\u00f3n de Impacto Comunitario para colaborar con organizaciones comunitarias en la localidad de Spring Valley y garantizar que los residentes de esa comunidad puedan acceder f\u00e1cilmente a servicios de consejer\u00eda culturalmente competentes. VCS copatrocina el tercer Foro Anual de Inmigraci\u00f3n en Dominican College, al que asistieron m\u00e1s de 100 personas y que se centr\u00f3 en la salud de los inmigrantes. Gail Golden inicia el programa VCS &quot;Veteranos para Veteranos&quot; para responder a las necesidades de los soldados que regresan de las guerras de Irak y Afganist\u00e1n. El Programa VCS de Alternativas Positivas a la Suspensi\u00f3n Escolar se implementa en el Distrito Escolar de East Ramapo.<\/p>\t\t\t\t\t\t\t\t\t\t\t\t\t\n\t\t\t\t\t\t\t<h2>2008<\/h2>\n\t\t\t\t\t\t\t<p>VCS lanza un nuevo sitio web, www.vetsforvetsrockland.org, para apoyar la labor de los doce consejeros voluntarios del programa Vets for Vets. VCS mantiene su liderazgo en la Coalici\u00f3n STOP FEAR del Condado de Rockland, una iniciativa a nivel de condado que, desde 1986, busca establecer una tolerancia cero ante la violencia dom\u00e9stica. La &quot;gran recesi\u00f3n&quot; comienza a influir en la financiaci\u00f3n p\u00fablica y las donaciones ben\u00e9ficas.<\/p>\t\t\t\t\t\t\t\t\t\t\t\t\t\n\t\t\t\t\t\t\t<h2>2009<\/h2>\n\t\t\t\t\t\t\t<p>El programa VCS &quot;Veteranos para Veteranos&quot; presenta al Dr. Edward Tick, autor de &quot;Guerra y Alma&quot; y experto nacional en ayudar a veteranos a sanar las heridas de la guerra. El programa, celebrado en la Biblioteca de la Ciudad Nueva, atrajo a cerca de 100 personas. VCS nomina a los galardonados en 2009 como Fil\u00e1ntropos Destacados del A\u00f1o en el Condado de Rockland: Simona y Jerry Chazen. VCS celebra el 11.\u00ba aniversario del Orgullo Gay de Rockland con un evento patrocinado por Tim Gunn, famoso por &quot;Project Runway&quot;, como invitado de honor. VCS recibe una subvenci\u00f3n de la Corporaci\u00f3n para el Servicio Nacional y Comunitario para patrocinar el Programa de Abuelos de Acogida en el Condado de Rockland.<\/p>\t\t\t\t\t\t\t\t\t\t\t\t\t\n\t\t\t\t\t\t\t<h2>2010<\/h2>\n\t\t\t\t\t\t\t<p>VCS comienza su celebraci\u00f3n de un a\u00f1o por su 40\u00ba Aniversario que culmina con una Celebraci\u00f3n de Gala en honor a Simona Chazen.<\/p>\t\t\t\t\t\t\t\t\t\t\t\t\t\n\t\t\t\t\t\t\t<h2>2012<\/h2>\n\t\t\t\t\t\t\t<p>VCS se muda de su sede en 151 S Main Street a 77 S Main Street.<\/p>\t\t\t\t\t\t\t\t\t\t\t\t\t\n\t\t\t\t\t\t\t<h2>2015<\/h2>\n\t\t\t\t\t\t\t<p>VCS inaugura su Cl\u00ednica Ambulatoria de Tratamiento de Salud Mental Art\u00edculo 31 de la Oficina de Salud Mental del Estado de Nueva York en junio de 2015. A partir de julio, con tan solo dos clientes, la cl\u00ednica creci\u00f3 r\u00e1pidamente hasta atender a 136 personas y atender un total de 774 consultas durante el a\u00f1o.<\/p>\t\t\t\t\t\t\t\t\t\t\t\t\t\n\t\t\t\t\t\t\t<h2>2024<\/h2>\n\t\t\t\t\t\t\t<p>VCS crece de diversas maneras. Se capacita y contrata a especialistas en pares adultos y defensores de pares familiares para cubrir las necesidades de los servicios que se ofrecen a los clientes. El Dr. Douglas Landy se incorpora como el primer psiquiatra de tiempo completo a la Cl\u00ednica para atender a una clientela en crecimiento. Adem\u00e1s, el programa de consejer\u00eda general se renombra como Programa de Coaching de Bienestar VCS, liderado por Kristine Lopez-Morell, la primera Directora de la Divisi\u00f3n de Servicios Comunitarios de VCS. Durante el verano, se inicia la construcci\u00f3n del nuevo Jard\u00edn de Bienestar VCS.<\/p>\t\t\t\t\t\t\t\t\t\t\t\t\t\n\t\t\t\t\t\t\t<h2>2025<\/h2>\n\t\t\t\t\t\t\t<p>VCS celebra su 55.\u00ba aniversario como organizaci\u00f3n, \u00a1y la Cl\u00ednica celebra su 10.\u00ba aniversario! Se adquiere una nueva propiedad en Stokum Lane 7, ya que el edificio principal en South Main Street 77 est\u00e1 a reventar. El primer grupo de voluntarios se grad\u00faa del programa de formaci\u00f3n de Coaching de Bienestar de VCS y comienza a entrenar a sus clientes. Todo este crecimiento se celebra en la Gala de Esperanza, Sanaci\u00f3n y Crecimiento.<\/p>","protected":false},"excerpt":{"rendered":"<p>Historia de VCS de un vistazo 1970-2025 Servicio de Asesoramiento Voluntario &gt; Acerca de &gt; Historia de VCS Octubre de 1970 El \u201cProyecto de Asesoramiento Familiar Voluntario\u201d de la asociaci\u00f3n de servicios familiares del condado de Rockland\u2026<\/p>","protected":false},"author":1,"featured_media":0,"parent":17,"menu_order":0,"comment_status":"closed","ping_status":"closed","template":"","meta":{"_acf_changed":false,"_seopress_robots_primary_cat":"","_seopress_titles_title":"","_seopress_titles_desc":"","_seopress_robots_index":"","_price":"","_stock":"","_tribe_ticket_header":"","_tribe_default_ticket_provider":"","_tribe_ticket_capacity":"0","_ticket_start_date":"","_ticket_end_date":"","_tribe_ticket_show_description":"","_tribe_ticket_show_not_going":false,"_tribe_ticket_use_global_stock":"","_tribe_ticket_global_stock_level":"","_global_stock_mode":"","_global_stock_cap":"","_tribe_rsvp_for_event":"","_tribe_ticket_going_count":"","_tribe_ticket_not_going_count":"","_tribe_tickets_list":"[]","_tribe_ticket_has_attendee_info_fields":false,"footnotes":""},"class_list":["post-16015","page","type-page","status-publish","hentry"],"acf":[],"_links":{"self":[{"href":"https:\/\/vcs-inc.org\/es\/wp-json\/wp\/v2\/pages\/16015","targetHints":{"allow":["GET"]}}],"collection":[{"href":"https:\/\/vcs-inc.org\/es\/wp-json\/wp\/v2\/pages"}],"about":[{"href":"https:\/\/vcs-inc.org\/es\/wp-json\/wp\/v2\/types\/page"}],"author":[{"embeddable":true,"href":"https:\/\/vcs-inc.org\/es\/wp-json\/wp\/v2\/users\/1"}],"replies":[{"embeddable":true,"href":"https:\/\/vcs-inc.org\/es\/wp-json\/wp\/v2\/comments?post=16015"}],"version-history":[{"count":0,"href":"https:\/\/vcs-inc.org\/es\/wp-json\/wp\/v2\/pages\/16015\/revisions"}],"up":[{"embeddable":true,"href":"https:\/\/vcs-inc.org\/es\/wp-json\/wp\/v2\/pages\/17"}],"wp:attachment":[{"href":"https:\/\/vcs-inc.org\/es\/wp-json\/wp\/v2\/media?parent=16015"}],"curies":[{"name":"gracias","href":"https:\/\/api.w.org\/{rel}","templated":true}]}}