{"id":15,"date":"2024-12-30T15:49:26","date_gmt":"2024-12-30T15:49:26","guid":{"rendered":"https:\/\/vcs-inc.org\/?page_id=15"},"modified":"2026-02-11T08:52:17","modified_gmt":"2026-02-11T13:52:17","slug":"home","status":"publish","type":"page","link":"https:\/\/vcs-inc.org\/es\/","title":{"rendered":"Pagina Principal"},"content":{"rendered":"<figure data-animation-delay=\"0\" data-animation-duration=\"1.4\">\n\t\t\t\t<img decoding=\"async\" src=\"https:\/\/vcs-inc.org\/wp-content\/uploads\/2025\/10\/VCS_LOGO_2025_Symbol.png\" alt=\"VCS_LOGO_2025_Symbol\" height=\"450\" width=\"555\" title=\"S\u00edmbolo VCS_LOGO_2025\" onerror=\"this.style.display='none'\" loading=\"lazy\" \/>\n\t<\/figure>\n<h1>\n\t\t\tVCS\t<\/h1>\n\t    <div id=\"rotating_text_69df13a38e7bf\" class=\"rotating-text-wrapper\"\r\n         data-messages=\"Become a Volunteer Wellness Coach!,Enroll in Parenting Classes Today!,End the Stigma Around Mental Health!\" data-speed=\"3200\"><\/div>\r\n    \n\t<p>VCS empodera a las personas a trav\u00e9s de asesoramiento compasivo y culturalmente sensible y servicios cl\u00ednicos que son accesibles y asequibles; fomentando la esperanza y una comunidad m\u00e1s saludable y resiliente.<\/p>\n\t\t\t<a href=\"\/es\/how-can-we-help\/\"  target=\"_self\">\n\t\t\t\t\t\t\t\u00bfC\u00f3mo podemos ayudar?\n\t\t\t\t\t<\/a>\n\t\t<figure>\n\t\t\t\t<img decoding=\"async\" src=\"https:\/\/vcs-inc.org\/wp-content\/uploads\/2025\/10\/VCS_LOGO_2025_Symbol.png\" alt=\"VCS_LOGO_2025_Symbol\" height=\"450\" width=\"555\" title=\"S\u00edmbolo VCS_LOGO_2025\" onerror=\"this.style.display='none'\" loading=\"lazy\" \/>\n\t<\/figure>\n<h2>Servicios VCS<\/h2><p>Ya sea que est\u00e9 buscando un tratamiento individualizado, capacitaci\u00f3n profesional, entrenamiento no cl\u00ednico o apoyo entre pares, VCS est\u00e1 aqu\u00ed para guiarlo y empoderarlo en cada paso del camino.<\/p>\n\t\t\t\t\t\t\t<a href=\"\/es\/services\/mental-health-clinic\/\" target=\"_self\">\n\t\t\t\t\t\t\t\t\t\t<h3>Cl\u00ednica<\/h3>\n\t\t\t\t\t\t\t\t<\/a>\n\t\t\t\t\t\t\t\t\t<a href=\"\/es\/services\/work-with-us\/\" target=\"_self\">\n\t\t\t\t\t\t\t\t\t\t<h3>Trabaja con nosotros<\/h3>\n\t\t\t\t\t\t\t\t<\/a>\n\t\t\t\t\t\t\t\t\t<a href=\"\/es\/services\/community-services\/\" target=\"_self\">\n\t\t\t\t\t\t\t\t\t\t<h3>Servicios comunitarios<\/h3>\n\t\t\t\t\t\t\t\t<\/a>\n\t\t\t\t\t\t\t\t\t<a href=\"\/es\/volunteer\/\" target=\"_self\">\n\t\t\t\t\t\t\t\t\t\t<h3>Voluntario<\/h3>\n\t\t\t\t\t\t\t\t<\/a>\n\t\t\t<a href=\"\/es\/services\/\"  target=\"_self\">\n\t\t\t\t\t\t\tVer todos los servicios\n\t\t\t\t\t<\/a>\n<h2>\n\t\t\tAhora anunciando en VCS\u2026\t<\/h2>\n\t<h3 data-node=\"ardbh9c3kpi1\">Despierta: tu voz, tu historia<\/h3>\n<h4 data-node=\"o7ti4gl258hy\">Di tu verdad<\/h4>\n<h4 data-node=\"o7ti4gl258hy\">Honra tu cuerpo.<\/h4>\n<h4 data-node=\"o7ti4gl258hy\">Defiende tus l\u00edmites.<\/h4>\n<p>Un curso poderoso para mujeres listas para recuperar su espacio, silenciar sus dudas y construir una vida desde dentro. Presentado mediante una combinaci\u00f3n de autoconciencia, herramientas pr\u00e1cticas y reflexi\u00f3n guiada.<\/p>\n<p>Este grupo ense\u00f1ar\u00e1 habilidades para:<\/p>\n\t\t\t<a href=\"https:\/\/vcs-inc.org\/es\/own-it\/\"  target=\"_self\">\n\t\t\t\t\t\t\t\u00a1Obtenga m\u00e1s informaci\u00f3n y reg\u00edstrese hoy mismo!\n\t\t\t\t\t<\/a>\n<figure>\n\t\t\t\t<img decoding=\"async\" src=\"https:\/\/vcs-inc.org\/wp-content\/uploads\/2025\/06\/VCS-About.webp\" alt=\"group of people holding hands in front of a setting sun\" height=\"743\" width=\"1272\" title=\"VCS-Acerca de\" onerror=\"this.style.display='none'\" loading=\"lazy\" \/>\n\t<\/figure>\n<h2>\n\t\t\tAcerca de VCS\t<\/h2>\n\t<p>Desde 1970, VCS ha brindado servicios de salud mental accesibles y asequibles a los residentes del condado de Rockland y del estado de Nueva York. Desde sus humildes inicios como una operaci\u00f3n dirigida exclusivamente por voluntarios, VCS ha evolucionado con los a\u00f1os para satisfacer mejor las necesidades de nuestra comunidad.<\/p>\n\t\t\t<a href=\"\/es\/about\/\"  target=\"_self\">\n\t\t\t\t\t\t\tM\u00e1s informaci\u00f3n\n\t\t\t<\/a>\n<h2>\n\t\t\tAcabemos Con el Estigma de la Salud Mental\t<\/h2>\n\t<p>Entendemos que, durante mucho tiempo, hablar sobre problemas de salud mental y acceder a apoyo estuvo mal visto, lo que provoc\u00f3 que muchas personas no recibieran la ayuda que necesitaban o se sintieran avergonzadas por hacerlo. En VCS, nuestra misi\u00f3n es normalizar los problemas de salud mental que tantas personas experimentan y ayudarlas a sentirse c\u00f3modas al solicitar la ayuda que necesitan. Su apoyo nos ayuda a hacer realidad nuestra misi\u00f3n.<\/p>\n\t\t\t<a href=\"\/es\/donate\/\"  target=\"_self\">\n\t\t\t\t\t\t\tDonar\n\t\t\t<\/a>\n<h2>\n\t\t\tTestimonios\t<\/h2>\n\t<p>Realmente necesitaba un espacio as\u00ed, donde pudiera compartir y aprender. Ya nos hac\u00eda falta que nos trajeron pensamientos bonitos<\/p>\n<figure>\n\t\t\t\t<img decoding=\"async\" src=\"https:\/\/lite.demos.wpbeaverbuilder.com\/wp-content\/uploads\/sites\/28\/2020\/02\/photo-1558403194-611308249627-1-768x768-4.jpg\" alt=\"\" onerror=\"this.style.display='none'\" loading=\"lazy\" \/>\n\t<\/figure>\n\t<p><strong>Cliente de Entre Mujeres<\/strong><\/p>\n\t<p>El solo hecho de poder hablar y que mi consejero escuche y valide lo que estoy diciendo significa mucho para m\u00ed.<\/p>\n<figure>\n\t\t\t\t<img decoding=\"async\" src=\"https:\/\/lite.demos.wpbeaverbuilder.com\/wp-content\/uploads\/sites\/28\/2020\/02\/photo-1552664730-d307ca884978-768x768-4.jpg\" alt=\"\" onerror=\"this.style.display='none'\" loading=\"lazy\" \/>\n\t<\/figure>\n\t<p><strong>Cl\u00ednica escolar<\/strong><\/p>\n\t\t\t\t\t\t<img decoding=\"async\" src=\"https:\/\/vcs-inc.org\/wp-content\/uploads\/2025\/05\/Untitled-1_0023_green-logo-300x300-1-150x150.webp\" alt=\"https:\/\/vcs-inc.org\/wp-content\/uploads\/2025\/05\/Untitled-1_0023_green-logo-300x300-1-150x150.webp\" data-no-lazy=\"1\" \/>\t\t\t\t\t\n\t\t\t\t\t\t<img decoding=\"async\" src=\"https:\/\/vcs-inc.org\/wp-content\/uploads\/2025\/05\/John-Sadowski-300x300-1-150x150.webp\" alt=\"https:\/\/vcs-inc.org\/wp-content\/uploads\/2025\/05\/John-Sadowski-300x300-1-150x150.webp\" data-no-lazy=\"1\" \/>\t\t\t\t\t\n\t\t\t\t\t\t<img decoding=\"async\" src=\"https:\/\/vcs-inc.org\/wp-content\/uploads\/2025\/05\/Atlantic-Tomorrowsofficeowler-Logo-300x300-1-150x150.jpg\" alt=\"https:\/\/vcs-inc.org\/wp-content\/uploads\/2025\/05\/Atlantic-Tomorrowsofficeowler-Logo-300x300-1-150x150.jpg\" data-no-lazy=\"1\" \/>\t\t\t\t\t\n\t\t\t\t\t\t<img decoding=\"async\" src=\"https:\/\/vcs-inc.org\/wp-content\/uploads\/2025\/05\/baord-300x300-1-150x150.webp\" alt=\"https:\/\/vcs-inc.org\/wp-content\/uploads\/2025\/05\/baord-300x300-1-150x150.webp\" data-no-lazy=\"1\" \/>\t\t\t\t\t\n\t\t\t\t\t\t<img decoding=\"async\" src=\"https:\/\/vcs-inc.org\/wp-content\/uploads\/2025\/05\/Vista-Electric-Logo-300x300-1-150x150.jpg\" alt=\"https:\/\/vcs-inc.org\/wp-content\/uploads\/2025\/05\/Vista-Electric-Logo-300x300-1-150x150.jpg\" data-no-lazy=\"1\" \/>\t\t\t\t\t\n\t\t\t\t\t\t<img decoding=\"async\" src=\"https:\/\/vcs-inc.org\/wp-content\/uploads\/2025\/05\/DGA-300x300-1-150x150.webp\" alt=\"https:\/\/vcs-inc.org\/wp-content\/uploads\/2025\/05\/DGA-300x300-1-150x150.webp\" data-no-lazy=\"1\" \/>\t\t\t\t\t\n\t\t\t\t\t\t<img decoding=\"async\" src=\"https:\/\/vcs-inc.org\/wp-content\/uploads\/2025\/05\/Getler-Gomes-Sutton-PC-Burgandy-Logo-300x300-1-150x150.jpg\" alt=\"https:\/\/vcs-inc.org\/wp-content\/uploads\/2025\/05\/Getler-Gomes-Sutton-PC-Burgandy-Logo-300x300-1-150x150.jpg\" data-no-lazy=\"1\" \/>\t\t\t\t\t\n\t\t\t\t\t\t<img decoding=\"async\" src=\"https:\/\/vcs-inc.org\/wp-content\/uploads\/2025\/07\/Andy-Kaye-logo-for-website-scroller.png\" alt=\"https:\/\/vcs-inc.org\/wp-content\/uploads\/2025\/07\/Andy-Kaye-logo-for-website-scroller.png\" data-no-lazy=\"1\" \/>\t\t\t\t\t\n\t\t\t<button>Pr\u00f3ximo<\/button>\n\t\t<button>Anterior<\/button>\n\t<p><strong>VCS<\/strong> Empodera a las personas a trav\u00e9s de asesoramiento compasivo y culturalmente sensible y servicios cl\u00ednicos que son accesibles y asequibles; fomentando la esperanza y una comunidad m\u00e1s saludable y resiliente.<\/p>\n<p>Servicios disponibles en varios idiomas. Llame para m\u00e1s informaci\u00f3n.<\/p>\n<p>845-634-5729<\/p>\n<p>VCS es una organizaci\u00f3n ben\u00e9fica 501(c)3<\/p>","protected":false},"excerpt":{"rendered":"<p>VCS empodera a las personas mediante servicios cl\u00ednicos y de consejer\u00eda compasivos y culturalmente sensibles, accesibles y asequibles; fomentando la esperanza y una comunidad m\u00e1s saludable y resiliente. \u00bfC\u00f3mo podemos ayudar? VCS\u2026<\/p>","protected":false},"author":1,"featured_media":0,"parent":0,"menu_order":0,"comment_status":"closed","ping_status":"closed","template":"","meta":{"_acf_changed":false,"_seopress_robots_primary_cat":"","_seopress_titles_title":"","_seopress_titles_desc":"","_seopress_robots_index":"","_price":"","_stock":"","_tribe_ticket_header":"","_tribe_default_ticket_provider":"","_tribe_ticket_capacity":"0","_ticket_start_date":"","_ticket_end_date":"","_tribe_ticket_show_description":"","_tribe_ticket_show_not_going":false,"_tribe_ticket_use_global_stock":"","_tribe_ticket_global_stock_level":"","_global_stock_mode":"","_global_stock_cap":"","_tribe_rsvp_for_event":"","_tribe_ticket_going_count":"","_tribe_ticket_not_going_count":"","_tribe_tickets_list":"[]","_tribe_ticket_has_attendee_info_fields":false,"footnotes":""},"class_list":["post-15","page","type-page","status-publish","hentry"],"acf":[],"_links":{"self":[{"href":"https:\/\/vcs-inc.org\/es\/wp-json\/wp\/v2\/pages\/15","targetHints":{"allow":["GET"]}}],"collection":[{"href":"https:\/\/vcs-inc.org\/es\/wp-json\/wp\/v2\/pages"}],"about":[{"href":"https:\/\/vcs-inc.org\/es\/wp-json\/wp\/v2\/types\/page"}],"author":[{"embeddable":true,"href":"https:\/\/vcs-inc.org\/es\/wp-json\/wp\/v2\/users\/1"}],"replies":[{"embeddable":true,"href":"https:\/\/vcs-inc.org\/es\/wp-json\/wp\/v2\/comments?post=15"}],"version-history":[{"count":0,"href":"https:\/\/vcs-inc.org\/es\/wp-json\/wp\/v2\/pages\/15\/revisions"}],"wp:attachment":[{"href":"https:\/\/vcs-inc.org\/es\/wp-json\/wp\/v2\/media?parent=15"}],"curies":[{"name":"gracias","href":"https:\/\/api.w.org\/{rel}","templated":true}]}}